{"id":4446,"date":"2019-06-05T10:15:07","date_gmt":"2019-06-05T08:15:07","guid":{"rendered":"https:\/\/www.levicoacque.it\/wasser-hauslieferdienst\/"},"modified":"2023-04-13T15:30:09","modified_gmt":"2023-04-13T13:30:09","slug":"wasser-hauslieferdienst","status":"publish","type":"page","link":"https:\/\/www.levicoacque.it\/de\/wasser\/wasser-hauslieferdienst\/","title":{"rendered":"Wasser-Hauslieferdienst"},"content":{"rendered":"<div class=\"wpb-content-wrapper\"><p>[vc_row dfd_bg_style=&#8220;image&#8220; dfd_parallax_style=&#8220;dfd_vertical_parallax&#8220; dfd_bg_image_new=&#8220;2480&#8243; dfd_enable_overlay=&#8220;&#8220; anchor=&#8220;casa&#8220; dfd_row_parallax=&#8220;dfd-row-parallax&#8220; css=&#8220;.vc_custom_1552306393539{padding-top: 140px !important;padding-bottom: 220px !important;background-position: center !important;background-repeat: no-repeat !important;background-size: cover !important;}&#8220;][vc_column][vc_row_inner dfd_row_responsive_enable=&#8220;dfd-row-responsive-enable&#8220; css=&#8220;.vc_custom_1552305394498{background-position: center !important;background-repeat: no-repeat !important;background-size: cover !important;}&#8220; responsive_styles=&#8220;padding_top_desktop:70|padding_bottom_desktop:220|padding_left_desktop:20|padding_right_desktop:10|padding_top_tablet:40|padding_bottom_tablet:180|padding_left_tablet:20|padding_right_tablet:5|padding_top_mobile:20|padding_bottom_mobile:120|padding_left_mobile:5|padding_right_mobile:5&#8243;][vc_column_inner width=&#8220;1\/2&#8243;]<div class=\"dfd-spacer-module\"  data-units=\"px\" data-wide_resolution=\"1280\" data-wide_size=\"20\" data-normal_resolution=\"1024\" data-normal_size=\"20\" data-tablet_resolution=\"800\" data-tablet_size=\"10\" data-mobile_resolution=\"480\" data-mobile_size=\"10\" style=\"height: 20px;\"><\/div><div class=\"dfd-heading-shortcode\"><div class=\"dfd-heading-module-wrap  text-left style_02 dfd-heading-69f1b87a33c10 dfd-disable-resposive-headings\" id=\"dfd-heading-69f1b87a33c10\" ><div class=\"inline-block\"><div class=\"dfd-heading-module\"><h4 class=\"widget-sub-title dfd-sub-title \" style=\"color: #ffffff !important; \">F\u00dcR DAS HAUS<\/h4><h1 class=\"widget-title dfd-title \" style=\"color: #ffffff !important; \">Wasser in Glasflaschen zu Hause: komfortabler, ges\u00fcnder, nachhaltiger.<\/p>\n<p><\/h1><div class=\"dfd-heading-delimiter dfd-img-lazy-load\"><\/div><\/div><\/div><\/div><script type=\"text\/javascript\">\r\n\t\t\t\t\t\t\t\t\t(function($) {\r\n\t\t\t\t\t\t\t\t\t\t$(\"head\").append(\"<style>.dfd-heading-69f1b87a33c10.dfd-heading-module-wrap .dfd-heading-module .dfd-heading-delimiter {border-bottom-style:solid;border-bottom-width:2px;width:140px;border-bottom-color:#ffffff;}.dfd-heading-69f1b87a33c10 .dfd-heading-module .widget-sub-title {margin-bottom:20px;}.dfd-heading-69f1b87a33c10.dfd-heading-module-wrap .dfd-heading-module .dfd-heading-delimiter {margin-top:15px;margin-bottom:10px;}@media (max-width: 799px){.dfd-heading-69f1b87a33c10 .dfd-title{font-size: 30px !important;line-height: 32px !important;}}<\/style>\");\r\n\t\t\t\t\t\t\t\t\t})(jQuery);\r\n\t\t\t\t\t\t\t\t<\/script><\/div><div class=\"dfd-spacer-module\"  data-units=\"px\" data-wide_resolution=\"1280\" data-wide_size=\"30\" data-normal_resolution=\"1024\" data-normal_size=\"30\" data-tablet_resolution=\"800\" data-tablet_size=\"20\" data-mobile_resolution=\"480\" data-mobile_size=\"10\" style=\"height: 30px;\"><\/div><div id=\"dfd-button-69f1b87a33d71\" class=\"dfd-button-module-wrap dfd-button-69f1b87a33d71\"><div class=\"dfd-button-module scroll_after cr-animate-gen style_1 text-left dfd-horizontal dfd-top-to-bottom dfd-button-icon-left dfd-button-icon-hover-simple\"  data-animate-type=\"transition.flipXIn\" ><a href=\"#domicilio\" rel=\"nofollow\" class=\"dfd-button-link\"><span class=\"dfd-button-inner-cover\"><span class=\"dfd-button-text-main\">Entdecken Sie mehr<\/span><\/span><\/a><\/div><script type=\"text\/javascript\">\r\n\t\t\t\t\t\t\t\t\t(function($) {$(\"head\").append(\"<style>#dfd-button-69f1b87a33d71.dfd-button-module-wrap .dfd-button-module .dfd-button-link .dfd-button-inner-cover .dfd-button-text-main, .dfd-button-69f1b87a33d71.dfd-button-module-wrap .dfd-button-module .dfd-button-link .dfd-button-inner-cover .dfd-button-text-main, .dfd-button-69f1b87a33d71.dfd-button-module-wrap .dfd-button-module .dfd-button-link .dfd-button-inner-cover .dfd-button-text-hover, #dfd-button-69f1b87a33d71.dfd-button-module-wrap .dfd-button-module .dfd-button-link .dfd-button-inner-cover .dfd-button-text-hover {padding-left: 30px;}#dfd-button-69f1b87a33d71.dfd-button-module-wrap .dfd-button-module .dfd-button-link .dfd-button-inner-cover .dfd-button-text-main, .dfd-button-69f1b87a33d71.dfd-button-module-wrap .dfd-button-module .dfd-button-link .dfd-button-inner-cover .dfd-button-text-main, .dfd-button-69f1b87a33d71.dfd-button-module-wrap .dfd-button-module .dfd-button-link .dfd-button-inner-cover .dfd-button-text-hover, #dfd-button-69f1b87a33d71.dfd-button-module-wrap .dfd-button-module .dfd-button-link .dfd-button-inner-cover .dfd-button-text-hover {padding-right: 30px;}#dfd-button-69f1b87a33d71.dfd-button-module-wrap .dfd-button-module .dfd-button-link .dfd-button-inner-cover .dfd-button-text-main,.dfd-button-69f1b87a33d71.dfd-button-module-wrap .dfd-button-module .dfd-button-link .dfd-button-inner-cover .dfd-button-text-main {color: #ffffff}#dfd-button-69f1b87a33d71.dfd-button-module-wrap .dfd-button-module .dfd-button-link .dfd-button-inner-cover,.dfd-button-69f1b87a33d71.dfd-button-module-wrap .dfd-button-module .dfd-button-link .dfd-button-border-decoration,.dfd-button-69f1b87a33d71.dfd-button-module-wrap .dfd-button-module .dfd-button-link .dfd-button-inner-cover {border-radius:1px;}#dfd-button-69f1b87a33d71.dfd-button-module-wrap .dfd-button-module:not(.style_4) .dfd-button-link .dfd-button-inner-cover:before,#dfd-button-69f1b87a33d71.dfd-button-module-wrap .dfd-button-module.style_4 .dfd-button-link .dfd-button-inner-cover:after,#dfd-button-69f1b87a33d71.dfd-button-module-wrap .dfd-button-module.style_6 .dfd-button-link .dfd-button-inner-cover .dfd-button-text-main,.dfd-button-69f1b87a33d71.dfd-button-module-wrap .dfd-button-module:not(.style_4) .dfd-button-link .dfd-button-inner-cover:before,.dfd-button-69f1b87a33d71.dfd-button-module-wrap .dfd-button-module.style_4 .dfd-button-link .dfd-button-inner-cover:after,.dfd-button-69f1b87a33d71.dfd-button-module-wrap .dfd-button-module.style_6 .dfd-button-link .dfd-button-inner-cover .dfd-button-text-main {border-style:solid;border-width:2px;border-radius:1px;border-color:#ffffff;}#dfd-button-69f1b87a33d71.dfd-button-module-wrap .dfd-button-module:not(.style_6) .dfd-button-link:hover .dfd-button-inner-cover .dfd-button-text-main,#dfd-button-69f1b87a33d71.dfd-button-module-wrap .dfd-button-module .dfd-button-link .dfd-button-inner-cover .dfd-button-text-hover,.dfd-button-69f1b87a33d71.dfd-button-module-wrap .dfd-button-module:not(.style_6) .dfd-button-link:hover .dfd-button-inner-cover .dfd-button-text-main,.dfd-button-69f1b87a33d71.dfd-button-module-wrap .dfd-button-module .dfd-button-link .dfd-button-inner-cover .dfd-button-text-hover {color: #ffffff;}#dfd-button-69f1b87a33d71.dfd-button-module-wrap .dfd-button-module .dfd-button-link:hover .dfd-button-inner-cover,.dfd-button-69f1b87a33d71.dfd-button-module-wrap .dfd-button-module .dfd-button-link:hover .dfd-button-border-decoration,.dfd-button-69f1b87a33d71.dfd-button-module-wrap .dfd-button-module .dfd-button-link:hover .dfd-button-inner-cover {border-radius:30px;}#dfd-button-69f1b87a33d71.dfd-button-module-wrap .dfd-button-module:not(.style_4) .dfd-button-link .dfd-button-inner-cover:after,#dfd-button-69f1b87a33d71.dfd-button-module-wrap .dfd-button-module.style_4 .dfd-button-link .dfd-button-inner-cover:before,#dfd-button-69f1b87a33d71.dfd-button-module-wrap .dfd-button-module .dfd-button-link .dfd-button-inner-cover .dfd-button-text-hover .dfd-button-69f1b87a33d71.dfd-button-module-wrap .dfd-button-module:not(.style_4) .dfd-button-link .dfd-button-inner-cover:after,.dfd-button-69f1b87a33d71.dfd-button-module-wrap .dfd-button-module.style_4 .dfd-button-link .dfd-button-inner-cover:before,.dfd-button-69f1b87a33d71.dfd-button-module-wrap .dfd-button-module .dfd-button-link .dfd-button-inner-cover .dfd-button-text-hover {border-style:solid;border-width:2px;border-radius:30px;border-color:#ffffff;}#dfd-button-69f1b87a33d71.dfd-button-module-wrap .dfd-button-module.style_3 .dfd-button-link:hover .dfd-button-inner-cover:before,#dfd-button-69f1b87a33d71.dfd-button-module-wrap .dfd-button-module.style_4 .dfd-button-link:hover .dfd-button-inner-cover:before,.dfd-button-69f1b87a33d71.dfd-button-module-wrap .dfd-button-module.style_3 .dfd-button-link:hover .dfd-button-inner-cover:before,.dfd-button-69f1b87a33d71.dfd-button-module-wrap .dfd-button-module.style_4 .dfd-button-link:hover .dfd-button-inner-cover:before {border-style:solid;border-width:2px;border-radius:30px;border-color:#ffffff;}#dfd-button-69f1b87a33d71.dfd-button-module-wrap .dfd-button-module .dfd-button-link .dfd-button-tooltip,.dfd-button-69f1b87a33d71.dfd-button-module-wrap .dfd-button-module .dfd-button-link .dfd-button-tooltip {color: #d6d4d4;}<\/style>\")\r\n\t\t\t\t\t\t\t\t\t})(jQuery);\r\n\t\t\t\t\t\t\t\t<\/script><\/div>[\/vc_column_inner][vc_column_inner width=&#8220;1\/2&#8243;][\/vc_column_inner][\/vc_row_inner][\/vc_column][\/vc_row][vc_row anchor=&#8220;domicilio&#8220;][vc_column]<div class=\"dfd-spacer-module\"  data-units=\"px\" data-wide_resolution=\"1280\" data-wide_size=\"60\" data-normal_resolution=\"1024\" data-normal_size=\"60\" data-tablet_resolution=\"800\" data-tablet_size=\"50\" data-mobile_resolution=\"480\" data-mobile_size=\"20\" style=\"height: 60px;\"><\/div>[vc_row_inner][vc_column_inner width=&#8220;1\/2&#8243;][vc_single_image image=&#8220;24596&#8243; img_size=&#8220;full&#8220; alignment=&#8220;center&#8220; onclick=&#8220;zoom&#8220;][\/vc_column_inner][vc_column_inner width=&#8220;1\/2&#8243;][vc_single_image image=&#8220;24593&#8243; img_size=&#8220;full&#8220; alignment=&#8220;center&#8220; onclick=&#8220;zoom&#8220;][\/vc_column_inner][\/vc_row_inner]<div class=\"dfd-spacer-module\"  data-units=\"px\" data-wide_resolution=\"1280\" data-wide_size=\"60\" data-normal_resolution=\"1024\" data-normal_size=\"60\" data-tablet_resolution=\"800\" data-tablet_size=\"50\" data-mobile_resolution=\"480\" data-mobile_size=\"20\" style=\"height: 60px;\"><\/div>[vc_column_text css_animation=&#8220;none&#8220;]Levico-Wasser kommt dank des Hauslieferdienstes direkt zu Ihnen nach Hause. In 1-Liter-Glasflaschen vertrieben, ist es in den Sorten Natural, Sprudeln und Leicht Sprudeln erh\u00e4ltlich.<\/p>\n<h4><em><strong>Warum zu Hause bestellen?<\/strong><\/em><\/h4>\n<p>Genie\u00dfen Sie das ganze Vergn\u00fcgen, reines Quellenwasser zu trinken, ohne die geringste Anstrengung zu unternehmen. Der Service von Haus zu Haus liefert die Levico-Wasserkiste direkt zu Ihnen nach Hause und holt dann die leeren Mehrweg-Glasflaschen ab.<\/p>\n<h4><em><strong>Was ist Mehrwegglas?<\/strong><\/em><\/h4>\n<p>Es ist eine Form des Recyclings, die es Ihnen erm\u00f6glicht, dem Glas neues Leben zu verleihen. Das hei\u00dft, Altglasflaschen sollten nicht in der getrennten Sammlung entsorgt werden, sondern werden an den Verteiler zur\u00fcckgegeben. Nach der Abholung zu Hause bringt er zu dem Unternehmen zur\u00fcck, das gr\u00fcndliche Reinigungszyklen durchf\u00fchrt und wiederverwendet. Es handelt sich um eine tugendhafte Praxis, die bereits in vielen geografischen Gebieten, wie Deutschland und den skandinavischen L\u00e4ndern, sowie in einigen Gebieten Italiens &#8211; Trentino S\u00fcdtirol an der Spitze &#8211; angewandt wird.<\/p>\n<h4><em><strong>Welche sind die Vorteile von Glas?<\/strong><\/em><\/h4>\n<ul>\n<li><strong>Mehr Gesundheit f\u00fcr den Verbraucher<\/strong><br \/>\nGlasflaschen erhalten die Reinheit des Wassers im Laufe der Zeit unver\u00e4ndert und ohne Verunreinigung;<\/li>\n<li><strong>Mehr Respekt vor der Umwelt<\/strong><br \/>\nGlas ist im Gegensatz zu Kunststoff zu 100% recycelbar. Ein weiterer kleiner Beitrag zum Schutz unseres Planeten und seiner Meere;<\/li>\n<li><strong>Mehr Komfort<\/strong><br \/>\nDie Glasflaschen werden tats\u00e4chlich zu Hause vom Verteiler zur\u00fcckgenommen.<\/li>\n<\/ul>\n<p>Wenn wir Sie \u00fcberzeugt haben, und Sie dem Planeten helfen wollen, suchen Sie sofort <a href=\"https:\/\/www.levicoacque.it\/rivenditori-acqua-a-domicilio\/\">nach dem n\u00e4chstgelegenen H\u00e4ndler.<\/a>[\/vc_column_text]<div class=\"dfd-spacer-module\"  data-units=\"px\" data-wide_resolution=\"1280\" data-wide_size=\"60\" data-normal_resolution=\"1024\" data-normal_size=\"60\" data-tablet_resolution=\"800\" data-tablet_size=\"50\" data-mobile_resolution=\"480\" data-mobile_size=\"20\" style=\"height: 60px;\"><\/div>[\/vc_column][\/vc_row][vc_row][vc_column][vc_raw_html]JTNDc3R5bGUlMjB0eXBlJTNEJTIydGV4dCUyRmNzcyUyMiUzRSUyMCUwQWEucmVzZWxsZXItY3RhJTIwJTdCJTBBJTIwJTIwJTIwJTIwZGlzcGxheSUzQSUyMGJsb2NrJTNCJTBBJTIwJTIwJTIwJTIwcGFkZGluZyUzQSUyMDUwcHglMjA1MHB4JTNCJTBBJTIwJTIwJTIwJTIwYm9yZGVyJTNBJTIwMnB4JTIwc29saWQlMjAlMjMwMDlhYTglM0IlMEElN0QlMEElM0MlMkZzdHlsZSUzRSUwQSUwQSUzQ2gzJTNFJTNDYSUyMHN0eWxlJTNEJTIydGV4dC1hbGlnbiUzQSUyMGNlbnRlciUzQiUyMiUyMGNsYXNzJTNEJTIycmVzZWxsZXItY3RhJTIyJTIwaHJlZiUzRCUyMiUyRnJpdmVuZGl0b3JpLWFjcXVhLWEtZG9taWNpbGlvJTJGJTIyJTNFRGVyJTIwTGV2aWNvJTIwSGF1c2xpZWZlcnNlcnZpY2UlMjBpc3QlMjBudXIlMjBpbiUyMEl0YWxpZW4lMjBtJUMzJUI2Z2xpY2guJTIwTSVDMyVCNmNodGVuJTIwU2llJTIwd2lzc2VuJTJDJTIwd2llJTIwU2llJTIwTGV2aWNvLVdhc3NlciUyMGVyaGFsdGVuJTIwayVDMyVCNm5uZW4lM0YlMjBLbGlja2VuJTIwU2llJTIwaGllciUyMG9kZXIlMjBydWZlbiUyMFNpZSUyMHVudGVyJTIwZGVyJTIwZ2ViJUMzJUJDaHJlbmZyZWllbiUyMFRlbGVmb25udW1tZXIlMjA4MDAtMjU5ODExJTIwYW4lM0MlMkZhJTNFJTNDJTJGaDMlM0UlMEE=[\/vc_raw_html][\/vc_column][\/vc_row][vc_row][vc_column]<div class=\"dfd-spacer-module\"  data-units=\"px\" data-wide_resolution=\"1280\" data-wide_size=\"60\" data-normal_resolution=\"1024\" data-normal_size=\"60\" data-tablet_resolution=\"800\" data-tablet_size=\"50\" data-mobile_resolution=\"480\" data-mobile_size=\"30\" style=\"height: 60px;\"><\/div>[\/vc_column][\/vc_row]<\/p>\n<\/div>","protected":false},"excerpt":{"rendered":"<p>[vc_row dfd_bg_style=&#8220;image&#8220; dfd_parallax_style=&#8220;dfd_vertical_parallax&#8220; dfd_bg_image_new=&#8220;2480&#8243; dfd_enable_overlay=&#8220;&#8220; anchor=&#8220;casa&#8220; dfd_row_parallax=&#8220;dfd-row-parallax&#8220; css=&#8220;.vc_custom_1552306393539{padding-top: 140px !important;padding-bottom: 220px !important;background-position: center !important;background-repeat: no-repeat !important;background-size: cover !important;}&#8220;][vc_column][vc_row_inner dfd_row_responsive_enable=&#8220;dfd-row-responsive-enable&#8220; css=&#8220;.vc_custom_1552305394498{background-position: center !important;background-repeat: no-repeat !important;background-size: cover !important;}&#8220; responsive_styles=&#8220;padding_top_desktop:70|padding_bottom_desktop:220|padding_left_desktop:20|padding_right_desktop:10|padding_top_tablet:40|padding_bottom_tablet:180|padding_left_tablet:20|padding_right_tablet:5|padding_top_mobile:20|padding_bottom_mobile:120|padding_left_mobile:5|padding_right_mobile:5&#8243;][vc_column_inner width=&#8220;1\/2&#8243;][\/vc_column_inner][vc_column_inner width=&#8220;1\/2&#8243;][\/vc_column_inner][\/vc_row_inner][\/vc_column][\/vc_row][vc_row anchor=&#8220;domicilio&#8220;][vc_column][vc_row_inner][vc_column_inner<\/p>\n","protected":false},"author":2,"featured_media":4140,"parent":4465,"menu_order":0,"comment_status":"closed","ping_status":"closed","template":"page-custom-with-header.php","meta":{"_acf_changed":false,"footnotes":""},"class_list":["post-4446","page","type-page","status-publish","has-post-thumbnail","hentry"],"acf":[],"yoast_head":"<!-- This site is optimized with the Yoast SEO plugin v27.4 - https:\/\/yoast.com\/product\/yoast-seo-wordpress\/ -->\n<title>Mineralwasser in Glasflaschen mit Hauslieferdienst | Levico Acque<\/title>\n<meta name=\"description\" content=\"Mineralwasser in Glasflaschen mit Hauslieferdienst Das Levico-Wasser ist leicht und gesund, entdecken Sie alle Dienstleistungen und finden Sie den n\u00e4chsten H\u00e4ndler.\" \/>\n<meta name=\"robots\" content=\"index, follow, max-snippet:-1, max-image-preview:large, max-video-preview:-1\" \/>\n<link rel=\"canonical\" href=\"https:\/\/www.levicoacque.it\/de\/wasser\/wasser-hauslieferdienst\/\" \/>\n<meta property=\"og:locale\" content=\"de_DE\" \/>\n<meta property=\"og:type\" content=\"article\" \/>\n<meta property=\"og:title\" content=\"Mineralwasser in Glasflaschen mit Hauslieferdienst | Levico Acque\" \/>\n<meta property=\"og:description\" content=\"Mineralwasser in Glasflaschen mit Hauslieferdienst Das Levico-Wasser ist leicht und gesund, entdecken Sie alle Dienstleistungen und finden Sie den n\u00e4chsten H\u00e4ndler.\" \/>\n<meta property=\"og:url\" content=\"https:\/\/www.levicoacque.it\/de\/wasser\/wasser-hauslieferdienst\/\" \/>\n<meta property=\"og:site_name\" content=\"Levico\" \/>\n<meta property=\"article:modified_time\" content=\"2023-04-13T13:30:09+00:00\" \/>\n<meta name=\"twitter:card\" content=\"summary_large_image\" \/>\n<meta name=\"twitter:label1\" content=\"Gesch\u00e4tzte Lesezeit\" \/>\n\t<meta name=\"twitter:data1\" content=\"2\u00a0Minuten\" \/>\n<script type=\"application\/ld+json\" class=\"yoast-schema-graph\">{\"@context\":\"https:\\\/\\\/schema.org\",\"@graph\":[{\"@type\":\"WebPage\",\"@id\":\"https:\\\/\\\/www.levicoacque.it\\\/de\\\/wasser\\\/wasser-hauslieferdienst\\\/\",\"url\":\"https:\\\/\\\/www.levicoacque.it\\\/de\\\/wasser\\\/wasser-hauslieferdienst\\\/\",\"name\":\"Mineralwasser in Glasflaschen mit Hauslieferdienst | Levico Acque\",\"isPartOf\":{\"@id\":\"https:\\\/\\\/www.levicoacque.it\\\/de\\\/#website\"},\"primaryImageOfPage\":{\"@id\":\"https:\\\/\\\/www.levicoacque.it\\\/de\\\/wasser\\\/wasser-hauslieferdienst\\\/#primaryimage\"},\"image\":{\"@id\":\"https:\\\/\\\/www.levicoacque.it\\\/de\\\/wasser\\\/wasser-hauslieferdienst\\\/#primaryimage\"},\"thumbnailUrl\":\"https:\\\/\\\/www.levicoacque.it\\\/wp-content\\\/uploads\\\/2019\\\/02\\\/a-Levico-Servizio-a-domicilio-s.jpg\",\"datePublished\":\"2019-06-05T08:15:07+00:00\",\"dateModified\":\"2023-04-13T13:30:09+00:00\",\"description\":\"Mineralwasser in Glasflaschen mit Hauslieferdienst Das Levico-Wasser ist leicht und gesund, entdecken Sie alle Dienstleistungen und finden Sie den n\u00e4chsten H\u00e4ndler.\",\"breadcrumb\":{\"@id\":\"https:\\\/\\\/www.levicoacque.it\\\/de\\\/wasser\\\/wasser-hauslieferdienst\\\/#breadcrumb\"},\"inLanguage\":\"de\",\"potentialAction\":[{\"@type\":\"ReadAction\",\"target\":[\"https:\\\/\\\/www.levicoacque.it\\\/de\\\/wasser\\\/wasser-hauslieferdienst\\\/\"]}]},{\"@type\":\"ImageObject\",\"inLanguage\":\"de\",\"@id\":\"https:\\\/\\\/www.levicoacque.it\\\/de\\\/wasser\\\/wasser-hauslieferdienst\\\/#primaryimage\",\"url\":\"https:\\\/\\\/www.levicoacque.it\\\/wp-content\\\/uploads\\\/2019\\\/02\\\/a-Levico-Servizio-a-domicilio-s.jpg\",\"contentUrl\":\"https:\\\/\\\/www.levicoacque.it\\\/wp-content\\\/uploads\\\/2019\\\/02\\\/a-Levico-Servizio-a-domicilio-s.jpg\",\"width\":1230,\"height\":772,\"caption\":\"\"},{\"@type\":\"BreadcrumbList\",\"@id\":\"https:\\\/\\\/www.levicoacque.it\\\/de\\\/wasser\\\/wasser-hauslieferdienst\\\/#breadcrumb\",\"itemListElement\":[{\"@type\":\"ListItem\",\"position\":1,\"name\":\"Home\",\"item\":\"https:\\\/\\\/www.levicoacque.it\\\/de\\\/home\\\/\"},{\"@type\":\"ListItem\",\"position\":2,\"name\":\"Wasser\",\"item\":\"https:\\\/\\\/www.levicoacque.it\\\/de\\\/wasser\\\/\"},{\"@type\":\"ListItem\",\"position\":3,\"name\":\"Wasser-Hauslieferdienst\"}]},{\"@type\":\"WebSite\",\"@id\":\"https:\\\/\\\/www.levicoacque.it\\\/de\\\/#website\",\"url\":\"https:\\\/\\\/www.levicoacque.it\\\/de\\\/\",\"name\":\"Levico\",\"description\":\"Acqua Levico, acqua minerale pura e leggerissima\",\"potentialAction\":[{\"@type\":\"SearchAction\",\"target\":{\"@type\":\"EntryPoint\",\"urlTemplate\":\"https:\\\/\\\/www.levicoacque.it\\\/de\\\/?s={search_term_string}\"},\"query-input\":{\"@type\":\"PropertyValueSpecification\",\"valueRequired\":true,\"valueName\":\"search_term_string\"}}],\"inLanguage\":\"de\"}]}<\/script>\n<!-- \/ Yoast SEO plugin. -->","yoast_head_json":{"title":"Mineralwasser in Glasflaschen mit Hauslieferdienst | Levico Acque","description":"Mineralwasser in Glasflaschen mit Hauslieferdienst Das Levico-Wasser ist leicht und gesund, entdecken Sie alle Dienstleistungen und finden Sie den n\u00e4chsten H\u00e4ndler.","robots":{"index":"index","follow":"follow","max-snippet":"max-snippet:-1","max-image-preview":"max-image-preview:large","max-video-preview":"max-video-preview:-1"},"canonical":"https:\/\/www.levicoacque.it\/de\/wasser\/wasser-hauslieferdienst\/","og_locale":"de_DE","og_type":"article","og_title":"Mineralwasser in Glasflaschen mit Hauslieferdienst | Levico Acque","og_description":"Mineralwasser in Glasflaschen mit Hauslieferdienst Das Levico-Wasser ist leicht und gesund, entdecken Sie alle Dienstleistungen und finden Sie den n\u00e4chsten H\u00e4ndler.","og_url":"https:\/\/www.levicoacque.it\/de\/wasser\/wasser-hauslieferdienst\/","og_site_name":"Levico","article_modified_time":"2023-04-13T13:30:09+00:00","twitter_card":"summary_large_image","twitter_misc":{"Gesch\u00e4tzte Lesezeit":"2\u00a0Minuten"},"schema":{"@context":"https:\/\/schema.org","@graph":[{"@type":"WebPage","@id":"https:\/\/www.levicoacque.it\/de\/wasser\/wasser-hauslieferdienst\/","url":"https:\/\/www.levicoacque.it\/de\/wasser\/wasser-hauslieferdienst\/","name":"Mineralwasser in Glasflaschen mit Hauslieferdienst | Levico Acque","isPartOf":{"@id":"https:\/\/www.levicoacque.it\/de\/#website"},"primaryImageOfPage":{"@id":"https:\/\/www.levicoacque.it\/de\/wasser\/wasser-hauslieferdienst\/#primaryimage"},"image":{"@id":"https:\/\/www.levicoacque.it\/de\/wasser\/wasser-hauslieferdienst\/#primaryimage"},"thumbnailUrl":"https:\/\/www.levicoacque.it\/wp-content\/uploads\/2019\/02\/a-Levico-Servizio-a-domicilio-s.jpg","datePublished":"2019-06-05T08:15:07+00:00","dateModified":"2023-04-13T13:30:09+00:00","description":"Mineralwasser in Glasflaschen mit Hauslieferdienst Das Levico-Wasser ist leicht und gesund, entdecken Sie alle Dienstleistungen und finden Sie den n\u00e4chsten H\u00e4ndler.","breadcrumb":{"@id":"https:\/\/www.levicoacque.it\/de\/wasser\/wasser-hauslieferdienst\/#breadcrumb"},"inLanguage":"de","potentialAction":[{"@type":"ReadAction","target":["https:\/\/www.levicoacque.it\/de\/wasser\/wasser-hauslieferdienst\/"]}]},{"@type":"ImageObject","inLanguage":"de","@id":"https:\/\/www.levicoacque.it\/de\/wasser\/wasser-hauslieferdienst\/#primaryimage","url":"https:\/\/www.levicoacque.it\/wp-content\/uploads\/2019\/02\/a-Levico-Servizio-a-domicilio-s.jpg","contentUrl":"https:\/\/www.levicoacque.it\/wp-content\/uploads\/2019\/02\/a-Levico-Servizio-a-domicilio-s.jpg","width":1230,"height":772,"caption":""},{"@type":"BreadcrumbList","@id":"https:\/\/www.levicoacque.it\/de\/wasser\/wasser-hauslieferdienst\/#breadcrumb","itemListElement":[{"@type":"ListItem","position":1,"name":"Home","item":"https:\/\/www.levicoacque.it\/de\/home\/"},{"@type":"ListItem","position":2,"name":"Wasser","item":"https:\/\/www.levicoacque.it\/de\/wasser\/"},{"@type":"ListItem","position":3,"name":"Wasser-Hauslieferdienst"}]},{"@type":"WebSite","@id":"https:\/\/www.levicoacque.it\/de\/#website","url":"https:\/\/www.levicoacque.it\/de\/","name":"Levico","description":"Acqua Levico, acqua minerale pura e leggerissima","potentialAction":[{"@type":"SearchAction","target":{"@type":"EntryPoint","urlTemplate":"https:\/\/www.levicoacque.it\/de\/?s={search_term_string}"},"query-input":{"@type":"PropertyValueSpecification","valueRequired":true,"valueName":"search_term_string"}}],"inLanguage":"de"}]}},"_links":{"self":[{"href":"https:\/\/www.levicoacque.it\/de\/wp-json\/wp\/v2\/pages\/4446","targetHints":{"allow":["GET"]}}],"collection":[{"href":"https:\/\/www.levicoacque.it\/de\/wp-json\/wp\/v2\/pages"}],"about":[{"href":"https:\/\/www.levicoacque.it\/de\/wp-json\/wp\/v2\/types\/page"}],"author":[{"embeddable":true,"href":"https:\/\/www.levicoacque.it\/de\/wp-json\/wp\/v2\/users\/2"}],"replies":[{"embeddable":true,"href":"https:\/\/www.levicoacque.it\/de\/wp-json\/wp\/v2\/comments?post=4446"}],"version-history":[{"count":8,"href":"https:\/\/www.levicoacque.it\/de\/wp-json\/wp\/v2\/pages\/4446\/revisions"}],"predecessor-version":[{"id":24604,"href":"https:\/\/www.levicoacque.it\/de\/wp-json\/wp\/v2\/pages\/4446\/revisions\/24604"}],"up":[{"embeddable":true,"href":"https:\/\/www.levicoacque.it\/de\/wp-json\/wp\/v2\/pages\/4465"}],"wp:featuredmedia":[{"embeddable":true,"href":"https:\/\/www.levicoacque.it\/de\/wp-json\/wp\/v2\/media\/4140"}],"wp:attachment":[{"href":"https:\/\/www.levicoacque.it\/de\/wp-json\/wp\/v2\/media?parent=4446"}],"curies":[{"name":"wp","href":"https:\/\/api.w.org\/{rel}","templated":true}]}}