{"id":4448,"date":"2019-06-05T10:26:23","date_gmt":"2019-06-05T08:26:23","guid":{"rendered":"https:\/\/www.levicoacque.it\/wasser-fur-die-gastronomie\/"},"modified":"2022-04-15T17:18:26","modified_gmt":"2022-04-15T15:18:26","slug":"wasser-fur-die-gastronomie","status":"publish","type":"page","link":"https:\/\/www.levicoacque.it\/de\/wasser\/wasser-fur-die-gastronomie\/","title":{"rendered":"Wasser f\u00fcr die Gastronomie"},"content":{"rendered":"<div class=\"wpb-content-wrapper\"><p>[vc_row dfd_bg_style=&#8220;image&#8220; dfd_parallax_style=&#8220;dfd_vertical_parallax&#8220; dfd_bg_image_new=&#8220;2491&#8243; dfd_parallax_sense=&#8220;40&#8243; dfd_enable_overlay=&#8220;&#8220; anchor=&#8220;casa&#8220; dfd_row_parallax=&#8220;dfd-row-parallax&#8220; css=&#8220;.vc_custom_1552306331557{padding-top: 140px !important;padding-bottom: 220px !important;background-position: center !important;background-repeat: no-repeat !important;background-size: cover !important;}&#8220;][vc_column][vc_row_inner dfd_row_responsive_enable=&#8220;dfd-row-responsive-enable&#8220; css=&#8220;.vc_custom_1552305394498{background-position: center !important;background-repeat: no-repeat !important;background-size: cover !important;}&#8220; responsive_styles=&#8220;padding_top_desktop:70|padding_bottom_desktop:220|padding_left_desktop:20|padding_right_desktop:10|padding_top_tablet:40|padding_bottom_tablet:180|padding_left_tablet:20|padding_right_tablet:5|padding_top_mobile:20|padding_bottom_mobile:120|padding_left_mobile:5|padding_right_mobile:5&#8243;][vc_column_inner width=&#8220;1\/2&#8243;]<div class=\"dfd-spacer-module\"  data-units=\"px\" data-wide_resolution=\"1280\" data-wide_size=\"20\" data-normal_resolution=\"1024\" data-normal_size=\"20\" data-tablet_resolution=\"800\" data-tablet_size=\"10\" data-mobile_resolution=\"480\" data-mobile_size=\"10\" style=\"height: 20px;\"><\/div><div class=\"dfd-heading-shortcode\"><div class=\"dfd-heading-module-wrap  text-left style_02 dfd-heading-69f1c3836d3b2 dfd-disable-resposive-headings\" id=\"dfd-heading-69f1c3836d3b2\" ><div class=\"inline-block\"><div class=\"dfd-heading-module\"><h4 class=\"widget-sub-title dfd-sub-title \" style=\"color: #ffffff !important; \">F\u00dcR GASTGEWERBE<\/h4><h1 class=\"widget-title dfd-title \" style=\"color: #ffffff !important; \">Wasser zur Steigerung der Aromen, ohne die Werte zu vergessen<\/p>\n<p><\/h1><div class=\"dfd-heading-delimiter dfd-img-lazy-load\"><\/div><\/div><\/div><\/div><script type=\"text\/javascript\">\r\n\t\t\t\t\t\t\t\t\t(function($) {\r\n\t\t\t\t\t\t\t\t\t\t$(\"head\").append(\"<style>.dfd-heading-69f1c3836d3b2.dfd-heading-module-wrap .dfd-heading-module .dfd-heading-delimiter {border-bottom-style:solid;border-bottom-width:2px;width:140px;border-bottom-color:#ffffff;}.dfd-heading-69f1c3836d3b2 .dfd-heading-module .widget-sub-title {margin-bottom:20px;}.dfd-heading-69f1c3836d3b2.dfd-heading-module-wrap .dfd-heading-module .dfd-heading-delimiter {margin-top:15px;margin-bottom:10px;}@media (max-width: 799px){.dfd-heading-69f1c3836d3b2 .dfd-title{font-size: 30px !important;line-height: 32px !important;}}<\/style>\");\r\n\t\t\t\t\t\t\t\t\t})(jQuery);\r\n\t\t\t\t\t\t\t\t<\/script><\/div><div class=\"dfd-spacer-module\"  data-units=\"px\" data-wide_resolution=\"1280\" data-wide_size=\"30\" data-normal_resolution=\"1024\" data-normal_size=\"30\" data-tablet_resolution=\"800\" data-tablet_size=\"20\" data-mobile_resolution=\"480\" data-mobile_size=\"10\" style=\"height: 30px;\"><\/div><div id=\"dfd-button-69f1c3836d781\" class=\"dfd-button-module-wrap dfd-button-69f1c3836d781\"><div class=\"dfd-button-module scroll_after cr-animate-gen style_1 text-left dfd-horizontal dfd-top-to-bottom dfd-button-icon-left dfd-button-icon-hover-simple\"  data-animate-type=\"transition.flipXIn\" ><a href=\"#ristorazione\" rel=\"nofollow\" class=\"dfd-button-link\"><span class=\"dfd-button-inner-cover\"><span class=\"dfd-button-text-main\">Entdecken Sie mehr<\/span><\/span><\/a><\/div><script type=\"text\/javascript\">\r\n\t\t\t\t\t\t\t\t\t(function($) {$(\"head\").append(\"<style>#dfd-button-69f1c3836d781.dfd-button-module-wrap .dfd-button-module .dfd-button-link .dfd-button-inner-cover .dfd-button-text-main, .dfd-button-69f1c3836d781.dfd-button-module-wrap .dfd-button-module .dfd-button-link .dfd-button-inner-cover .dfd-button-text-main, .dfd-button-69f1c3836d781.dfd-button-module-wrap .dfd-button-module .dfd-button-link .dfd-button-inner-cover .dfd-button-text-hover, #dfd-button-69f1c3836d781.dfd-button-module-wrap .dfd-button-module .dfd-button-link .dfd-button-inner-cover .dfd-button-text-hover {padding-left: 30px;}#dfd-button-69f1c3836d781.dfd-button-module-wrap .dfd-button-module .dfd-button-link .dfd-button-inner-cover .dfd-button-text-main, .dfd-button-69f1c3836d781.dfd-button-module-wrap .dfd-button-module .dfd-button-link .dfd-button-inner-cover .dfd-button-text-main, .dfd-button-69f1c3836d781.dfd-button-module-wrap .dfd-button-module .dfd-button-link .dfd-button-inner-cover .dfd-button-text-hover, #dfd-button-69f1c3836d781.dfd-button-module-wrap .dfd-button-module .dfd-button-link .dfd-button-inner-cover .dfd-button-text-hover {padding-right: 30px;}#dfd-button-69f1c3836d781.dfd-button-module-wrap .dfd-button-module .dfd-button-link .dfd-button-inner-cover .dfd-button-text-main,.dfd-button-69f1c3836d781.dfd-button-module-wrap .dfd-button-module .dfd-button-link .dfd-button-inner-cover .dfd-button-text-main {color: #ffffff}#dfd-button-69f1c3836d781.dfd-button-module-wrap .dfd-button-module .dfd-button-link .dfd-button-inner-cover,.dfd-button-69f1c3836d781.dfd-button-module-wrap .dfd-button-module .dfd-button-link .dfd-button-border-decoration,.dfd-button-69f1c3836d781.dfd-button-module-wrap .dfd-button-module .dfd-button-link .dfd-button-inner-cover {border-radius:1px;}#dfd-button-69f1c3836d781.dfd-button-module-wrap .dfd-button-module:not(.style_4) .dfd-button-link .dfd-button-inner-cover:before,#dfd-button-69f1c3836d781.dfd-button-module-wrap .dfd-button-module.style_4 .dfd-button-link .dfd-button-inner-cover:after,#dfd-button-69f1c3836d781.dfd-button-module-wrap .dfd-button-module.style_6 .dfd-button-link .dfd-button-inner-cover .dfd-button-text-main,.dfd-button-69f1c3836d781.dfd-button-module-wrap .dfd-button-module:not(.style_4) .dfd-button-link .dfd-button-inner-cover:before,.dfd-button-69f1c3836d781.dfd-button-module-wrap .dfd-button-module.style_4 .dfd-button-link .dfd-button-inner-cover:after,.dfd-button-69f1c3836d781.dfd-button-module-wrap .dfd-button-module.style_6 .dfd-button-link .dfd-button-inner-cover .dfd-button-text-main {border-style:solid;border-width:2px;border-radius:1px;border-color:#ffffff;}#dfd-button-69f1c3836d781.dfd-button-module-wrap .dfd-button-module:not(.style_6) .dfd-button-link:hover .dfd-button-inner-cover .dfd-button-text-main,#dfd-button-69f1c3836d781.dfd-button-module-wrap .dfd-button-module .dfd-button-link .dfd-button-inner-cover .dfd-button-text-hover,.dfd-button-69f1c3836d781.dfd-button-module-wrap .dfd-button-module:not(.style_6) .dfd-button-link:hover .dfd-button-inner-cover .dfd-button-text-main,.dfd-button-69f1c3836d781.dfd-button-module-wrap .dfd-button-module .dfd-button-link .dfd-button-inner-cover .dfd-button-text-hover {color: #ffffff;}#dfd-button-69f1c3836d781.dfd-button-module-wrap .dfd-button-module .dfd-button-link:hover .dfd-button-inner-cover,.dfd-button-69f1c3836d781.dfd-button-module-wrap .dfd-button-module .dfd-button-link:hover .dfd-button-border-decoration,.dfd-button-69f1c3836d781.dfd-button-module-wrap .dfd-button-module .dfd-button-link:hover .dfd-button-inner-cover {border-radius:30px;}#dfd-button-69f1c3836d781.dfd-button-module-wrap .dfd-button-module:not(.style_4) .dfd-button-link .dfd-button-inner-cover:after,#dfd-button-69f1c3836d781.dfd-button-module-wrap .dfd-button-module.style_4 .dfd-button-link .dfd-button-inner-cover:before,#dfd-button-69f1c3836d781.dfd-button-module-wrap .dfd-button-module .dfd-button-link .dfd-button-inner-cover .dfd-button-text-hover .dfd-button-69f1c3836d781.dfd-button-module-wrap .dfd-button-module:not(.style_4) .dfd-button-link .dfd-button-inner-cover:after,.dfd-button-69f1c3836d781.dfd-button-module-wrap .dfd-button-module.style_4 .dfd-button-link .dfd-button-inner-cover:before,.dfd-button-69f1c3836d781.dfd-button-module-wrap .dfd-button-module .dfd-button-link .dfd-button-inner-cover .dfd-button-text-hover {border-style:solid;border-width:2px;border-radius:30px;border-color:#ffffff;}#dfd-button-69f1c3836d781.dfd-button-module-wrap .dfd-button-module.style_3 .dfd-button-link:hover .dfd-button-inner-cover:before,#dfd-button-69f1c3836d781.dfd-button-module-wrap .dfd-button-module.style_4 .dfd-button-link:hover .dfd-button-inner-cover:before,.dfd-button-69f1c3836d781.dfd-button-module-wrap .dfd-button-module.style_3 .dfd-button-link:hover .dfd-button-inner-cover:before,.dfd-button-69f1c3836d781.dfd-button-module-wrap .dfd-button-module.style_4 .dfd-button-link:hover .dfd-button-inner-cover:before {border-style:solid;border-width:2px;border-radius:30px;border-color:#ffffff;}#dfd-button-69f1c3836d781.dfd-button-module-wrap .dfd-button-module .dfd-button-link .dfd-button-tooltip,.dfd-button-69f1c3836d781.dfd-button-module-wrap .dfd-button-module .dfd-button-link .dfd-button-tooltip {color: #d6d4d4;}<\/style>\")\r\n\t\t\t\t\t\t\t\t\t})(jQuery);\r\n\t\t\t\t\t\t\t\t<\/script><\/div>[\/vc_column_inner][vc_column_inner width=&#8220;1\/2&#8243;][\/vc_column_inner][\/vc_row_inner][\/vc_column][\/vc_row][vc_row anchor=&#8220;ristorazione&#8220;][vc_column]<div class=\"dfd-spacer-module\"  data-units=\"px\" data-wide_resolution=\"1280\" data-wide_size=\"60\" data-normal_resolution=\"1024\" data-normal_size=\"60\" data-tablet_resolution=\"800\" data-tablet_size=\"50\" data-mobile_resolution=\"480\" data-mobile_size=\"20\" style=\"height: 60px;\"><\/div><div id=\"dfd-single-image-module69f1c3836dea9-3852\" class=\"dfd-single-image-module  image-center dfd-image-scale cr-animate-gen dfd-img-lazy-load\" data-animate-type = \"transition.slideUpIn\" ><img loading=\"lazy\" decoding=\"async\" src=\"data:image\/svg+xml;charset=utf-8,%3Csvg xmlns%3D'http%3A%2F%2Fwww.w3.org%2F2000%2Fsvg' viewBox%3D'0 0 1099 639'%2F%3E\" data-src=\"https:\/\/www.levicoacque.it\/wp-content\/uploads\/2019\/02\/Levico_ristorazione.jpg\" width=\"1099\" height=\"639\"  alt=\"Bottiglie di acqua minerale Levico in vetro per Horeca - formati 0.25, 0.50, 0.75 e 1l\" \/><\/div>[vc_column_text css_animation=&#8220;none&#8220;]Levico-Wasser f\u00fcr Horeca ist in den Gr\u00f6\u00dfen 1l, 75, 50 und 25 cl erh\u00e4ltlich. Entwickelt f\u00fcr Restaurants, Clubs und Unterkunftseinrichtungen, die auf die Auswahl der Rohstoffe und die Geschmacksverbesserung achten, zeichnet es sich durch sein <strong>einzigartiges Design und die Wahl des Glases aus.<\/strong><br \/>\nLeichtigkeit, Reinheit und Aufmerksamkeit f\u00fcr die Umwelt machen Levico zum <strong>idealen Wasser f\u00fcr ein Restaurant, das nicht nur auf den Geschmack, sondern auch auf die Werte von Qualit\u00e4t und Respekt achtet<\/strong>.<\/p>\n<p><strong>Ein einzigartiges Design, das von Reinheit und Nachhaltigkeit spricht.<\/strong><br \/>\nDie Livree von Levico f\u00fcr Horeca zeichnet sich durch ein wei\u00dfes und essentielles Etikett aus, in dem ein perfektes kreisf\u00f6rmiges Loch die Reinheit des Wassers erkennen l\u00e4sst. Ein unverwechselbares und \u00f6kologisches Image (gedruckt und produziert aus recycelbaren und umweltfreundlichen Materialien, mit minimalem Tintenverbrauch), das unsere Philosophie der &#8222;Nachhaltigen Leichtigkeit&#8220; perfekt zum Ausdruck bringt und den Tisch mit Eleganz ausstattet.<\/p>\n<p><strong>Leichtigkeit ist eine Kunst. Und auch eine Verpflichtung.<\/strong><br \/>\nF\u00fcr einen Gastronomen ist Leichtigkeit eine Verpflichtung, die aus Respekt und Liebe zum Beruf besteht. Es bedeutet, <strong>die besten Rohstoffe auszuw\u00e4hlen<\/strong>, von den seri\u00f6sesten Produzenten, die auf Qualit\u00e4t und Umwelt achten.<br \/>\nEs bedeutet, Lebensmittel als eine Sprache zu verwenden, die von Exzellenz und Werten spricht und mit den Kunden geteilt werden soll.<br \/>\nEs bedeutet auch, <strong>ein einzigartiges Wasser wie Levico zu w\u00e4hlen<\/strong>, das perfekt ist, um den Geschmack ausgew\u00e4hlter Zutaten, insbesondere derjenigen biologischen Ursprungs, zu begleiten und zu verst\u00e4rken.<\/p>\n<p>Das Levico-Wassernetz f\u00fcr die HORECA-Strukturen erstreckt sich \u00fcber den gesamten Norden und Teil Mittelitaliens. Um den n\u00e4chstgelegenen H\u00e4ndler zu finden, <a href=\"https:\/\/www.levicoacque.it\/rivenditori-acqua-a-domicilio\/\">klicken Sie hier.<\/a>[\/vc_column_text]<div class=\"dfd-spacer-module\"  data-units=\"px\" data-wide_resolution=\"1280\" data-wide_size=\"30\" data-normal_resolution=\"1024\" data-normal_size=\"30\" data-tablet_resolution=\"800\" data-tablet_size=\"20\" data-mobile_resolution=\"480\" data-mobile_size=\"10\" style=\"height: 30px;\"><\/div>[\/vc_column][\/vc_row][vc_row][vc_column][vc_raw_html]JTNDc3R5bGUlMjB0eXBlJTNEJTIydGV4dCUyRmNzcyUyMiUzRSUyMCUwQWEucmVzZWxsZXItY3RhJTIwJTdCJTBBJTIwJTIwJTIwJTIwZGlzcGxheSUzQSUyMGJsb2NrJTNCJTBBJTIwJTIwJTIwJTIwcGFkZGluZyUzQSUyMDUwcHglMjA1MHB4JTNCJTBBJTIwJTIwJTIwJTIwYm9yZGVyJTNBJTIwMnB4JTIwc29saWQlMjAlMjMwMDlhYTglM0IlMEElN0QlMEElM0MlMkZzdHlsZSUzRSUwQSUwQSUzQ2gzJTNFJTNDYSUyMHN0eWxlJTNEJTIydGV4dC1hbGlnbiUzQSUyMGNlbnRlciUzQiUyMiUyMGNsYXNzJTNEJTIycmVzZWxsZXItY3RhJTIyJTIwaHJlZiUzRCUyMiUyRnJpdmVuZGl0b3JpLWFjcXVhLWEtZG9taWNpbGlvJTJGJTIyJTNFRGVyJTIwTGV2aWNvJTIwSGF1c2xpZWZlcnNlcnZpY2UlMjBpc3QlMjBudXIlMjBpbiUyMEl0YWxpZW4lMjBtJUMzJUI2Z2xpY2guJTIwTSVDMyVCNmNodGVuJTIwU2llJTIwd2lzc2VuJTJDJTIwd2llJTIwU2llJTIwTGV2aWNvLVdhc3NlciUyMGVyaGFsdGVuJTIwayVDMyVCNm5uZW4lM0YlMjBLbGlja2VuJTIwU2llJTIwaGllciUyMG9kZXIlMjBydWZlbiUyMFNpZSUyMHVudGVyJTIwZGVyJTIwZ2ViJUMzJUJDaHJlbmZyZWllbiUyMFRlbGVmb25udW1tZXIlMjA4MDAtMjU5ODExJTIwYW4lM0MlMkZhJTNFJTNDJTJGaDMlM0UlMEE=[\/vc_raw_html][\/vc_column][\/vc_row][vc_row][vc_column]<div class=\"dfd-spacer-module\"  data-units=\"px\" data-wide_resolution=\"1280\" data-wide_size=\"60\" data-normal_resolution=\"1024\" data-normal_size=\"60\" data-tablet_resolution=\"800\" data-tablet_size=\"50\" data-mobile_resolution=\"480\" data-mobile_size=\"30\" style=\"height: 60px;\"><\/div>[\/vc_column][\/vc_row]<\/p>\n<\/div>","protected":false},"excerpt":{"rendered":"<p>[vc_row dfd_bg_style=&#8220;image&#8220; dfd_parallax_style=&#8220;dfd_vertical_parallax&#8220; dfd_bg_image_new=&#8220;2491&#8243; dfd_parallax_sense=&#8220;40&#8243; dfd_enable_overlay=&#8220;&#8220; anchor=&#8220;casa&#8220; dfd_row_parallax=&#8220;dfd-row-parallax&#8220; css=&#8220;.vc_custom_1552306331557{padding-top: 140px !important;padding-bottom: 220px !important;background-position: center !important;background-repeat: no-repeat !important;background-size: cover !important;}&#8220;][vc_column][vc_row_inner dfd_row_responsive_enable=&#8220;dfd-row-responsive-enable&#8220; css=&#8220;.vc_custom_1552305394498{background-position: center !important;background-repeat: no-repeat !important;background-size: cover !important;}&#8220; responsive_styles=&#8220;padding_top_desktop:70|padding_bottom_desktop:220|padding_left_desktop:20|padding_right_desktop:10|padding_top_tablet:40|padding_bottom_tablet:180|padding_left_tablet:20|padding_right_tablet:5|padding_top_mobile:20|padding_bottom_mobile:120|padding_left_mobile:5|padding_right_mobile:5&#8243;][vc_column_inner width=&#8220;1\/2&#8243;][\/vc_column_inner][vc_column_inner width=&#8220;1\/2&#8243;][\/vc_column_inner][\/vc_row_inner][\/vc_column][\/vc_row][vc_row<\/p>\n","protected":false},"author":2,"featured_media":4144,"parent":4465,"menu_order":0,"comment_status":"closed","ping_status":"closed","template":"page-custom-with-header.php","meta":{"_acf_changed":false,"footnotes":""},"class_list":["post-4448","page","type-page","status-publish","has-post-thumbnail","hentry"],"acf":[],"yoast_head":"<!-- This site is optimized with the Yoast SEO plugin v27.4 - https:\/\/yoast.com\/product\/yoast-seo-wordpress\/ -->\n<title>Anbieter von Getr\u00e4nken und Mineralwasser f\u00fcr Bars und Restaurants | Levico Acque<\/title>\n<meta name=\"description\" content=\"Anbieter von Getr\u00e4nken und Mineralwasser f\u00fcr Bars und Restaurants. Das Levico-Wasser ist leicht und gesund, entdecken Sie alle Dienstleistungen und finden Sie den n\u00e4chsten H\u00e4ndler.\" \/>\n<meta name=\"robots\" content=\"index, follow, max-snippet:-1, max-image-preview:large, max-video-preview:-1\" \/>\n<link rel=\"canonical\" href=\"https:\/\/www.levicoacque.it\/de\/wasser\/wasser-fur-die-gastronomie\/\" \/>\n<meta property=\"og:locale\" content=\"de_DE\" \/>\n<meta property=\"og:type\" content=\"article\" \/>\n<meta property=\"og:title\" content=\"Anbieter von Getr\u00e4nken und Mineralwasser f\u00fcr Bars und Restaurants | Levico Acque\" \/>\n<meta property=\"og:description\" content=\"Anbieter von Getr\u00e4nken und Mineralwasser f\u00fcr Bars und Restaurants. Das Levico-Wasser ist leicht und gesund, entdecken Sie alle Dienstleistungen und finden Sie den n\u00e4chsten H\u00e4ndler.\" \/>\n<meta property=\"og:url\" content=\"https:\/\/www.levicoacque.it\/de\/wasser\/wasser-fur-die-gastronomie\/\" \/>\n<meta property=\"og:site_name\" content=\"Levico\" \/>\n<meta property=\"article:modified_time\" content=\"2022-04-15T15:18:26+00:00\" \/>\n<meta name=\"twitter:card\" content=\"summary_large_image\" \/>\n<meta name=\"twitter:label1\" content=\"Gesch\u00e4tzte Lesezeit\" \/>\n\t<meta name=\"twitter:data1\" content=\"2\u00a0Minuten\" \/>\n<script type=\"application\/ld+json\" class=\"yoast-schema-graph\">{\"@context\":\"https:\\\/\\\/schema.org\",\"@graph\":[{\"@type\":\"WebPage\",\"@id\":\"https:\\\/\\\/www.levicoacque.it\\\/de\\\/wasser\\\/wasser-fur-die-gastronomie\\\/\",\"url\":\"https:\\\/\\\/www.levicoacque.it\\\/de\\\/wasser\\\/wasser-fur-die-gastronomie\\\/\",\"name\":\"Anbieter von Getr\u00e4nken und Mineralwasser f\u00fcr Bars und Restaurants | Levico Acque\",\"isPartOf\":{\"@id\":\"https:\\\/\\\/www.levicoacque.it\\\/de\\\/#website\"},\"primaryImageOfPage\":{\"@id\":\"https:\\\/\\\/www.levicoacque.it\\\/de\\\/wasser\\\/wasser-fur-die-gastronomie\\\/#primaryimage\"},\"image\":{\"@id\":\"https:\\\/\\\/www.levicoacque.it\\\/de\\\/wasser\\\/wasser-fur-die-gastronomie\\\/#primaryimage\"},\"thumbnailUrl\":\"https:\\\/\\\/www.levicoacque.it\\\/wp-content\\\/uploads\\\/2019\\\/02\\\/distributori-.jpg\",\"datePublished\":\"2019-06-05T08:26:23+00:00\",\"dateModified\":\"2022-04-15T15:18:26+00:00\",\"description\":\"Anbieter von Getr\u00e4nken und Mineralwasser f\u00fcr Bars und Restaurants. Das Levico-Wasser ist leicht und gesund, entdecken Sie alle Dienstleistungen und finden Sie den n\u00e4chsten H\u00e4ndler.\",\"breadcrumb\":{\"@id\":\"https:\\\/\\\/www.levicoacque.it\\\/de\\\/wasser\\\/wasser-fur-die-gastronomie\\\/#breadcrumb\"},\"inLanguage\":\"de\",\"potentialAction\":[{\"@type\":\"ReadAction\",\"target\":[\"https:\\\/\\\/www.levicoacque.it\\\/de\\\/wasser\\\/wasser-fur-die-gastronomie\\\/\"]}]},{\"@type\":\"ImageObject\",\"inLanguage\":\"de\",\"@id\":\"https:\\\/\\\/www.levicoacque.it\\\/de\\\/wasser\\\/wasser-fur-die-gastronomie\\\/#primaryimage\",\"url\":\"https:\\\/\\\/www.levicoacque.it\\\/wp-content\\\/uploads\\\/2019\\\/02\\\/distributori-.jpg\",\"contentUrl\":\"https:\\\/\\\/www.levicoacque.it\\\/wp-content\\\/uploads\\\/2019\\\/02\\\/distributori-.jpg\",\"width\":1200,\"height\":753,\"caption\":\"\"},{\"@type\":\"BreadcrumbList\",\"@id\":\"https:\\\/\\\/www.levicoacque.it\\\/de\\\/wasser\\\/wasser-fur-die-gastronomie\\\/#breadcrumb\",\"itemListElement\":[{\"@type\":\"ListItem\",\"position\":1,\"name\":\"Home\",\"item\":\"https:\\\/\\\/www.levicoacque.it\\\/de\\\/home\\\/\"},{\"@type\":\"ListItem\",\"position\":2,\"name\":\"Wasser\",\"item\":\"https:\\\/\\\/www.levicoacque.it\\\/de\\\/wasser\\\/\"},{\"@type\":\"ListItem\",\"position\":3,\"name\":\"Wasser f\u00fcr die Gastronomie\"}]},{\"@type\":\"WebSite\",\"@id\":\"https:\\\/\\\/www.levicoacque.it\\\/de\\\/#website\",\"url\":\"https:\\\/\\\/www.levicoacque.it\\\/de\\\/\",\"name\":\"Levico\",\"description\":\"Acqua Levico, acqua minerale pura e leggerissima\",\"potentialAction\":[{\"@type\":\"SearchAction\",\"target\":{\"@type\":\"EntryPoint\",\"urlTemplate\":\"https:\\\/\\\/www.levicoacque.it\\\/de\\\/?s={search_term_string}\"},\"query-input\":{\"@type\":\"PropertyValueSpecification\",\"valueRequired\":true,\"valueName\":\"search_term_string\"}}],\"inLanguage\":\"de\"}]}<\/script>\n<!-- \/ Yoast SEO plugin. -->","yoast_head_json":{"title":"Anbieter von Getr\u00e4nken und Mineralwasser f\u00fcr Bars und Restaurants | Levico Acque","description":"Anbieter von Getr\u00e4nken und Mineralwasser f\u00fcr Bars und Restaurants. Das Levico-Wasser ist leicht und gesund, entdecken Sie alle Dienstleistungen und finden Sie den n\u00e4chsten H\u00e4ndler.","robots":{"index":"index","follow":"follow","max-snippet":"max-snippet:-1","max-image-preview":"max-image-preview:large","max-video-preview":"max-video-preview:-1"},"canonical":"https:\/\/www.levicoacque.it\/de\/wasser\/wasser-fur-die-gastronomie\/","og_locale":"de_DE","og_type":"article","og_title":"Anbieter von Getr\u00e4nken und Mineralwasser f\u00fcr Bars und Restaurants | Levico Acque","og_description":"Anbieter von Getr\u00e4nken und Mineralwasser f\u00fcr Bars und Restaurants. Das Levico-Wasser ist leicht und gesund, entdecken Sie alle Dienstleistungen und finden Sie den n\u00e4chsten H\u00e4ndler.","og_url":"https:\/\/www.levicoacque.it\/de\/wasser\/wasser-fur-die-gastronomie\/","og_site_name":"Levico","article_modified_time":"2022-04-15T15:18:26+00:00","twitter_card":"summary_large_image","twitter_misc":{"Gesch\u00e4tzte Lesezeit":"2\u00a0Minuten"},"schema":{"@context":"https:\/\/schema.org","@graph":[{"@type":"WebPage","@id":"https:\/\/www.levicoacque.it\/de\/wasser\/wasser-fur-die-gastronomie\/","url":"https:\/\/www.levicoacque.it\/de\/wasser\/wasser-fur-die-gastronomie\/","name":"Anbieter von Getr\u00e4nken und Mineralwasser f\u00fcr Bars und Restaurants | Levico Acque","isPartOf":{"@id":"https:\/\/www.levicoacque.it\/de\/#website"},"primaryImageOfPage":{"@id":"https:\/\/www.levicoacque.it\/de\/wasser\/wasser-fur-die-gastronomie\/#primaryimage"},"image":{"@id":"https:\/\/www.levicoacque.it\/de\/wasser\/wasser-fur-die-gastronomie\/#primaryimage"},"thumbnailUrl":"https:\/\/www.levicoacque.it\/wp-content\/uploads\/2019\/02\/distributori-.jpg","datePublished":"2019-06-05T08:26:23+00:00","dateModified":"2022-04-15T15:18:26+00:00","description":"Anbieter von Getr\u00e4nken und Mineralwasser f\u00fcr Bars und Restaurants. Das Levico-Wasser ist leicht und gesund, entdecken Sie alle Dienstleistungen und finden Sie den n\u00e4chsten H\u00e4ndler.","breadcrumb":{"@id":"https:\/\/www.levicoacque.it\/de\/wasser\/wasser-fur-die-gastronomie\/#breadcrumb"},"inLanguage":"de","potentialAction":[{"@type":"ReadAction","target":["https:\/\/www.levicoacque.it\/de\/wasser\/wasser-fur-die-gastronomie\/"]}]},{"@type":"ImageObject","inLanguage":"de","@id":"https:\/\/www.levicoacque.it\/de\/wasser\/wasser-fur-die-gastronomie\/#primaryimage","url":"https:\/\/www.levicoacque.it\/wp-content\/uploads\/2019\/02\/distributori-.jpg","contentUrl":"https:\/\/www.levicoacque.it\/wp-content\/uploads\/2019\/02\/distributori-.jpg","width":1200,"height":753,"caption":""},{"@type":"BreadcrumbList","@id":"https:\/\/www.levicoacque.it\/de\/wasser\/wasser-fur-die-gastronomie\/#breadcrumb","itemListElement":[{"@type":"ListItem","position":1,"name":"Home","item":"https:\/\/www.levicoacque.it\/de\/home\/"},{"@type":"ListItem","position":2,"name":"Wasser","item":"https:\/\/www.levicoacque.it\/de\/wasser\/"},{"@type":"ListItem","position":3,"name":"Wasser f\u00fcr die Gastronomie"}]},{"@type":"WebSite","@id":"https:\/\/www.levicoacque.it\/de\/#website","url":"https:\/\/www.levicoacque.it\/de\/","name":"Levico","description":"Acqua Levico, acqua minerale pura e leggerissima","potentialAction":[{"@type":"SearchAction","target":{"@type":"EntryPoint","urlTemplate":"https:\/\/www.levicoacque.it\/de\/?s={search_term_string}"},"query-input":{"@type":"PropertyValueSpecification","valueRequired":true,"valueName":"search_term_string"}}],"inLanguage":"de"}]}},"_links":{"self":[{"href":"https:\/\/www.levicoacque.it\/de\/wp-json\/wp\/v2\/pages\/4448","targetHints":{"allow":["GET"]}}],"collection":[{"href":"https:\/\/www.levicoacque.it\/de\/wp-json\/wp\/v2\/pages"}],"about":[{"href":"https:\/\/www.levicoacque.it\/de\/wp-json\/wp\/v2\/types\/page"}],"author":[{"embeddable":true,"href":"https:\/\/www.levicoacque.it\/de\/wp-json\/wp\/v2\/users\/2"}],"replies":[{"embeddable":true,"href":"https:\/\/www.levicoacque.it\/de\/wp-json\/wp\/v2\/comments?post=4448"}],"version-history":[{"count":8,"href":"https:\/\/www.levicoacque.it\/de\/wp-json\/wp\/v2\/pages\/4448\/revisions"}],"predecessor-version":[{"id":11376,"href":"https:\/\/www.levicoacque.it\/de\/wp-json\/wp\/v2\/pages\/4448\/revisions\/11376"}],"up":[{"embeddable":true,"href":"https:\/\/www.levicoacque.it\/de\/wp-json\/wp\/v2\/pages\/4465"}],"wp:featuredmedia":[{"embeddable":true,"href":"https:\/\/www.levicoacque.it\/de\/wp-json\/wp\/v2\/media\/4144"}],"wp:attachment":[{"href":"https:\/\/www.levicoacque.it\/de\/wp-json\/wp\/v2\/media?parent=4448"}],"curies":[{"name":"wp","href":"https:\/\/api.w.org\/{rel}","templated":true}]}}