{"id":4456,"date":"2019-06-05T12:12:21","date_gmt":"2019-06-05T10:12:21","guid":{"rendered":"https:\/\/www.levicoacque.it\/kontaktieren-sie-uns\/"},"modified":"2022-04-15T17:26:21","modified_gmt":"2022-04-15T15:26:21","slug":"kontaktieren-sie-uns","status":"publish","type":"page","link":"https:\/\/www.levicoacque.it\/de\/kontaktieren-sie-uns\/","title":{"rendered":"Kontaktieren Sie uns"},"content":{"rendered":"<div class=\"wpb-content-wrapper\"><p>[vc_row dfd_bg_style=&#8220;image&#8220; dfd_bg_image_new=&#8220;2741&#8243; dfd_bg_image_repeat=&#8220;no-repeat&#8220; dfd_bg_img_attach=&#8220;fixed&#8220; dfd_bg_image_repeat_mobile=&#8220;no-repeat&#8220; dfd_enable_overlay=&#8220;&#8220; css=&#8220;.vc_custom_1553856385631{padding-top: 170px !important;padding-bottom: 310px !important;}&#8220; dfd_bg_image_new_responsive=&#8220;2740&#8243;][vc_column]<div class=\"dfd-heading-shortcode\"><div class=\"dfd-heading-module-wrap  text-left style_01 dfd-heading-69d8d159e1d26 dfd-disable-resposive-headings\" id=\"dfd-heading-69d8d159e1d26\" ><div class=\"inline-block\"><div class=\"dfd-heading-module\"><h1 class=\"widget-title dfd-title \" style=\"color: #ffffff !important; \"><\/p>\n<h1 style=\"text-align: left;\">Kontaktieren Sie uns<\/h1>\n<p><\/h1><\/div><\/div><\/div><script type=\"text\/javascript\">\r\n\t\t\t\t\t\t\t\t\t(function($) {\r\n\t\t\t\t\t\t\t\t\t\t$(\"head\").append(\"<style>.dfd-heading-69d8d159e1d26.dfd-heading-module-wrap .dfd-heading-module .dfd-heading-delimiter {margin-top:10px;margin-bottom:10px;}<\/style>\");\r\n\t\t\t\t\t\t\t\t\t})(jQuery);\r\n\t\t\t\t\t\t\t\t<\/script><\/div>[\/vc_column][\/vc_row][vc_row css=&#8220;.vc_custom_1553853118695{margin-top: 50px !important;margin-bottom: 50px !important;}&#8220;][vc_column][vc_column_text]<\/p>\n<p class=\"p1\">M\u00f6chten Sie mehr \u00fcber unser Wasser erfahren? Ben\u00f6tigen Sie Informationen dar\u00fcber, wo Sie uns finden? Sie suchen den richtigen Vertriebspartner f\u00fcr Ihren Lokal? Schreiben Sie uns durch Ausf\u00fcllen des Formulars oder rufen Sie uns unter der geb\u00fchrenfreien Nummer 800 25 98 11 an.<\/p>\n<p>[\/vc_column_text][\/vc_column][\/vc_row][vc_row css=&#8220;.vc_custom_1553853870247{margin-top: 40px !important;margin-bottom: 50px !important;}&#8220;][vc_column width=&#8220;1\/2&#8243;]<div class=\"dfd-spacer-module\"  data-units=\"px\" data-wide_resolution=\"1280\" data-wide_size=\"20\" data-normal_resolution=\"1024\" data-normal_size=\"20\" data-tablet_resolution=\"800\" data-tablet_size=\"15\" data-mobile_resolution=\"480\" data-mobile_size=\"10\" style=\"height: 20px;\"><\/div>[vc_single_image image=&#8220;11242&#8243; img_size=&#8220;full&#8220; css_animation=&#8220;bottom-to-top&#8220;]<div class=\"dfd-spacer-module\"  data-units=\"px\" data-wide_resolution=\"1280\" data-wide_size=\"20\" data-normal_resolution=\"1024\" data-normal_size=\"20\" data-tablet_resolution=\"800\" data-tablet_size=\"15\" data-mobile_resolution=\"480\" data-mobile_size=\"10\" style=\"height: 20px;\"><\/div><div class=\"dfd-contact-block-container style-1    cr-animate-gen\" data-animate-type = \"transition.slideLeftIn\"  style=\"\"><div class=\"dfd-contact-block-module\" >\r\n\t\t\t\t\t\t\t<div class=\"fild-content\">\r\n\t\t\t\t\t\t\t\t<i class=\"dfd-icon-navigation\" style=\"font-size: 15px; width: 40px; height: 40px; background: rgba(0,0,0,0.01); color: #7c7b7b; \"><span class=\"delimiter\" style=\"left: 40px ;\"><\/span><\/i>\r\n\t\t\t\t\t\t\t\t<div class=\"fild-name\" style=\"height: 20px; \">Addresse:<\/div>\r\n\t\t\t\t\t\t\t\t<p class=\"Addresse\">P.le Stazione, 6 - 38056 Levico Terme (TN)<\/p>\r\n\t\t\t\t\t\t\t<\/div>\r\n\t\t\t\t\t\t\t<div class=\"fild-content\">\r\n\t\t\t\t\t\t\t\t<i class=\"dfd-icon-tablet2\" style=\"font-size: 15px; width: 40px; height: 40px; background: rgba(0,0,0,0.01); color: #7c7b7b; \"><span class=\"delimiter\" style=\"left: 40px ;\"><\/span><\/i>\r\n\t\t\t\t\t\t\t\t<div class=\"fild-name\" style=\"height: 20px; \">phone:<\/div>\r\n\t\t\t\t\t\t\t\t<p class=\"phone\">+39 0461702311<\/p>\r\n\t\t\t\t\t\t\t<\/div>\r\n\t\t\t\t\t\t\t<div class=\"fild-content\">\r\n\t\t\t\t\t\t\t\t<i class=\"dfd-icon-email_1\" style=\"font-size: 15px; width: 40px; height: 40px; background: rgba(0,0,0,0.01); color: #7c7b7b; \"><span class=\"delimiter\" style=\"left: 40px ;\"><\/span><\/i>\r\n\t\t\t\t\t\t\t\t<div class=\"fild-name\" style=\"height: 20px; \">Email:<\/div>\r\n\t\t\t\t\t\t\t\t<p class=\"Email\"><a href=\"mailto:info@levicoacque.it\">info@levicoacque.it<\/a><\/p>\r\n\t\t\t\t\t\t\t<\/div><\/div><\/div><div class=\"dfd-spacer-module\"  data-units=\"px\" data-wide_resolution=\"1280\" data-wide_size=\"20\" data-normal_resolution=\"1024\" data-normal_size=\"20\" data-tablet_resolution=\"800\" data-tablet_size=\"15\" data-mobile_resolution=\"480\" data-mobile_size=\"10\" style=\"height: 20px;\"><\/div><div id=\"dfd-single-image-module69d8d159e2061-5726\" class=\"dfd-single-image-module  image-left  dfd-img-lazy-load\" ><img loading=\"lazy\" decoding=\"async\" src=\"data:image\/svg+xml;charset=utf-8,%3Csvg xmlns%3D'http%3A%2F%2Fwww.w3.org%2F2000%2Fsvg' viewBox%3D'0 0 170 60'%2F%3E\" data-src=\"https:\/\/www.levicoacque.it\/wp-content\/uploads\/2018\/10\/numeroverde-small-1.png\" width=\"170\" height=\"60\"  alt=\"Levico numero verde\" \/><\/div><div id=\"dfd-soc-icon-69d8d159e20c5-1865\" class=\"dfd-new-soc-icon text-left style-4   \" ><div class=\"soc-icon-container clearfix\"><a href=\"https:\/\/www.facebook.com\/AcquaLevico\/\"  target=\"_blank\"  class=\"soc_icon-facebook\"><i class=\"soc_icon-facebook\"><\/i><\/a><a href=\"http:\/\/www.instagram.com\"  target=\"_blank\"  class=\"soc_icon-instagram\"><i class=\"soc_icon-instagram\"><\/i><\/a><a href=\"https:\/\/www.youtube.com\/channel\/UC-dv8EvqPhzdalhRWrjitHw\"  target=\"_blank\"  class=\"soc_icon-youtube\"><i class=\"soc_icon-youtube\"><\/i><\/a><\/div><\/div><script type=\"text\/javascript\">\r\n\t\t\t\t\t\t\t(function($) {\r\n\t\t\t\t\t\t\t\t$(\"head\").append(\"<style>#dfd-soc-icon-69d8d159e20c5-1865.dfd-new-soc-icon.style-12 a:after {background: #7c7b7b;}#dfd-soc-icon-69d8d159e20c5-1865.dfd-new-soc-icon.style-2 a:hover {color: #009fe3;}#dfd-soc-icon-69d8d159e20c5-1865.dfd-new-soc-icon.style-5 a:hover {color: #009fe3;}#dfd-soc-icon-69d8d159e20c5-1865.dfd-new-soc-icon.style-12 a:hover {color: #009fe3;}#dfd-soc-icon-69d8d159e20c5-1865.dfd-new-soc-icon.style-12 a:hover:after {background: #009fe3;}#dfd-soc-icon-69d8d159e20c5-1865.dfd-new-soc-icon.style-12 a:hover {background: rgba(0,0,0,0.01);}#dfd-soc-icon-69d8d159e20c5-1865.dfd-new-soc-icon a {font-size: 17px; color: #7c7b7b; background: rgba(0,0,0,0.01); }#dfd-soc-icon-69d8d159e20c5-1865.dfd-new-soc-icon a:before {}#dfd-soc-icon-69d8d159e20c5-1865.dfd-new-soc-icon a i {color: #009fe3; background: rgba(0,0,0,0.01); }<\/style>\");\r\n\t\t\t\t\t\t\t})(jQuery);\r\n\t\t\t\t\t\t<\/script>[\/vc_column][vc_column width=&#8220;1\/2&#8243;][dfd_user_form fake_check_layout=&#8220;forms_06&#8243; placeholder=&#8220;off&#8220; borderwidth=&#8220;1&#8243; border_radius=&#8220;2&#8243; text_area_height=&#8220;10&#8243; vert_margin_btw_inputs=&#8220;15&#8243; horiz_margin_btw_inputs=&#8220;10&#8243; font_size=&#8220;13&#8243; button_border_width=&#8220;1&#8243; button_border_radius=&#8220;2&#8243; btn_message=&#8220;VERSENDEN&#8220; btn_width=&#8220;dfd-third-size&#8220; use_recaptcha=&#8220;yes&#8220; email_to=&#8220;info@levicoacque.it&#8220; email_subject=&#8220;Messaggio da form pagina contatti&#8220; check_layout=&#8220;forms_06.php&#8220; input_background=&#8220;#f5f5f5&#8243; show_label_text=&#8220;on&#8220; border_color=&#8220;#e8e8e8&#8243; text_color=&#8220;#565656&#8243; button_border_color=&#8220;#009aa8&#8243; button_border_color_on_hover=&#8220;#009aa8&#8243; button_color_text=&#8220;#5e5e5e&#8220; button_hover_color_text=&#8220;#009aa8&#8243; btn_offset=&#8220;30&#8243; recaptcha_publickey=&#8220;6LfQ0poUAAAAACGOlrsGmD2Ha8MkwuUj4tbM27XR&#8220; recaptcha_privatekey=&#8220;6LfQ0poUAAAAAB4FaSeJwmlaUZ4Ga6qcXbuA57X_&#8220; check_layout_forms_06=&#8220;{&#8222;1&#8222;:{&#8222;text_name&#8222;:{&#8222;required-1&#8222;:&#8222;1&#8222;,&#8222;name&#8222;:&#8222;Nome&#8222;,&#8222;akismet_comment_author-1&#8222;:&#8222;1&#8222;}},&#8222;2&#8222;:{&#8222;email&#8222;:{&#8222;required-1&#8222;:&#8222;1&#8222;,&#8222;name&#8222;:&#8222;Email&#8222;,&#8222;akismet_comment_author_email-1&#8222;:&#8222;1&#8222;}},&#8222;3&#8222;:{&#8222;text_name&#8222;:{&#8222;name&#8222;:&#8222;Oggetto&#8222;}},&#8222;4&#8222;:{&#8222;checkbox_name&#8222;:{&#8222;required-1&#8222;:&#8222;1&#8222;,&#8222;options&#8222;:&#8222;Autorizzo il trattamento dei dati relativi alla richiesta informazioni (Legge N. 196 del 30 Giugno 2003)&#8222;}},&#8222;5&#8222;:{&#8222;textarea_name&#8222;:{&#8222;name&#8222;:&#8222;Messaggio&#8222;,&#8222;required-1&#8222;:&#8222;1&#8222;}}}&#8220;]Von: {{text_name-1}}<br \/>\nBetreff: {{email-2}}<br \/>\n{{text_name-3}}<\/p>\n<p>Nachrichtentext:<br \/>\nBetreff: {{textarea_name-5}}<\/p>\n<p>&#8212;<br \/>\nThis e-mail was sent from a contact form contatti[\/dfd_user_form][vc_column_text]<a href=\"https:\/\/www.levicoacque.it\/de\/datenschutzerklarung\/\">Datenschutzerkl\u00e4rung<\/a>[\/vc_column_text][\/vc_column][\/vc_row]<\/p>\n<\/div>","protected":false},"excerpt":{"rendered":"<p>[vc_row dfd_bg_style=&#8220;image&#8220; dfd_bg_image_new=&#8220;2741&#8243; dfd_bg_image_repeat=&#8220;no-repeat&#8220; dfd_bg_img_attach=&#8220;fixed&#8220; dfd_bg_image_repeat_mobile=&#8220;no-repeat&#8220; dfd_enable_overlay=&#8220;&#8220; css=&#8220;.vc_custom_1553856385631{padding-top: 170px !important;padding-bottom: 310px !important;}&#8220; dfd_bg_image_new_responsive=&#8220;2740&#8243;][vc_column][\/vc_column][\/vc_row][vc_row css=&#8220;.vc_custom_1553853118695{margin-top: 50px !important;margin-bottom: 50px !important;}&#8220;][vc_column][vc_column_text] M\u00f6chten Sie mehr \u00fcber unser Wasser erfahren? Ben\u00f6tigen Sie Informationen dar\u00fcber, wo<\/p>\n","protected":false},"author":2,"featured_media":0,"parent":0,"menu_order":0,"comment_status":"closed","ping_status":"closed","template":"page-custom-with-header.php","meta":{"_acf_changed":false,"footnotes":""},"class_list":["post-4456","page","type-page","status-publish","hentry"],"acf":[],"yoast_head":"<!-- This site is optimized with the Yoast SEO plugin v27.3 - https:\/\/yoast.com\/product\/yoast-seo-wordpress\/ -->\n<title>Nehmen Sie Kontakt auf | Levico Acque<\/title>\n<meta name=\"description\" content=\"Levico Acque ist ein Produzent von Mineralwasser in Glasflaschen f\u00fcr Haushalt und Gastronomie. Kontaktieren Sie uns jetzt, um mehr zu erfahren.\" \/>\n<meta name=\"robots\" content=\"index, follow, max-snippet:-1, max-image-preview:large, max-video-preview:-1\" \/>\n<link rel=\"canonical\" href=\"https:\/\/www.levicoacque.it\/de\/kontaktieren-sie-uns\/\" \/>\n<meta property=\"og:locale\" content=\"de_DE\" \/>\n<meta property=\"og:type\" content=\"article\" \/>\n<meta property=\"og:title\" content=\"Nehmen Sie Kontakt auf | Levico Acque\" \/>\n<meta property=\"og:description\" content=\"Levico Acque ist ein Produzent von Mineralwasser in Glasflaschen f\u00fcr Haushalt und Gastronomie. Kontaktieren Sie uns jetzt, um mehr zu erfahren.\" \/>\n<meta property=\"og:url\" content=\"https:\/\/www.levicoacque.it\/de\/kontaktieren-sie-uns\/\" \/>\n<meta property=\"og:site_name\" content=\"Levico\" \/>\n<meta property=\"article:modified_time\" content=\"2022-04-15T15:26:21+00:00\" \/>\n<meta name=\"twitter:card\" content=\"summary_large_image\" \/>\n<meta name=\"twitter:label1\" content=\"Gesch\u00e4tzte Lesezeit\" \/>\n\t<meta name=\"twitter:data1\" content=\"2\u00a0Minuten\" \/>\n<script type=\"application\/ld+json\" class=\"yoast-schema-graph\">{\"@context\":\"https:\\\/\\\/schema.org\",\"@graph\":[{\"@type\":\"WebPage\",\"@id\":\"https:\\\/\\\/www.levicoacque.it\\\/de\\\/kontaktieren-sie-uns\\\/\",\"url\":\"https:\\\/\\\/www.levicoacque.it\\\/de\\\/kontaktieren-sie-uns\\\/\",\"name\":\"Nehmen Sie Kontakt auf | Levico Acque\",\"isPartOf\":{\"@id\":\"https:\\\/\\\/www.levicoacque.it\\\/de\\\/#website\"},\"datePublished\":\"2019-06-05T10:12:21+00:00\",\"dateModified\":\"2022-04-15T15:26:21+00:00\",\"description\":\"Levico Acque ist ein Produzent von Mineralwasser in Glasflaschen f\u00fcr Haushalt und Gastronomie. Kontaktieren Sie uns jetzt, um mehr zu erfahren.\",\"breadcrumb\":{\"@id\":\"https:\\\/\\\/www.levicoacque.it\\\/de\\\/kontaktieren-sie-uns\\\/#breadcrumb\"},\"inLanguage\":\"de\",\"potentialAction\":[{\"@type\":\"ReadAction\",\"target\":[\"https:\\\/\\\/www.levicoacque.it\\\/de\\\/kontaktieren-sie-uns\\\/\"]}]},{\"@type\":\"BreadcrumbList\",\"@id\":\"https:\\\/\\\/www.levicoacque.it\\\/de\\\/kontaktieren-sie-uns\\\/#breadcrumb\",\"itemListElement\":[{\"@type\":\"ListItem\",\"position\":1,\"name\":\"Home\",\"item\":\"https:\\\/\\\/www.levicoacque.it\\\/de\\\/home\\\/\"},{\"@type\":\"ListItem\",\"position\":2,\"name\":\"Kontaktieren Sie uns\"}]},{\"@type\":\"WebSite\",\"@id\":\"https:\\\/\\\/www.levicoacque.it\\\/de\\\/#website\",\"url\":\"https:\\\/\\\/www.levicoacque.it\\\/de\\\/\",\"name\":\"Levico\",\"description\":\"Acqua Levico, acqua minerale pura e leggerissima\",\"potentialAction\":[{\"@type\":\"SearchAction\",\"target\":{\"@type\":\"EntryPoint\",\"urlTemplate\":\"https:\\\/\\\/www.levicoacque.it\\\/de\\\/?s={search_term_string}\"},\"query-input\":{\"@type\":\"PropertyValueSpecification\",\"valueRequired\":true,\"valueName\":\"search_term_string\"}}],\"inLanguage\":\"de\"}]}<\/script>\n<!-- \/ Yoast SEO plugin. -->","yoast_head_json":{"title":"Nehmen Sie Kontakt auf | Levico Acque","description":"Levico Acque ist ein Produzent von Mineralwasser in Glasflaschen f\u00fcr Haushalt und Gastronomie. Kontaktieren Sie uns jetzt, um mehr zu erfahren.","robots":{"index":"index","follow":"follow","max-snippet":"max-snippet:-1","max-image-preview":"max-image-preview:large","max-video-preview":"max-video-preview:-1"},"canonical":"https:\/\/www.levicoacque.it\/de\/kontaktieren-sie-uns\/","og_locale":"de_DE","og_type":"article","og_title":"Nehmen Sie Kontakt auf | Levico Acque","og_description":"Levico Acque ist ein Produzent von Mineralwasser in Glasflaschen f\u00fcr Haushalt und Gastronomie. Kontaktieren Sie uns jetzt, um mehr zu erfahren.","og_url":"https:\/\/www.levicoacque.it\/de\/kontaktieren-sie-uns\/","og_site_name":"Levico","article_modified_time":"2022-04-15T15:26:21+00:00","twitter_card":"summary_large_image","twitter_misc":{"Gesch\u00e4tzte Lesezeit":"2\u00a0Minuten"},"schema":{"@context":"https:\/\/schema.org","@graph":[{"@type":"WebPage","@id":"https:\/\/www.levicoacque.it\/de\/kontaktieren-sie-uns\/","url":"https:\/\/www.levicoacque.it\/de\/kontaktieren-sie-uns\/","name":"Nehmen Sie Kontakt auf | Levico Acque","isPartOf":{"@id":"https:\/\/www.levicoacque.it\/de\/#website"},"datePublished":"2019-06-05T10:12:21+00:00","dateModified":"2022-04-15T15:26:21+00:00","description":"Levico Acque ist ein Produzent von Mineralwasser in Glasflaschen f\u00fcr Haushalt und Gastronomie. Kontaktieren Sie uns jetzt, um mehr zu erfahren.","breadcrumb":{"@id":"https:\/\/www.levicoacque.it\/de\/kontaktieren-sie-uns\/#breadcrumb"},"inLanguage":"de","potentialAction":[{"@type":"ReadAction","target":["https:\/\/www.levicoacque.it\/de\/kontaktieren-sie-uns\/"]}]},{"@type":"BreadcrumbList","@id":"https:\/\/www.levicoacque.it\/de\/kontaktieren-sie-uns\/#breadcrumb","itemListElement":[{"@type":"ListItem","position":1,"name":"Home","item":"https:\/\/www.levicoacque.it\/de\/home\/"},{"@type":"ListItem","position":2,"name":"Kontaktieren Sie uns"}]},{"@type":"WebSite","@id":"https:\/\/www.levicoacque.it\/de\/#website","url":"https:\/\/www.levicoacque.it\/de\/","name":"Levico","description":"Acqua Levico, acqua minerale pura e leggerissima","potentialAction":[{"@type":"SearchAction","target":{"@type":"EntryPoint","urlTemplate":"https:\/\/www.levicoacque.it\/de\/?s={search_term_string}"},"query-input":{"@type":"PropertyValueSpecification","valueRequired":true,"valueName":"search_term_string"}}],"inLanguage":"de"}]}},"_links":{"self":[{"href":"https:\/\/www.levicoacque.it\/de\/wp-json\/wp\/v2\/pages\/4456","targetHints":{"allow":["GET"]}}],"collection":[{"href":"https:\/\/www.levicoacque.it\/de\/wp-json\/wp\/v2\/pages"}],"about":[{"href":"https:\/\/www.levicoacque.it\/de\/wp-json\/wp\/v2\/types\/page"}],"author":[{"embeddable":true,"href":"https:\/\/www.levicoacque.it\/de\/wp-json\/wp\/v2\/users\/2"}],"replies":[{"embeddable":true,"href":"https:\/\/www.levicoacque.it\/de\/wp-json\/wp\/v2\/comments?post=4456"}],"version-history":[{"count":9,"href":"https:\/\/www.levicoacque.it\/de\/wp-json\/wp\/v2\/pages\/4456\/revisions"}],"predecessor-version":[{"id":11382,"href":"https:\/\/www.levicoacque.it\/de\/wp-json\/wp\/v2\/pages\/4456\/revisions\/11382"}],"wp:attachment":[{"href":"https:\/\/www.levicoacque.it\/de\/wp-json\/wp\/v2\/media?parent=4456"}],"curies":[{"name":"wp","href":"https:\/\/api.w.org\/{rel}","templated":true}]}}