{"id":4463,"date":"2019-06-05T12:44:17","date_gmt":"2019-06-05T10:44:17","guid":{"rendered":"https:\/\/www.levicoacque.it\/datenschutzerklarung\/"},"modified":"2024-07-12T17:01:48","modified_gmt":"2024-07-12T15:01:48","slug":"datenschutzerklarung","status":"publish","type":"page","link":"https:\/\/www.levicoacque.it\/de\/datenschutzerklarung\/","title":{"rendered":"Datenschutzerkl\u00e4rung"},"content":{"rendered":"<div class=\"wpb-content-wrapper\"><p>[vc_row][vc_column][vc_column_text css=&#8220;&#8220;]<\/p>\n<h4>Datenschutzerkl\u00e4rung gem\u00e4\u00df Art. 13 der Verordnung (EU) 2016\/679<\/h4>\n<p>In \u00dcbereinstimmung mit den Grunds\u00e4tzen der Fairness, Gesetzlichkeit, Transparenz, Vertraulichkeitsschutz und den Rechten der betroffenen Person in Bezug auf die Verarbeitung ihrer personenbezogenen Daten gem\u00e4\u00df Art. 13 der Verordnung (EU) 2016\/679 (im Folgenden &#8218;DSGVO&#8216;) wird auf dieser Seite die Methode zur Verarbeitung personenbezogener Daten von Benutzern beschrieben, die die Website von LEVICO ACQUE S.B. S.R.L. (im Folgenden Datenverantwortlicher) elektronisch abrufen unter der folgenden Adresse:<\/p>\n<p>www.levicoacque.it<\/p>\n<p>Diese Informationen betreffen nicht andere Websites, Seiten oder Online-Dienste, die \u00fcber Hyperlinks m\u00f6glicherweise auf der Website ver\u00f6ffentlicht wurden, sondern sich auf Ressourcen au\u00dferhalb der Domain von LEVICO ACQUE S.B. S.R.L. beziehen.<\/p>\n<p>DATENVERANTWORTLICHER<br \/>\nDer Datenverantwortliche ist LEVICO ACQUE S.B. S.R.L., vertreten durch den gesetzlichen Vertreter pro tempore, mit Sitz in Piazzale Stazione 6 &#8211; 38056 Levico Terme (TN), E-Mail:<a href=\"mailto:info@levicoacque.it\"> info@levicoacque.it<\/a>, PEC: <a href=\"mailto:levicoacque@pec.tn.it\">levicoacque@pec.tn.it<\/a>, Telefon +39 0461\/702311.<\/p>\n<p>ZWECK DER VERARBEITUNG<br \/>\nInsbesondere werden die Daten f\u00fcr folgende Zwecke verarbeitet:<br \/>\n&#8211; erweiterte Navigation oder Verwaltung personalisierter Inhalte;<br \/>\n&#8211; Beantwortung einer ausdr\u00fccklich an die auf der Website angegebenen Kontaktdaten gesendeten Anfrage;<br \/>\n&#8211; Bereitstellung des angeforderten Dienstes;<br \/>\n&#8211; Versand von Mitteilungen per E-Mail (Newsletter) mit Informations-\/Werbeinhalten;<br \/>\n&#8211; im Zusammenhang mit der Umsetzung gesetzlicher und\/oder regulatorischer Anforderungen oder zur Beantwortung von Anfragen von Sicherheits- und\/oder Justizbeh\u00f6rden;<br \/>\n&#8211; Feststellung, Aus\u00fcbung oder Verteidigung eines Rechts des Datenverantwortlichen in Gerichtsverfahren oder wann immer die Justizbeh\u00f6rden ihre gerichtlichen Funktionen aus\u00fcben;<br \/>\n&#8211; Forschung\/statistische Analysen auf aggregierten oder anonymen Daten ohne M\u00f6glichkeit der Identifizierung des Benutzers, um das Funktionieren der Website zu messen, den Verkehr zu messen und das Interesse der Website zu bewerten.<\/p>\n<p>RECHTSGRUNDLAGE DER VERARBEITUNG<br \/>\nDie auf dieser Seite angegebenen personenbezogenen Daten werden ausschlie\u00dflich zum Zwecke der Bereitstellung des angeforderten Dienstes auf der Grundlage des berechtigten Interesses des Datenverantwortlichen und der Zustimmung der betroffenen Person in Bezug auf das Abonnement des Newsletters verarbeitet.<\/p>\n<p>ARTEN DER VERARBEITETEN DATEN UND ZWECKE DER VERARBEITUNG<br \/>\nNavigationsdaten<br \/>\nDie Computersysteme und Softwareverfahren, die f\u00fcr den Betrieb dieser Website verwendet werden, erfassen w\u00e4hrend ihres normalen Betriebs bestimmte personenbezogene Daten, deren \u00dcbertragung implizit in der Nutzung von Internet-Kommunikationsprotokollen enthalten ist.<br \/>\nZu dieser Kategorie von Daten geh\u00f6ren IP-Adressen oder Domain-Namen der von Benutzern verwendeten Computer, die eine Verbindung zur Website herstellen, die URI (Uniform Resource Identifier)-Adressen der angeforderten Ressourcen, die Uhrzeit der Anfrage, die Methode, die zur \u00dcbermittlung der Anfrage an den Server verwendet wird, die Gr\u00f6\u00dfe der als Antwort erhaltenen Datei, der numerische Code, der den Status der vom Server gegebenen Antwort angibt (erfolgreich, Fehler usw.), und andere Parameter in Bezug auf &#8230;<\/p>\n<p>Diese Daten, die f\u00fcr die Nutzung von Webdiensten erforderlich sind, werden auch zum Zwecke der:<br \/>\n&#8211; Gewinnung statistischer Informationen \u00fcber die Nutzung der Dienste (meistbesuchte Seiten, Anzahl der Besucher nach Zeitfenster oder t\u00e4glich, geografische Herkunftsgebiete usw.);<br \/>\n&#8211; \u00dcberpr\u00fcfung der ordnungsgem\u00e4\u00dfen Funktion der angebotenen Dienste.<\/p>\n<p>Das freiwillige, ausdr\u00fcckliche und freiwillige Senden von Nachrichten an die Kontaktadressen des Datenverantwortlichen f\u00fchrt zur Erfassung der Kontaktdaten des Absenders, die erforderlich sind, um zu antworten, sowie aller in den Mitteilungen enthaltenen personenbezogenen Daten.<\/p>\n<p>COOKIES UND ANDERE TRACKING-SYSTEME<br \/>\nF\u00fcr die verwendeten Cookie-Typen wird auf die sogenannte \u201cCookies-Richtlinie\u201d verwiesen, die <a href=\"https:\/\/www.levicoacque.it\/de\/?page_id=6146\">unter dem folgenden Link<\/a> verf\u00fcgbar ist &#8211;<\/p>\n<p>DATENEMPF\u00c4NGER<br \/>\nDie erhobenen personenbezogenen Daten k\u00f6nnen von Mitarbeitern verarbeitet werden, die auf der Grundlage spezifischer Anweisungen des Datenverantwortlichen in Bezug auf die Zwecke und Methoden der Verarbeitung handeln und von als Datenverarbeiter identifizierten Stellen.<\/p>\n<p>ORT DER DATENVERARBEITUNG<br \/>\nPersonenbezogene Daten werden grunds\u00e4tzlich innerhalb der Europ\u00e4ischen Union verarbeitet. Einige Anwendungen der vom Datenverantwortlichen verwendeten Dienste k\u00f6nnen jedoch die \u00dcbermittlung personenbezogener Daten in die Vereinigten Staaten beinhalten. Diese Verarbeitung ist gem\u00e4\u00df Art. 45 der Verordnung (EU) 2016\/679 durch eine Angemessenheitsentscheidung der Europ\u00e4ischen Kommission legitimiert. Falls erforderlich, hat der Datenverantwortliche das Recht, seine IT-Archive in andere Nicht-EU-L\u00e4nder zu verleg&#8230;<\/p>\n<p>RECHTE DER BETROFFENEN PERSONEN IN BEZUG AUF DIE DATENVERARBEITUNG<br \/>\nGem\u00e4\u00df den Artikeln 15, 16, 17, 18, 19, 20, 21 und 77 der Verordnung wird die betroffene Person dar\u00fcber informiert, dass:<br \/>\n&#8211; sie das Recht hat, Zugang zu personenbezogenen Daten zu verlangen, die Berichtigung, L\u00f6schung derselben oder die Einschr\u00e4nkung der Verarbeitung in Bezug auf sie oder Einspruch gegen deren Verarbeitung und die \u00dcbertragung ihrer Daten an einen anderen Datenverantwortlichen zu verlangen, wo zutreffend;<br \/>\n&#8211; jede Berichtigung, L\u00f6schung oder Einschr\u00e4nkung der Verarbeitung, die auf Antrag der betroffenen Person vorgenommen wird &#8211; es sei denn, dies erweist sich als unm\u00f6glich oder erfordert einen unverh\u00e4ltnism\u00e4\u00dfigen Aufwand &#8211; wird von der Unterzeichnenden an jeden der Verarbeiter mitgeteilt, an die die personenbezogenen Daten \u00fcbermittelt wurden;<br \/>\n&#8211; sie das Recht hat, bei der Datenschutzbeh\u00f6rde Beschwerde einzureichen, indem sie den Verfahren und Anweisungen folgt, die auf der offiziellen Website der Beh\u00f6rde unter www.garanteprivacy.it ver\u00f6ffentlicht sind.<\/p>\n<p>Die Aus\u00fcbung der Rechte unterliegt keinen Formzw\u00e4ngen und ist kostenlos.<\/p>\n<p>Informationen aktualisiert am 04\/04\/2024.[\/vc_column_text][\/vc_column][\/vc_row]<\/p>\n<\/div>","protected":false},"excerpt":{"rendered":"<p>[vc_row][vc_column][vc_column_text css=&#8220;&#8220;] Datenschutzerkl\u00e4rung gem\u00e4\u00df Art. 13 der Verordnung (EU) 2016\/679 In \u00dcbereinstimmung mit den Grunds\u00e4tzen der Fairness, Gesetzlichkeit, Transparenz, Vertraulichkeitsschutz und den Rechten der betroffenen Person in Bezug auf die<\/p>\n","protected":false},"author":2,"featured_media":0,"parent":0,"menu_order":0,"comment_status":"closed","ping_status":"open","template":"","meta":{"_acf_changed":false,"footnotes":""},"class_list":["post-4463","page","type-page","status-publish","hentry"],"acf":[],"yoast_head":"<!-- This site is optimized with the Yoast SEO plugin v27.4 - https:\/\/yoast.com\/product\/yoast-seo-wordpress\/ -->\n<title>Datenschutzerkl\u00e4rung - Levico<\/title>\n<meta name=\"robots\" content=\"index, follow, max-snippet:-1, max-image-preview:large, max-video-preview:-1\" \/>\n<link rel=\"canonical\" href=\"https:\/\/www.levicoacque.it\/de\/datenschutzerklarung\/\" \/>\n<meta property=\"og:locale\" content=\"de_DE\" \/>\n<meta property=\"og:type\" content=\"article\" \/>\n<meta property=\"og:title\" content=\"Datenschutzerkl\u00e4rung - Levico\" \/>\n<meta property=\"og:description\" content=\"[vc_row][vc_column][vc_column_text css=&#8220;&#8220;] Datenschutzerkl\u00e4rung gem\u00e4\u00df Art. 13 der Verordnung (EU) 2016\/679 In \u00dcbereinstimmung mit den Grunds\u00e4tzen der Fairness, Gesetzlichkeit, Transparenz, Vertraulichkeitsschutz und den Rechten der betroffenen Person in Bezug auf die\" \/>\n<meta property=\"og:url\" content=\"https:\/\/www.levicoacque.it\/de\/datenschutzerklarung\/\" \/>\n<meta property=\"og:site_name\" content=\"Levico\" \/>\n<meta property=\"article:modified_time\" content=\"2024-07-12T15:01:48+00:00\" \/>\n<meta name=\"twitter:card\" content=\"summary_large_image\" \/>\n<meta name=\"twitter:label1\" content=\"Gesch\u00e4tzte Lesezeit\" \/>\n\t<meta name=\"twitter:data1\" content=\"6\u00a0Minuten\" \/>\n<script type=\"application\/ld+json\" class=\"yoast-schema-graph\">{\"@context\":\"https:\\\/\\\/schema.org\",\"@graph\":[{\"@type\":\"WebPage\",\"@id\":\"https:\\\/\\\/www.levicoacque.it\\\/de\\\/datenschutzerklarung\\\/\",\"url\":\"https:\\\/\\\/www.levicoacque.it\\\/de\\\/datenschutzerklarung\\\/\",\"name\":\"Datenschutzerkl\u00e4rung - Levico\",\"isPartOf\":{\"@id\":\"https:\\\/\\\/www.levicoacque.it\\\/de\\\/#website\"},\"datePublished\":\"2019-06-05T10:44:17+00:00\",\"dateModified\":\"2024-07-12T15:01:48+00:00\",\"breadcrumb\":{\"@id\":\"https:\\\/\\\/www.levicoacque.it\\\/de\\\/datenschutzerklarung\\\/#breadcrumb\"},\"inLanguage\":\"de\",\"potentialAction\":[{\"@type\":\"ReadAction\",\"target\":[\"https:\\\/\\\/www.levicoacque.it\\\/de\\\/datenschutzerklarung\\\/\"]}]},{\"@type\":\"BreadcrumbList\",\"@id\":\"https:\\\/\\\/www.levicoacque.it\\\/de\\\/datenschutzerklarung\\\/#breadcrumb\",\"itemListElement\":[{\"@type\":\"ListItem\",\"position\":1,\"name\":\"Home\",\"item\":\"https:\\\/\\\/www.levicoacque.it\\\/de\\\/home\\\/\"},{\"@type\":\"ListItem\",\"position\":2,\"name\":\"Datenschutzerkl\u00e4rung\"}]},{\"@type\":\"WebSite\",\"@id\":\"https:\\\/\\\/www.levicoacque.it\\\/de\\\/#website\",\"url\":\"https:\\\/\\\/www.levicoacque.it\\\/de\\\/\",\"name\":\"Levico\",\"description\":\"Acqua Levico, acqua minerale pura e leggerissima\",\"potentialAction\":[{\"@type\":\"SearchAction\",\"target\":{\"@type\":\"EntryPoint\",\"urlTemplate\":\"https:\\\/\\\/www.levicoacque.it\\\/de\\\/?s={search_term_string}\"},\"query-input\":{\"@type\":\"PropertyValueSpecification\",\"valueRequired\":true,\"valueName\":\"search_term_string\"}}],\"inLanguage\":\"de\"}]}<\/script>\n<!-- \/ Yoast SEO plugin. -->","yoast_head_json":{"title":"Datenschutzerkl\u00e4rung - Levico","robots":{"index":"index","follow":"follow","max-snippet":"max-snippet:-1","max-image-preview":"max-image-preview:large","max-video-preview":"max-video-preview:-1"},"canonical":"https:\/\/www.levicoacque.it\/de\/datenschutzerklarung\/","og_locale":"de_DE","og_type":"article","og_title":"Datenschutzerkl\u00e4rung - Levico","og_description":"[vc_row][vc_column][vc_column_text css=&#8220;&#8220;] Datenschutzerkl\u00e4rung gem\u00e4\u00df Art. 13 der Verordnung (EU) 2016\/679 In \u00dcbereinstimmung mit den Grunds\u00e4tzen der Fairness, Gesetzlichkeit, Transparenz, Vertraulichkeitsschutz und den Rechten der betroffenen Person in Bezug auf die","og_url":"https:\/\/www.levicoacque.it\/de\/datenschutzerklarung\/","og_site_name":"Levico","article_modified_time":"2024-07-12T15:01:48+00:00","twitter_card":"summary_large_image","twitter_misc":{"Gesch\u00e4tzte Lesezeit":"6\u00a0Minuten"},"schema":{"@context":"https:\/\/schema.org","@graph":[{"@type":"WebPage","@id":"https:\/\/www.levicoacque.it\/de\/datenschutzerklarung\/","url":"https:\/\/www.levicoacque.it\/de\/datenschutzerklarung\/","name":"Datenschutzerkl\u00e4rung - Levico","isPartOf":{"@id":"https:\/\/www.levicoacque.it\/de\/#website"},"datePublished":"2019-06-05T10:44:17+00:00","dateModified":"2024-07-12T15:01:48+00:00","breadcrumb":{"@id":"https:\/\/www.levicoacque.it\/de\/datenschutzerklarung\/#breadcrumb"},"inLanguage":"de","potentialAction":[{"@type":"ReadAction","target":["https:\/\/www.levicoacque.it\/de\/datenschutzerklarung\/"]}]},{"@type":"BreadcrumbList","@id":"https:\/\/www.levicoacque.it\/de\/datenschutzerklarung\/#breadcrumb","itemListElement":[{"@type":"ListItem","position":1,"name":"Home","item":"https:\/\/www.levicoacque.it\/de\/home\/"},{"@type":"ListItem","position":2,"name":"Datenschutzerkl\u00e4rung"}]},{"@type":"WebSite","@id":"https:\/\/www.levicoacque.it\/de\/#website","url":"https:\/\/www.levicoacque.it\/de\/","name":"Levico","description":"Acqua Levico, acqua minerale pura e leggerissima","potentialAction":[{"@type":"SearchAction","target":{"@type":"EntryPoint","urlTemplate":"https:\/\/www.levicoacque.it\/de\/?s={search_term_string}"},"query-input":{"@type":"PropertyValueSpecification","valueRequired":true,"valueName":"search_term_string"}}],"inLanguage":"de"}]}},"_links":{"self":[{"href":"https:\/\/www.levicoacque.it\/de\/wp-json\/wp\/v2\/pages\/4463","targetHints":{"allow":["GET"]}}],"collection":[{"href":"https:\/\/www.levicoacque.it\/de\/wp-json\/wp\/v2\/pages"}],"about":[{"href":"https:\/\/www.levicoacque.it\/de\/wp-json\/wp\/v2\/types\/page"}],"author":[{"embeddable":true,"href":"https:\/\/www.levicoacque.it\/de\/wp-json\/wp\/v2\/users\/2"}],"replies":[{"embeddable":true,"href":"https:\/\/www.levicoacque.it\/de\/wp-json\/wp\/v2\/comments?post=4463"}],"version-history":[{"count":3,"href":"https:\/\/www.levicoacque.it\/de\/wp-json\/wp\/v2\/pages\/4463\/revisions"}],"predecessor-version":[{"id":25500,"href":"https:\/\/www.levicoacque.it\/de\/wp-json\/wp\/v2\/pages\/4463\/revisions\/25500"}],"wp:attachment":[{"href":"https:\/\/www.levicoacque.it\/de\/wp-json\/wp\/v2\/media?parent=4463"}],"curies":[{"name":"wp","href":"https:\/\/api.w.org\/{rel}","templated":true}]}}