{"id":4514,"date":"2019-06-28T17:50:04","date_gmt":"2019-06-28T15:50:04","guid":{"rendered":"https:\/\/www.levicoacque.it\/cremadacqua\/"},"modified":"2021-04-27T17:47:53","modified_gmt":"2021-04-27T15:47:53","slug":"cremadacqua","status":"publish","type":"page","link":"https:\/\/www.levicoacque.it\/de\/cremadacqua\/","title":{"rendered":"Cremadacqua"},"content":{"rendered":"<div class=\"wpb-content-wrapper\"><p>[vc_row dfd_bg_style=&#8220;image&#8220; dfd_parallax_style=&#8220;dfd_vertical_parallax&#8220; dfd_bg_image_new=&#8220;2360&#8243; dfd_bg_image_repeat=&#8220;no-repeat&#8220; dfd_parallax_sense=&#8220;40&#8243; dfd_mobile_enable=&#8220;&#8220; dfd_enable_overlay=&#8220;&#8220; dfd_row_parallax=&#8220;dfd-row-parallax&#8220; css=&#8220;.vc_custom_1550427503867{padding-top: 140px !important;padding-bottom: 140px !important;}&#8220;][vc_column width=&#8220;5\/6&#8243;]<div class=\"dfd-heading-shortcode\"><div class=\"dfd-heading-module-wrap  text-left style_02 dfd-heading-69f3d59670803 dfd-disable-resposive-headings\" id=\"dfd-heading-69f3d59670803\" ><div class=\"inline-block\"><div class=\"dfd-heading-module\"><h4 class=\"widget-sub-title dfd-sub-title \" style=\"color: #7c7b7b !important; \">CREMADACQUA<\/h4><h1 class=\"widget-title dfd-title \" style=\"color: #7c7b7b !important; \">Reine und leichte Feuchtigkeitszuf\u00fchrung, basierend auf dem nat\u00fcrlichen Mineralwasser des Trentino.<\/p>\n<p><\/h1><\/div><\/div><\/div><script type=\"text\/javascript\">\r\n\t\t\t\t\t\t\t\t\t(function($) {\r\n\t\t\t\t\t\t\t\t\t\t$(\"head\").append(\"<style>.dfd-heading-69f3d59670803 .dfd-heading-module .widget-sub-title {margin-bottom:20px;}.dfd-heading-69f3d59670803.dfd-heading-module-wrap .dfd-heading-module .dfd-heading-delimiter {margin-top:10px;margin-bottom:10px;}<\/style>\");\r\n\t\t\t\t\t\t\t\t\t})(jQuery);\r\n\t\t\t\t\t\t\t\t<\/script><\/div><div class=\"dfd-spacer-module\"  data-units=\"px\" data-wide_resolution=\"1280\" data-wide_size=\"40\" data-normal_resolution=\"1024\" data-normal_size=\"40\" data-tablet_resolution=\"800\" data-tablet_size=\"40\" data-mobile_resolution=\"480\" data-mobile_size=\"20\" style=\"height: 40px;\"><\/div><div id=\"dfd-button-69f3d5967092e\" class=\"dfd-button-module-wrap dfd-button-69f3d5967092e\"><div class=\"dfd-button-module bottone style_1 text-left dfd-horizontal dfd-top-to-bottom dfd-button-icon-left dfd-button-icon-hover-simple\" ><a href=\"#crema\" class=\"dfd-button-link\"><span class=\"dfd-button-inner-cover\"><span class=\"dfd-button-text-main\">Entdecken Sie mehr<\/span><\/span><\/a><\/div><script type=\"text\/javascript\">\r\n\t\t\t\t\t\t\t\t\t(function($) {$(\"head\").append(\"<style>#dfd-button-69f3d5967092e.dfd-button-module-wrap .dfd-button-module .dfd-button-link .dfd-button-inner-cover .dfd-button-text-main, .dfd-button-69f3d5967092e.dfd-button-module-wrap .dfd-button-module .dfd-button-link .dfd-button-inner-cover .dfd-button-text-main, .dfd-button-69f3d5967092e.dfd-button-module-wrap .dfd-button-module .dfd-button-link .dfd-button-inner-cover .dfd-button-text-hover, #dfd-button-69f3d5967092e.dfd-button-module-wrap .dfd-button-module .dfd-button-link .dfd-button-inner-cover .dfd-button-text-hover {padding-left: 30px;}#dfd-button-69f3d5967092e.dfd-button-module-wrap .dfd-button-module .dfd-button-link .dfd-button-inner-cover .dfd-button-text-main, .dfd-button-69f3d5967092e.dfd-button-module-wrap .dfd-button-module .dfd-button-link .dfd-button-inner-cover .dfd-button-text-main, .dfd-button-69f3d5967092e.dfd-button-module-wrap .dfd-button-module .dfd-button-link .dfd-button-inner-cover .dfd-button-text-hover, #dfd-button-69f3d5967092e.dfd-button-module-wrap .dfd-button-module .dfd-button-link .dfd-button-inner-cover .dfd-button-text-hover {padding-right: 30px;}#dfd-button-69f3d5967092e.dfd-button-module-wrap .dfd-button-module .dfd-button-link .dfd-button-inner-cover .dfd-button-text-main,.dfd-button-69f3d5967092e.dfd-button-module-wrap .dfd-button-module .dfd-button-link .dfd-button-inner-cover .dfd-button-text-main {color: #ffffff}#dfd-button-69f3d5967092e.dfd-button-module-wrap .dfd-button-module .dfd-button-link .dfd-button-inner-cover,.dfd-button-69f3d5967092e.dfd-button-module-wrap .dfd-button-module .dfd-button-link .dfd-button-border-decoration,.dfd-button-69f3d5967092e.dfd-button-module-wrap .dfd-button-module .dfd-button-link .dfd-button-inner-cover {border-radius:1px;}#dfd-button-69f3d5967092e.dfd-button-module-wrap .dfd-button-module:not(.style_4) .dfd-button-link .dfd-button-inner-cover:before,#dfd-button-69f3d5967092e.dfd-button-module-wrap .dfd-button-module.style_4 .dfd-button-link .dfd-button-inner-cover:after,#dfd-button-69f3d5967092e.dfd-button-module-wrap .dfd-button-module.style_6 .dfd-button-link .dfd-button-inner-cover .dfd-button-text-main,.dfd-button-69f3d5967092e.dfd-button-module-wrap .dfd-button-module:not(.style_4) .dfd-button-link .dfd-button-inner-cover:before,.dfd-button-69f3d5967092e.dfd-button-module-wrap .dfd-button-module.style_4 .dfd-button-link .dfd-button-inner-cover:after,.dfd-button-69f3d5967092e.dfd-button-module-wrap .dfd-button-module.style_6 .dfd-button-link .dfd-button-inner-cover .dfd-button-text-main {border-style:solid;border-width:2px;border-radius:1px;border-color:#ffffff;}#dfd-button-69f3d5967092e.dfd-button-module-wrap .dfd-button-module:not(.style_6) .dfd-button-link:hover .dfd-button-inner-cover .dfd-button-text-main,#dfd-button-69f3d5967092e.dfd-button-module-wrap .dfd-button-module .dfd-button-link .dfd-button-inner-cover .dfd-button-text-hover,.dfd-button-69f3d5967092e.dfd-button-module-wrap .dfd-button-module:not(.style_6) .dfd-button-link:hover .dfd-button-inner-cover .dfd-button-text-main,.dfd-button-69f3d5967092e.dfd-button-module-wrap .dfd-button-module .dfd-button-link .dfd-button-inner-cover .dfd-button-text-hover {color: #ffffff;}#dfd-button-69f3d5967092e.dfd-button-module-wrap .dfd-button-module .dfd-button-link:hover .dfd-button-inner-cover,.dfd-button-69f3d5967092e.dfd-button-module-wrap .dfd-button-module .dfd-button-link:hover .dfd-button-border-decoration,.dfd-button-69f3d5967092e.dfd-button-module-wrap .dfd-button-module .dfd-button-link:hover .dfd-button-inner-cover {border-radius:30px;}#dfd-button-69f3d5967092e.dfd-button-module-wrap .dfd-button-module:not(.style_4) .dfd-button-link .dfd-button-inner-cover:after,#dfd-button-69f3d5967092e.dfd-button-module-wrap .dfd-button-module.style_4 .dfd-button-link .dfd-button-inner-cover:before,#dfd-button-69f3d5967092e.dfd-button-module-wrap .dfd-button-module .dfd-button-link .dfd-button-inner-cover .dfd-button-text-hover .dfd-button-69f3d5967092e.dfd-button-module-wrap .dfd-button-module:not(.style_4) .dfd-button-link .dfd-button-inner-cover:after,.dfd-button-69f3d5967092e.dfd-button-module-wrap .dfd-button-module.style_4 .dfd-button-link .dfd-button-inner-cover:before,.dfd-button-69f3d5967092e.dfd-button-module-wrap .dfd-button-module .dfd-button-link .dfd-button-inner-cover .dfd-button-text-hover {border-style:solid;border-width:2px;border-radius:30px;border-color:#ffffff;}#dfd-button-69f3d5967092e.dfd-button-module-wrap .dfd-button-module.style_3 .dfd-button-link:hover .dfd-button-inner-cover:before,#dfd-button-69f3d5967092e.dfd-button-module-wrap .dfd-button-module.style_4 .dfd-button-link:hover .dfd-button-inner-cover:before,.dfd-button-69f3d5967092e.dfd-button-module-wrap .dfd-button-module.style_3 .dfd-button-link:hover .dfd-button-inner-cover:before,.dfd-button-69f3d5967092e.dfd-button-module-wrap .dfd-button-module.style_4 .dfd-button-link:hover .dfd-button-inner-cover:before {border-style:solid;border-width:2px;border-radius:30px;border-color:#ffffff;}#dfd-button-69f3d5967092e.dfd-button-module-wrap .dfd-button-module .dfd-button-link .dfd-button-tooltip,.dfd-button-69f3d5967092e.dfd-button-module-wrap .dfd-button-module .dfd-button-link .dfd-button-tooltip {color: #d6d4d4;}<\/style>\")\r\n\t\t\t\t\t\t\t\t\t})(jQuery);\r\n\t\t\t\t\t\t\t\t<\/script><\/div><div class=\"dfd-spacer-module\"  data-units=\"px\" data-wide_resolution=\"1280\" data-wide_size=\"280\" data-normal_resolution=\"1024\" data-normal_size=\"280\" data-tablet_resolution=\"800\" data-tablet_size=\"200\" data-mobile_resolution=\"480\" data-mobile_size=\"80\" style=\"height: 280px;\"><\/div>[\/vc_column][vc_column width=&#8220;1\/6&#8243;][\/vc_column][\/vc_row][vc_row anchor=&#8220;crema&#8220;][vc_column]<div class=\"dfd-spacer-module\"  data-units=\"px\" data-wide_resolution=\"1280\" data-wide_size=\"60\" data-normal_resolution=\"1024\" data-normal_size=\"60\" data-tablet_resolution=\"800\" data-tablet_size=\"50\" data-mobile_resolution=\"480\" data-mobile_size=\"20\" style=\"height: 60px;\"><\/div><div class=\"dfd-heading-shortcode\"><div class=\"dfd-heading-module-wrap  text-center style_01 dfd-heading-69f3d59670a12 dfd-disable-resposive-headings\" id=\"dfd-heading-69f3d59670a12\" ><div class=\"inline-block\"><div class=\"dfd-heading-module\"><h2 class=\"widget-title dfd-title \" style=\"\"><\/p>\n<p style=\"text-align: center;\">Cremadacqua sind die Feuchtigkeitsprodukte auf Basis von Acqua Levico, die Ihre Haut auf nat\u00fcrliche Weise pflegen<\/p>\n<p><\/h2><\/div><\/div><\/div><script type=\"text\/javascript\">\r\n\t\t\t\t\t\t\t\t\t(function($) {\r\n\t\t\t\t\t\t\t\t\t\t$(\"head\").append(\"<style>.dfd-heading-69f3d59670a12.dfd-heading-module-wrap .dfd-heading-module .dfd-heading-delimiter {margin-top:10px;margin-bottom:10px;}<\/style>\");\r\n\t\t\t\t\t\t\t\t\t})(jQuery);\r\n\t\t\t\t\t\t\t\t<\/script><\/div><div class=\"dfd-spacer-module\"  data-units=\"px\" data-wide_resolution=\"1280\" data-wide_size=\"150\" data-normal_resolution=\"1024\" data-normal_size=\"140\" data-tablet_resolution=\"800\" data-tablet_size=\"100\" data-mobile_resolution=\"480\" data-mobile_size=\"50\" style=\"height: 150px;\"><\/div>[vc_row_inner][vc_column_inner width=&#8220;1\/2&#8243;]<div id=\"dfd-single-image-module69f3d59670c21-9239\" class=\"dfd-single-image-module  image-center  cr-animate-gen dfd-img-lazy-load\" data-animate-type = \"transition.slideLeftIn\" ><img loading=\"lazy\" decoding=\"async\" src=\"data:image\/svg+xml;charset=utf-8,%3Csvg xmlns%3D'http%3A%2F%2Fwww.w3.org%2F2000%2Fsvg' viewBox%3D'0 0 900 465'%2F%3E\" data-src=\"https:\/\/www.levicoacque.it\/wp-content\/uploads\/2018\/09\/cremadacqua-1.jpg\" width=\"900\" height=\"465\"  alt=\"Levico acqua minerale Cremadacqua\" \/><\/div>[\/vc_column_inner][vc_column_inner width=&#8220;1\/2&#8243;][vc_column_text css_animation=&#8220;fadeInRight&#8220;]<strong>Reine und leichte Feuchtigkeitszuf\u00fchrung f\u00fcr die Haut, basierend auf dem nat\u00fcrlichen Mineralwasser des Trentino.<\/strong><\/p>\n<p>Die Haut lebt von Wasser. Durch die Feuchtigkeitszuf\u00fchrung wird der Wasserhaushalt der Zellen harmonisiert. Sie regenerieren sich und widerstehen Angriffen \u00e4u\u00dferer Einwirkungen und auch Alterungsprozessen: eine Haut mit korrekter Feuchtigkeitszufuhr ist ges\u00fcnder, kr\u00e4ftiger und sch\u00f6ner. Die Reihe der Kosmetikprodukte Cremadacqua Levico auf Basis des reinen und leichten Quellwasser Levico entspricht allen Anforderungen einer Feuchtigkeits- und N\u00e4hrstoffzufuhr der Haut und macht sie gl\u00e4nzend und jung. Rein wie das Wasser.[\/vc_column_text][\/vc_column_inner][\/vc_row_inner]<div id=\"dfd-single-image-module69f3d59670d8f-7068\" class=\"dfd-single-image-module  image-center dfd-image-scale cr-animate-gen dfd-img-lazy-load\" data-animate-type = \"transition.slideUpIn\" ><img loading=\"lazy\" decoding=\"async\" src=\"data:image\/svg+xml;charset=utf-8,%3Csvg xmlns%3D'http%3A%2F%2Fwww.w3.org%2F2000%2Fsvg' viewBox%3D'0 0 1300 777'%2F%3E\" data-src=\"https:\/\/www.levicoacque.it\/wp-content\/uploads\/2019\/02\/Levico-Cremadacqua-Prodotti-.jpg\" width=\"1300\" height=\"777\"  alt=\"Levico acqua minerale Cremadacqua prodotti\" \/><\/div><div class=\"dfd-spacer-module\"  data-units=\"px\" data-wide_resolution=\"1280\" data-wide_size=\"30\" data-normal_resolution=\"1024\" data-normal_size=\"30\" data-tablet_resolution=\"800\" data-tablet_size=\"20\" data-mobile_resolution=\"480\" data-mobile_size=\"10\" style=\"height: 30px;\"><\/div>[vc_row_inner][vc_column_inner width=&#8220;1\/6&#8243;][vc_column_text]<strong>HANDCREME<\/strong><br \/>\nLindert, regeneriert und gibt der Haut in hohem Ma\u00dfe Feuchtigkeit.[\/vc_column_text][\/vc_column_inner][vc_column_inner width=&#8220;1\/6&#8243;][vc_column_text]<strong>K\u00d6RPERCREME<\/strong><br \/>\nF\u00fcr samtweiche und glatte Haut.[\/vc_column_text][\/vc_column_inner][vc_column_inner width=&#8220;1\/6&#8243;][vc_column_text]<strong>REINIGUNGSMILCH<\/strong><br \/>\nF\u00fcr die t\u00e4gliche Sch\u00f6nheitspflege.[\/vc_column_text][\/vc_column_inner][vc_column_inner width=&#8220;1\/6&#8243;][vc_column_text]<strong>GESICHTSWASSER<\/strong><br \/>\nZur sanften Belebung der Gesichtshaut.[\/vc_column_text][\/vc_column_inner][vc_column_inner width=&#8220;2\/6&#8243;][vc_column_text]<strong>GESICHTSCREME<\/strong><br \/>\nIdeal auch f\u00fcr zarte und reizempfindliche Haut.[\/vc_column_text][\/vc_column_inner][\/vc_row_inner][\/vc_column][\/vc_row][vc_row dfd_row_responsive_enable=&#8220;dfd-row-responsive-enable&#8220; responsive_styles=&#8220;margin_top_desktop:0|margin_bottom_desktop:0|margin_left_desktop:400|margin_right_desktop:400|padding_top_desktop:0|padding_bottom_desktop:0|padding_left_desktop:200|padding_right_desktop:200|margin_top_tablet:0|margin_bottom_tablet:0|margin_left_tablet:80|margin_right_tablet:80|padding_top_tablet:0|padding_bottom_tablet:0|padding_left_tablet:200|padding_right_tablet:200|margin_top_mobile:0|margin_bottom_mobile:0|margin_left_mobile:5|margin_right_mobile:5|padding_top_mobile:0|padding_bottom_mobile:0|padding_left_mobile:5|padding_right_mobile:5&#8243; css=&#8220;.vc_custom_1530167554656{margin-right: 15% !important;margin-left: 15% !important;}&#8220;][vc_column]<div class=\"dfd-spacer-module\"  data-units=\"px\" data-wide_resolution=\"1280\" data-wide_size=\"60\" data-normal_resolution=\"1024\" data-normal_size=\"60\" data-tablet_resolution=\"800\" data-tablet_size=\"50\" data-mobile_resolution=\"480\" data-mobile_size=\"20\" style=\"height: 60px;\"><\/div>[\/vc_column][\/vc_row][vc_row dfd_enable_overlay=&#8220;&#8220; css=&#8220;.vc_custom_1552496724200{margin-right: 13% !important;margin-bottom: 50px !important;margin-left: 13% !important;border-top-width: 2px !important;border-right-width: 2px !important;border-bottom-width: 2px !important;border-left-width: 2px !important;border-left-color: #9bbed4 !important;border-left-style: solid !important;border-right-color: #9bbed4 !important;border-right-style: solid !important;border-top-color: #9bbed4 !important;border-top-style: solid !important;border-bottom-color: #9bbed4 !important;border-bottom-style: solid !important;}&#8220;][vc_column]<div class=\"dfd-spacer-module\"  data-units=\"px\" data-wide_resolution=\"1280\" data-wide_size=\"30\" data-normal_resolution=\"1024\" data-normal_size=\"30\" data-tablet_resolution=\"800\" data-tablet_size=\"20\" data-mobile_resolution=\"480\" data-mobile_size=\"10\" style=\"height: 30px;\"><\/div><div class=\"dfd-heading-shortcode\"><div class=\"dfd-heading-module-wrap  text-center style_01 dfd-heading-69f3d59670e71 dfd-disable-resposive-headings\" id=\"dfd-heading-69f3d59670e71\" ><div class=\"inline-block\"><div class=\"dfd-heading-module\"><h3 class=\"widget-title dfd-title \" style=\"font-size: 28px; color: #6ea1c0 !important; line-height: 32px; \"><\/p>\n<h3 style=\"text-align: center;\">F\u00fcr die Produkte Cremadacqua <a href=\"mailto:info@levicoacque.it\">kontakteren Sie uns<\/a> oder rufen Sie die geb\u00fchrenfreie Nummer 800-259811 an.<\/h3>\n<p><\/h3><\/div><\/div><\/div><script type=\"text\/javascript\">\r\n\t\t\t\t\t\t\t\t\t(function($) {\r\n\t\t\t\t\t\t\t\t\t\t$(\"head\").append(\"<style>.dfd-heading-69f3d59670e71.dfd-heading-module-wrap .dfd-heading-module .dfd-heading-delimiter {margin-top:10px;margin-bottom:10px;}@media (max-width: 799px){.dfd-heading-69f3d59670e71 .dfd-title{font-size: 21px !important;line-height: 22px !important;}}<\/style>\");\r\n\t\t\t\t\t\t\t\t\t})(jQuery);\r\n\t\t\t\t\t\t\t\t<\/script><\/div><div class=\"dfd-spacer-module\"  data-units=\"px\" data-wide_resolution=\"1280\" data-wide_size=\"30\" data-normal_resolution=\"1024\" data-normal_size=\"30\" data-tablet_resolution=\"800\" data-tablet_size=\"20\" data-mobile_resolution=\"480\" data-mobile_size=\"10\" style=\"height: 30px;\"><\/div>[\/vc_column][\/vc_row]<\/p>\n<\/div>","protected":false},"excerpt":{"rendered":"<p>[vc_row dfd_bg_style=&#8220;image&#8220; dfd_parallax_style=&#8220;dfd_vertical_parallax&#8220; dfd_bg_image_new=&#8220;2360&#8243; dfd_bg_image_repeat=&#8220;no-repeat&#8220; dfd_parallax_sense=&#8220;40&#8243; dfd_mobile_enable=&#8220;&#8220; dfd_enable_overlay=&#8220;&#8220; dfd_row_parallax=&#8220;dfd-row-parallax&#8220; css=&#8220;.vc_custom_1550427503867{padding-top: 140px !important;padding-bottom: 140px !important;}&#8220;][vc_column width=&#8220;5\/6&#8243;][\/vc_column][vc_column width=&#8220;1\/6&#8243;][\/vc_column][\/vc_row][vc_row anchor=&#8220;crema&#8220;][vc_column][vc_row_inner][vc_column_inner width=&#8220;1\/2&#8243;][\/vc_column_inner][vc_column_inner width=&#8220;1\/2&#8243;][vc_column_text css_animation=&#8220;fadeInRight&#8220;]Reine und leichte Feuchtigkeitszuf\u00fchrung f\u00fcr die Haut, basierend auf dem nat\u00fcrlichen<\/p>\n","protected":false},"author":2,"featured_media":4222,"parent":0,"menu_order":0,"comment_status":"closed","ping_status":"closed","template":"page-custom-with-header.php","meta":{"_acf_changed":false,"footnotes":""},"class_list":["post-4514","page","type-page","status-publish","has-post-thumbnail","hentry"],"acf":[],"yoast_head":"<!-- This site is optimized with the Yoast SEO plugin v27.4 - https:\/\/yoast.com\/product\/yoast-seo-wordpress\/ -->\n<title>Cremadacqua - Levico<\/title>\n<meta name=\"robots\" content=\"index, follow, max-snippet:-1, max-image-preview:large, max-video-preview:-1\" \/>\n<link rel=\"canonical\" href=\"https:\/\/www.levicoacque.it\/de\/cremadacqua\/\" \/>\n<meta property=\"og:locale\" content=\"de_DE\" \/>\n<meta property=\"og:type\" content=\"article\" \/>\n<meta property=\"og:title\" content=\"Cremadacqua - Levico\" \/>\n<meta property=\"og:description\" content=\"[vc_row dfd_bg_style=&#8220;image&#8220; dfd_parallax_style=&#8220;dfd_vertical_parallax&#8220; dfd_bg_image_new=&#8220;2360&#8243; dfd_bg_image_repeat=&#8220;no-repeat&#8220; dfd_parallax_sense=&#8220;40&#8243; dfd_mobile_enable=&#8220;&#8220; dfd_enable_overlay=&#8220;&#8220; dfd_row_parallax=&#8220;dfd-row-parallax&#8220; css=&#8220;.vc_custom_1550427503867{padding-top: 140px !important;padding-bottom: 140px !important;}&#8220;][vc_column width=&#8220;5\/6&#8243;][\/vc_column][vc_column width=&#8220;1\/6&#8243;][\/vc_column][\/vc_row][vc_row anchor=&#8220;crema&#8220;][vc_column][vc_row_inner][vc_column_inner width=&#8220;1\/2&#8243;][\/vc_column_inner][vc_column_inner width=&#8220;1\/2&#8243;][vc_column_text css_animation=&#8220;fadeInRight&#8220;]Reine und leichte Feuchtigkeitszuf\u00fchrung f\u00fcr die Haut, basierend auf dem nat\u00fcrlichen\" \/>\n<meta property=\"og:url\" content=\"https:\/\/www.levicoacque.it\/de\/cremadacqua\/\" \/>\n<meta property=\"og:site_name\" content=\"Levico\" \/>\n<meta property=\"article:modified_time\" content=\"2021-04-27T15:47:53+00:00\" \/>\n<meta property=\"og:image\" content=\"https:\/\/www.levicoacque.it\/wp-content\/uploads\/2019\/02\/Levico-Cremadacqua-Donna-anteprima-1.jpg\" \/>\n\t<meta property=\"og:image:width\" content=\"1000\" \/>\n\t<meta property=\"og:image:height\" content=\"648\" \/>\n\t<meta property=\"og:image:type\" content=\"image\/jpeg\" \/>\n<meta name=\"twitter:card\" content=\"summary_large_image\" \/>\n<meta name=\"twitter:label1\" content=\"Gesch\u00e4tzte Lesezeit\" \/>\n\t<meta name=\"twitter:data1\" content=\"5\u00a0Minuten\" \/>\n<script type=\"application\/ld+json\" class=\"yoast-schema-graph\">{\"@context\":\"https:\\\/\\\/schema.org\",\"@graph\":[{\"@type\":\"WebPage\",\"@id\":\"https:\\\/\\\/www.levicoacque.it\\\/de\\\/cremadacqua\\\/\",\"url\":\"https:\\\/\\\/www.levicoacque.it\\\/de\\\/cremadacqua\\\/\",\"name\":\"Cremadacqua - Levico\",\"isPartOf\":{\"@id\":\"https:\\\/\\\/www.levicoacque.it\\\/de\\\/#website\"},\"primaryImageOfPage\":{\"@id\":\"https:\\\/\\\/www.levicoacque.it\\\/de\\\/cremadacqua\\\/#primaryimage\"},\"image\":{\"@id\":\"https:\\\/\\\/www.levicoacque.it\\\/de\\\/cremadacqua\\\/#primaryimage\"},\"thumbnailUrl\":\"https:\\\/\\\/www.levicoacque.it\\\/wp-content\\\/uploads\\\/2019\\\/02\\\/Levico-Cremadacqua-Donna-anteprima-1.jpg\",\"datePublished\":\"2019-06-28T15:50:04+00:00\",\"dateModified\":\"2021-04-27T15:47:53+00:00\",\"breadcrumb\":{\"@id\":\"https:\\\/\\\/www.levicoacque.it\\\/de\\\/cremadacqua\\\/#breadcrumb\"},\"inLanguage\":\"de\",\"potentialAction\":[{\"@type\":\"ReadAction\",\"target\":[\"https:\\\/\\\/www.levicoacque.it\\\/de\\\/cremadacqua\\\/\"]}]},{\"@type\":\"ImageObject\",\"inLanguage\":\"de\",\"@id\":\"https:\\\/\\\/www.levicoacque.it\\\/de\\\/cremadacqua\\\/#primaryimage\",\"url\":\"https:\\\/\\\/www.levicoacque.it\\\/wp-content\\\/uploads\\\/2019\\\/02\\\/Levico-Cremadacqua-Donna-anteprima-1.jpg\",\"contentUrl\":\"https:\\\/\\\/www.levicoacque.it\\\/wp-content\\\/uploads\\\/2019\\\/02\\\/Levico-Cremadacqua-Donna-anteprima-1.jpg\",\"width\":1000,\"height\":648,\"caption\":\"\"},{\"@type\":\"BreadcrumbList\",\"@id\":\"https:\\\/\\\/www.levicoacque.it\\\/de\\\/cremadacqua\\\/#breadcrumb\",\"itemListElement\":[{\"@type\":\"ListItem\",\"position\":1,\"name\":\"Home\",\"item\":\"https:\\\/\\\/www.levicoacque.it\\\/de\\\/home\\\/\"},{\"@type\":\"ListItem\",\"position\":2,\"name\":\"Cremadacqua\"}]},{\"@type\":\"WebSite\",\"@id\":\"https:\\\/\\\/www.levicoacque.it\\\/de\\\/#website\",\"url\":\"https:\\\/\\\/www.levicoacque.it\\\/de\\\/\",\"name\":\"Levico\",\"description\":\"Acqua Levico, acqua minerale pura e leggerissima\",\"potentialAction\":[{\"@type\":\"SearchAction\",\"target\":{\"@type\":\"EntryPoint\",\"urlTemplate\":\"https:\\\/\\\/www.levicoacque.it\\\/de\\\/?s={search_term_string}\"},\"query-input\":{\"@type\":\"PropertyValueSpecification\",\"valueRequired\":true,\"valueName\":\"search_term_string\"}}],\"inLanguage\":\"de\"}]}<\/script>\n<!-- \/ Yoast SEO plugin. -->","yoast_head_json":{"title":"Cremadacqua - Levico","robots":{"index":"index","follow":"follow","max-snippet":"max-snippet:-1","max-image-preview":"max-image-preview:large","max-video-preview":"max-video-preview:-1"},"canonical":"https:\/\/www.levicoacque.it\/de\/cremadacqua\/","og_locale":"de_DE","og_type":"article","og_title":"Cremadacqua - Levico","og_description":"[vc_row dfd_bg_style=&#8220;image&#8220; dfd_parallax_style=&#8220;dfd_vertical_parallax&#8220; dfd_bg_image_new=&#8220;2360&#8243; dfd_bg_image_repeat=&#8220;no-repeat&#8220; dfd_parallax_sense=&#8220;40&#8243; dfd_mobile_enable=&#8220;&#8220; dfd_enable_overlay=&#8220;&#8220; dfd_row_parallax=&#8220;dfd-row-parallax&#8220; css=&#8220;.vc_custom_1550427503867{padding-top: 140px !important;padding-bottom: 140px !important;}&#8220;][vc_column width=&#8220;5\/6&#8243;][\/vc_column][vc_column width=&#8220;1\/6&#8243;][\/vc_column][\/vc_row][vc_row anchor=&#8220;crema&#8220;][vc_column][vc_row_inner][vc_column_inner width=&#8220;1\/2&#8243;][\/vc_column_inner][vc_column_inner width=&#8220;1\/2&#8243;][vc_column_text css_animation=&#8220;fadeInRight&#8220;]Reine und leichte Feuchtigkeitszuf\u00fchrung f\u00fcr die Haut, basierend auf dem nat\u00fcrlichen","og_url":"https:\/\/www.levicoacque.it\/de\/cremadacqua\/","og_site_name":"Levico","article_modified_time":"2021-04-27T15:47:53+00:00","og_image":[{"width":1000,"height":648,"url":"https:\/\/www.levicoacque.it\/wp-content\/uploads\/2019\/02\/Levico-Cremadacqua-Donna-anteprima-1.jpg","type":"image\/jpeg"}],"twitter_card":"summary_large_image","twitter_misc":{"Gesch\u00e4tzte Lesezeit":"5\u00a0Minuten"},"schema":{"@context":"https:\/\/schema.org","@graph":[{"@type":"WebPage","@id":"https:\/\/www.levicoacque.it\/de\/cremadacqua\/","url":"https:\/\/www.levicoacque.it\/de\/cremadacqua\/","name":"Cremadacqua - Levico","isPartOf":{"@id":"https:\/\/www.levicoacque.it\/de\/#website"},"primaryImageOfPage":{"@id":"https:\/\/www.levicoacque.it\/de\/cremadacqua\/#primaryimage"},"image":{"@id":"https:\/\/www.levicoacque.it\/de\/cremadacqua\/#primaryimage"},"thumbnailUrl":"https:\/\/www.levicoacque.it\/wp-content\/uploads\/2019\/02\/Levico-Cremadacqua-Donna-anteprima-1.jpg","datePublished":"2019-06-28T15:50:04+00:00","dateModified":"2021-04-27T15:47:53+00:00","breadcrumb":{"@id":"https:\/\/www.levicoacque.it\/de\/cremadacqua\/#breadcrumb"},"inLanguage":"de","potentialAction":[{"@type":"ReadAction","target":["https:\/\/www.levicoacque.it\/de\/cremadacqua\/"]}]},{"@type":"ImageObject","inLanguage":"de","@id":"https:\/\/www.levicoacque.it\/de\/cremadacqua\/#primaryimage","url":"https:\/\/www.levicoacque.it\/wp-content\/uploads\/2019\/02\/Levico-Cremadacqua-Donna-anteprima-1.jpg","contentUrl":"https:\/\/www.levicoacque.it\/wp-content\/uploads\/2019\/02\/Levico-Cremadacqua-Donna-anteprima-1.jpg","width":1000,"height":648,"caption":""},{"@type":"BreadcrumbList","@id":"https:\/\/www.levicoacque.it\/de\/cremadacqua\/#breadcrumb","itemListElement":[{"@type":"ListItem","position":1,"name":"Home","item":"https:\/\/www.levicoacque.it\/de\/home\/"},{"@type":"ListItem","position":2,"name":"Cremadacqua"}]},{"@type":"WebSite","@id":"https:\/\/www.levicoacque.it\/de\/#website","url":"https:\/\/www.levicoacque.it\/de\/","name":"Levico","description":"Acqua Levico, acqua minerale pura e leggerissima","potentialAction":[{"@type":"SearchAction","target":{"@type":"EntryPoint","urlTemplate":"https:\/\/www.levicoacque.it\/de\/?s={search_term_string}"},"query-input":{"@type":"PropertyValueSpecification","valueRequired":true,"valueName":"search_term_string"}}],"inLanguage":"de"}]}},"_links":{"self":[{"href":"https:\/\/www.levicoacque.it\/de\/wp-json\/wp\/v2\/pages\/4514","targetHints":{"allow":["GET"]}}],"collection":[{"href":"https:\/\/www.levicoacque.it\/de\/wp-json\/wp\/v2\/pages"}],"about":[{"href":"https:\/\/www.levicoacque.it\/de\/wp-json\/wp\/v2\/types\/page"}],"author":[{"embeddable":true,"href":"https:\/\/www.levicoacque.it\/de\/wp-json\/wp\/v2\/users\/2"}],"replies":[{"embeddable":true,"href":"https:\/\/www.levicoacque.it\/de\/wp-json\/wp\/v2\/comments?post=4514"}],"version-history":[{"count":7,"href":"https:\/\/www.levicoacque.it\/de\/wp-json\/wp\/v2\/pages\/4514\/revisions"}],"predecessor-version":[{"id":6298,"href":"https:\/\/www.levicoacque.it\/de\/wp-json\/wp\/v2\/pages\/4514\/revisions\/6298"}],"wp:featuredmedia":[{"embeddable":true,"href":"https:\/\/www.levicoacque.it\/de\/wp-json\/wp\/v2\/media\/4222"}],"wp:attachment":[{"href":"https:\/\/www.levicoacque.it\/de\/wp-json\/wp\/v2\/media?parent=4514"}],"curies":[{"name":"wp","href":"https:\/\/api.w.org\/{rel}","templated":true}]}}