{"id":4938,"date":"2020-02-11T18:25:36","date_gmt":"2020-02-11T17:25:36","guid":{"rendered":"https:\/\/www.levicoacque.it\/blue-valley\/"},"modified":"2022-07-11T16:55:16","modified_gmt":"2022-07-11T14:55:16","slug":"blue-valley","status":"publish","type":"page","link":"https:\/\/www.levicoacque.it\/de\/climate-positive-water\/blue-valley\/","title":{"rendered":"Blue Valley"},"content":{"rendered":"<div class=\"wpb-content-wrapper\"><p>[vc_section][vc_row dfd_bg_style=&#8220;image&#8220; dfd_parallax_style=&#8220;dfd_vertical_parallax&#8220; dfd_bg_image_new=&#8220;2292&#8243; dfd_bg_image_repeat=&#8220;no-repeat&#8220; dfd_parallax_sense=&#8220;40&#8243; dfd_mobile_enable=&#8220;&#8220; dfd_enable_overlay=&#8220;&#8220; dfd_row_parallax=&#8220;dfd-row-parallax&#8220; dfd_row_responsive_enable=&#8220;dfd-row-responsive-enable&#8220; css=&#8220;.vc_custom_1550412542798{padding-top: 100px !important;padding-bottom: 180px !important;}&#8220; responsive_styles=&#8220;padding_top_desktop:40|padding_bottom_desktop:80&#8243;][vc_column]<div class=\"dfd-heading-shortcode\"><div class=\"dfd-heading-module-wrap  text-left style_02 dfd-heading-6a0761d9691ef dfd-disable-resposive-headings\" id=\"dfd-heading-6a0761d9691ef\" ><div class=\"inline-block\"><div class=\"dfd-heading-module\"><h4 class=\"widget-sub-title dfd-sub-title \" style=\"color: #ffffff !important; \">BLUE VALLEY<\/h4><h1 class=\"widget-title dfd-title \" style=\"color: #ffffff !important; \">Wie wir wirklich das erste Null-Auswirkungswasser wurden.<\/p>\n<p><\/h1><div class=\"dfd-heading-delimiter dfd-img-lazy-load\"><\/div><\/div><\/div><\/div><script type=\"text\/javascript\">\r\n\t\t\t\t\t\t\t\t\t(function($) {\r\n\t\t\t\t\t\t\t\t\t\t$(\"head\").append(\"<style>.dfd-heading-6a0761d9691ef.dfd-heading-module-wrap .dfd-heading-module .dfd-heading-delimiter {border-bottom-style:solid;border-bottom-width:2px;width:140px;border-bottom-color:#ffffff;}.dfd-heading-6a0761d9691ef .dfd-heading-module .widget-sub-title {margin-bottom:20px;}.dfd-heading-6a0761d9691ef.dfd-heading-module-wrap .dfd-heading-module .dfd-heading-delimiter {margin-top:15px;margin-bottom:10px;}@media (max-width: 799px){.dfd-heading-6a0761d9691ef .dfd-title{font-size: 30px !important;line-height: 32px !important;}}<\/style>\");\r\n\t\t\t\t\t\t\t\t\t})(jQuery);\r\n\t\t\t\t\t\t\t\t<\/script><\/div><div class=\"dfd-spacer-module\"  data-units=\"px\" data-wide_resolution=\"1280\" data-wide_size=\"40\" data-normal_resolution=\"1024\" data-normal_size=\"40\" data-tablet_resolution=\"800\" data-tablet_size=\"40\" data-mobile_resolution=\"480\" data-mobile_size=\"20\" style=\"height: 40px;\"><\/div><div id=\"dfd-button-6a0761d969348\" class=\"dfd-button-module-wrap dfd-button-6a0761d969348\"><div class=\"dfd-button-module scroll_after style_1 text-left dfd-horizontal dfd-top-to-bottom dfd-button-icon-left dfd-button-icon-hover-simple\" ><a href=\"#bluevalley\" class=\"dfd-button-link\"><span class=\"dfd-button-inner-cover\"><span class=\"dfd-button-text-main\">Entdecken Sie mehr<\/span><\/span><\/a><\/div><script type=\"text\/javascript\">\r\n\t\t\t\t\t\t\t\t\t(function($) {$(\"head\").append(\"<style>#dfd-button-6a0761d969348.dfd-button-module-wrap .dfd-button-module .dfd-button-link .dfd-button-inner-cover .dfd-button-text-main, .dfd-button-6a0761d969348.dfd-button-module-wrap .dfd-button-module .dfd-button-link .dfd-button-inner-cover .dfd-button-text-main, .dfd-button-6a0761d969348.dfd-button-module-wrap .dfd-button-module .dfd-button-link .dfd-button-inner-cover .dfd-button-text-hover, #dfd-button-6a0761d969348.dfd-button-module-wrap .dfd-button-module .dfd-button-link .dfd-button-inner-cover .dfd-button-text-hover {padding-left: 30px;}#dfd-button-6a0761d969348.dfd-button-module-wrap .dfd-button-module .dfd-button-link .dfd-button-inner-cover .dfd-button-text-main, .dfd-button-6a0761d969348.dfd-button-module-wrap .dfd-button-module .dfd-button-link .dfd-button-inner-cover .dfd-button-text-main, .dfd-button-6a0761d969348.dfd-button-module-wrap .dfd-button-module .dfd-button-link .dfd-button-inner-cover .dfd-button-text-hover, #dfd-button-6a0761d969348.dfd-button-module-wrap .dfd-button-module .dfd-button-link .dfd-button-inner-cover .dfd-button-text-hover {padding-right: 30px;}#dfd-button-6a0761d969348.dfd-button-module-wrap .dfd-button-module .dfd-button-link .dfd-button-inner-cover .dfd-button-text-main,.dfd-button-6a0761d969348.dfd-button-module-wrap .dfd-button-module .dfd-button-link .dfd-button-inner-cover .dfd-button-text-main {color: #ffffff}#dfd-button-6a0761d969348.dfd-button-module-wrap .dfd-button-module .dfd-button-link .dfd-button-inner-cover,.dfd-button-6a0761d969348.dfd-button-module-wrap .dfd-button-module .dfd-button-link .dfd-button-border-decoration,.dfd-button-6a0761d969348.dfd-button-module-wrap .dfd-button-module .dfd-button-link .dfd-button-inner-cover {border-radius:1px;}#dfd-button-6a0761d969348.dfd-button-module-wrap .dfd-button-module:not(.style_4) .dfd-button-link .dfd-button-inner-cover:before,#dfd-button-6a0761d969348.dfd-button-module-wrap .dfd-button-module.style_4 .dfd-button-link .dfd-button-inner-cover:after,#dfd-button-6a0761d969348.dfd-button-module-wrap .dfd-button-module.style_6 .dfd-button-link .dfd-button-inner-cover .dfd-button-text-main,.dfd-button-6a0761d969348.dfd-button-module-wrap .dfd-button-module:not(.style_4) .dfd-button-link .dfd-button-inner-cover:before,.dfd-button-6a0761d969348.dfd-button-module-wrap .dfd-button-module.style_4 .dfd-button-link .dfd-button-inner-cover:after,.dfd-button-6a0761d969348.dfd-button-module-wrap .dfd-button-module.style_6 .dfd-button-link .dfd-button-inner-cover .dfd-button-text-main {border-style:solid;border-width:2px;border-radius:1px;border-color:#ffffff;}#dfd-button-6a0761d969348.dfd-button-module-wrap .dfd-button-module:not(.style_6) .dfd-button-link:hover .dfd-button-inner-cover .dfd-button-text-main,#dfd-button-6a0761d969348.dfd-button-module-wrap .dfd-button-module .dfd-button-link .dfd-button-inner-cover .dfd-button-text-hover,.dfd-button-6a0761d969348.dfd-button-module-wrap .dfd-button-module:not(.style_6) .dfd-button-link:hover .dfd-button-inner-cover .dfd-button-text-main,.dfd-button-6a0761d969348.dfd-button-module-wrap .dfd-button-module .dfd-button-link .dfd-button-inner-cover .dfd-button-text-hover {color: #ffffff;}#dfd-button-6a0761d969348.dfd-button-module-wrap .dfd-button-module .dfd-button-link:hover .dfd-button-inner-cover,.dfd-button-6a0761d969348.dfd-button-module-wrap .dfd-button-module .dfd-button-link:hover .dfd-button-border-decoration,.dfd-button-6a0761d969348.dfd-button-module-wrap .dfd-button-module .dfd-button-link:hover .dfd-button-inner-cover {border-radius:30px;}#dfd-button-6a0761d969348.dfd-button-module-wrap .dfd-button-module:not(.style_4) .dfd-button-link .dfd-button-inner-cover:after,#dfd-button-6a0761d969348.dfd-button-module-wrap .dfd-button-module.style_4 .dfd-button-link .dfd-button-inner-cover:before,#dfd-button-6a0761d969348.dfd-button-module-wrap .dfd-button-module .dfd-button-link .dfd-button-inner-cover .dfd-button-text-hover .dfd-button-6a0761d969348.dfd-button-module-wrap .dfd-button-module:not(.style_4) .dfd-button-link .dfd-button-inner-cover:after,.dfd-button-6a0761d969348.dfd-button-module-wrap .dfd-button-module.style_4 .dfd-button-link .dfd-button-inner-cover:before,.dfd-button-6a0761d969348.dfd-button-module-wrap .dfd-button-module .dfd-button-link .dfd-button-inner-cover .dfd-button-text-hover {border-style:solid;border-width:2px;border-radius:30px;border-color:#ffffff;}#dfd-button-6a0761d969348.dfd-button-module-wrap .dfd-button-module.style_3 .dfd-button-link:hover .dfd-button-inner-cover:before,#dfd-button-6a0761d969348.dfd-button-module-wrap .dfd-button-module.style_4 .dfd-button-link:hover .dfd-button-inner-cover:before,.dfd-button-6a0761d969348.dfd-button-module-wrap .dfd-button-module.style_3 .dfd-button-link:hover .dfd-button-inner-cover:before,.dfd-button-6a0761d969348.dfd-button-module-wrap .dfd-button-module.style_4 .dfd-button-link:hover .dfd-button-inner-cover:before {border-style:solid;border-width:2px;border-radius:30px;border-color:#ffffff;}#dfd-button-6a0761d969348.dfd-button-module-wrap .dfd-button-module .dfd-button-link .dfd-button-tooltip,.dfd-button-6a0761d969348.dfd-button-module-wrap .dfd-button-module .dfd-button-link .dfd-button-tooltip {color: #d6d4d4;}<\/style>\")\r\n\t\t\t\t\t\t\t\t\t})(jQuery);\r\n\t\t\t\t\t\t\t\t<\/script><\/div><div class=\"dfd-spacer-module\"  data-units=\"px\" data-wide_resolution=\"1280\" data-wide_size=\"280\" data-normal_resolution=\"1024\" data-normal_size=\"280\" data-tablet_resolution=\"800\" data-tablet_size=\"200\" data-mobile_resolution=\"480\" data-mobile_size=\"80\" style=\"height: 280px;\"><\/div>[\/vc_column][\/vc_row][\/vc_section][vc_row anchor=&#8220;bluevalley&#8220; dfd_row_responsive_enable=&#8220;dfd-row-responsive-enable&#8220; responsive_styles=&#8220;margin_top_desktop:0|margin_bottom_desktop:0|margin_left_desktop:70|margin_right_desktop:70|padding_top_desktop:0|padding_bottom_desktop:0|padding_left_desktop:5|padding_right_desktop:5|margin_top_tablet:0|margin_bottom_tablet:0|margin_left_tablet:30|margin_right_tablet:30|padding_top_tablet:0|padding_bottom_tablet:0|padding_left_tablet:5|padding_right_tablet:5|margin_top_mobile:0|margin_bottom_mobile:0|margin_left_mobile:5|margin_right_mobile:5|padding_top_mobile:0|padding_bottom_mobile:0|padding_left_mobile:5|padding_right_mobile:5&#8243;][vc_column]<div class=\"dfd-spacer-module\"  data-units=\"px\" data-wide_resolution=\"1280\" data-wide_size=\"60\" data-normal_resolution=\"1024\" data-normal_size=\"60\" data-tablet_resolution=\"800\" data-tablet_size=\"50\" data-mobile_resolution=\"480\" data-mobile_size=\"20\" style=\"height: 60px;\"><\/div><div class=\"dfd-heading-shortcode\"><div class=\"dfd-heading-module-wrap  text-center style_01 dfd-heading-6a0761d969436 dfd-disable-resposive-headings\" id=\"dfd-heading-6a0761d969436\" ><div class=\"inline-block\"><div class=\"dfd-heading-module\"><h2 class=\"widget-title dfd-title \" style=\"\"><\/p>\n<p style=\"text-align: center;\">Auf unserem Weg der Nachhaltigkeit war die Begegnung mit einem verzauberten Ort in der venezianischen Lagune entscheidend.<\/p>\n<p><\/h2><\/div><\/div><\/div><script type=\"text\/javascript\">\r\n\t\t\t\t\t\t\t\t\t(function($) {\r\n\t\t\t\t\t\t\t\t\t\t$(\"head\").append(\"<style>.dfd-heading-6a0761d969436.dfd-heading-module-wrap .dfd-heading-module .dfd-heading-delimiter {margin-top:10px;margin-bottom:10px;}@media (max-width: 799px){.dfd-heading-6a0761d969436 .dfd-title{font-size: 20px !important;line-height: 22px !important;}}<\/style>\");\r\n\t\t\t\t\t\t\t\t\t})(jQuery);\r\n\t\t\t\t\t\t\t\t<\/script><\/div><div class=\"dfd-spacer-module\"  data-units=\"px\" data-wide_resolution=\"1280\" data-wide_size=\"40\" data-normal_resolution=\"1024\" data-normal_size=\"40\" data-tablet_resolution=\"800\" data-tablet_size=\"30\" data-mobile_resolution=\"480\" data-mobile_size=\"10\" style=\"height: 40px;\"><\/div>[\/vc_column][\/vc_row][vc_section el_id=&#8220;bluevalley&#8220; el_class=&#8220;accordion&#8220;][vc_row][vc_column]<div class=\"dfd-spacer-module\"  data-units=\"px\" data-wide_resolution=\"1280\" data-wide_size=\"30\" data-normal_resolution=\"1024\" data-normal_size=\"30\" data-tablet_resolution=\"800\" data-tablet_size=\"20\" data-mobile_resolution=\"480\" data-mobile_size=\"15\" style=\"height: 30px;\"><\/div>[vc_column_text]<\/p>\n<h5>Levico Acque ist ein Unternehmen mit Null Auswirkungen, auch dank Blue Valley<\/h5>\n<p>Im Jahr 2014 haben wir uns entschieden, einen Partner zu finden, um die mit der Produktion verbundenen Treibhausgasemissionen durch ein langfristiges Projekt auf Null zu reduzieren.<\/p>\n<p>Die durchgef\u00fchrte Analyse ergab, dass 2014 die Auswirkungen auf die Produktion um 21% reduziert wurden, bei Flaschen im Format von 0,5 lt, w\u00e4hrend in der Zweijahresperiode 2012-2014 die gesamten Treibhausgasemissionen von Levico um 11,74% gesunken waren, von 1.841.178 kgCO2 im Jahr 2012 auf 1.624.948 kgCO2 im Jahr 2014.<\/p>\n<p>Um diese Restmenge an Treibhausgasemissionen im Zusammenhang mit der Gesamtproduktion auf Null zu reduzieren, haben wir &#8222;Carbon Credits&#8220; erworben, die von BLUE VALLEY, einem BNeutral-zertifizierten Unternehmen, das sich mit der Verwaltung eines CO2-Abscheidungs- und -Speichersystems in der Provinz Venedig befasst, ausgegeben wurden.<\/p>\n<p>In den f\u00fcnf Jahren, die f\u00fcr die Nullstellung vorgesehen sind, einem Programm, das j\u00e4hrlich \u00fcberpr\u00fcft wird, wird BLUE VALLEY in der venezianischen Lagune mit Aktivit\u00e4ten zur Reduzierung von Treibhausgasen und zur Aufnahme von CO2 t\u00e4tig sein, wie z.B. dem Bau der Lagune, der Verwaltung des Kreislaufs des Lagunenwassers und der Produktion von Fischen in extensiver Aquakultur.<\/p>\n<p>Die Ergebnisse der \u00dcberwachungs- und Neutralisierungsstudie zu den Treibhausgasemissionen (GHG) des Produkts k\u00f6nnen <a href=\"https:\/\/www.levicoacque.it\/wp-content\/uploads\/2019\/01\/bluevalley_approfondimanto.pdf\" target=\"_blank\" rel=\"noopener noreferrer\">HIER<\/a> heruntergeladen werden.[\/vc_column_text]<div class=\"dfd-spacer-module\"  data-units=\"px\" data-wide_resolution=\"1280\" data-wide_size=\"30\" data-normal_resolution=\"1024\" data-normal_size=\"30\" data-tablet_resolution=\"800\" data-tablet_size=\"20\" data-mobile_resolution=\"480\" data-mobile_size=\"10\" style=\"height: 30px;\"><\/div>[vc_row_inner][vc_column_inner width=&#8220;1\/4&#8243;][vc_single_image image=&#8220;4120&#8243; img_size=&#8220;full&#8220; alignment=&#8220;center&#8220; css_animation=&#8220;left-to-right&#8220; onclick=&#8220;link_image&#8220;][\/vc_column_inner][vc_column_inner width=&#8220;1\/4&#8243;][vc_single_image image=&#8220;4122&#8243; img_size=&#8220;full&#8220; alignment=&#8220;center&#8220; css_animation=&#8220;left-to-right&#8220; onclick=&#8220;link_image&#8220;][\/vc_column_inner][vc_column_inner width=&#8220;1\/4&#8243;][vc_single_image image=&#8220;4124&#8243; img_size=&#8220;full&#8220; alignment=&#8220;center&#8220; css_animation=&#8220;appear&#8220; onclick=&#8220;link_image&#8220;][\/vc_column_inner][vc_column_inner width=&#8220;1\/4&#8243;][vc_single_image image=&#8220;4126&#8243; img_size=&#8220;full&#8220; alignment=&#8220;center&#8220; css_animation=&#8220;appear&#8220; onclick=&#8220;link_image&#8220;][\/vc_column_inner][\/vc_row_inner]<div class=\"dfd-spacer-module\"  data-units=\"px\" data-wide_resolution=\"1280\" data-wide_size=\"80\" data-normal_resolution=\"1024\" data-normal_size=\"80\" data-tablet_resolution=\"800\" data-tablet_size=\"70\" data-mobile_resolution=\"480\" data-mobile_size=\"50\" style=\"height: 80px;\"><\/div>[vc_single_image image=&#8220;8615&#8243; img_size=&#8220;full&#8220; alignment=&#8220;center&#8220; img_link_target=&#8220;_blank&#8220; onclick=&#8220;custom_link&#8220; link=&#8220;https:\/\/www.levicoacque.it\/wp-content\/uploads\/2022\/07\/ITBIO005-05VE-CV30-00003-2022-CCCCO2-00003-signed.pdf&#8220;][vc_column_text]<\/p>\n<h6 style=\"text-align: center;\"><span style=\"color: #3fa535;\">Bescheinigung \u00fcber die Zuweisung von Beschlagnahmen Blue Valley<\/span><\/h6>\n<p>[\/vc_column_text][\/vc_column][\/vc_row][\/vc_section][vc_row][vc_column]<div class=\"dfd-spacer-module\"  data-units=\"px\" data-wide_resolution=\"1280\" data-wide_size=\"20\" data-normal_resolution=\"1024\" data-normal_size=\"20\" data-tablet_resolution=\"800\" data-tablet_size=\"20\" data-mobile_resolution=\"480\" data-mobile_size=\"10\" style=\"height: 20px;\"><\/div>[\/vc_column][\/vc_row][vc_row][vc_column][vc_raw_html]PHN0eWxlIHR5cGU9InRleHQvY3NzIj4gCmEucmVzZWxsZXItY3RhIHsKICAgIGRpc3BsYXk6IGJsb2NrOwogICAgcGFkZGluZzogNTBweCA1MHB4OwogICAgYm9yZGVyOiAycHggc29saWQgIzAwOWFhODsKfQo8L3N0eWxlPgoKPGgzPjxhIHN0eWxlPSJ0ZXh0LWFsaWduOiBjZW50ZXI7IiBjbGFzcz0icmVzZWxsZXItY3RhIiBocmVmPSJodHRwczovL3d3dy5sZXZpY29hY3F1ZS5pdC9yaXZlbmRpdG9yaS1hY3F1YS1hLWRvbWljaWxpby8iPkRlciBMZXZpY28gSGF1c2xpZWZlcnNlcnZpY2UgaXN0IG51ciBpbiBJdGFsaWVuIG3DtmdsaWNoLiBNw7ZjaHRlbiBTaWUgd2lzc2VuLCB3aWUgU2llIExldmljby1XYXNzZXIgZXJoYWx0ZW4ga8O2bm5lbj8gS2xpY2tlbiBTaWUgaGllcm9kZXIgcnVmZW4gU2llIGRpZSBnZWLDvGhyZW5mcmVpZSBOdW1tZXIgODAwLTI1OTgxMSBhbjwvYT48L2gzPgo=[\/vc_raw_html][\/vc_column][\/vc_row][vc_row][vc_column]<div class=\"dfd-spacer-module\"  data-units=\"px\" data-wide_resolution=\"1280\" data-wide_size=\"60\" data-normal_resolution=\"1024\" data-normal_size=\"60\" data-tablet_resolution=\"800\" data-tablet_size=\"50\" data-mobile_resolution=\"480\" data-mobile_size=\"30\" style=\"height: 60px;\"><\/div>[\/vc_column][\/vc_row]<\/p>\n<\/div>","protected":false},"excerpt":{"rendered":"<p>[vc_section][vc_row dfd_bg_style=&#8220;image&#8220; dfd_parallax_style=&#8220;dfd_vertical_parallax&#8220; dfd_bg_image_new=&#8220;2292&#8243; dfd_bg_image_repeat=&#8220;no-repeat&#8220; dfd_parallax_sense=&#8220;40&#8243; dfd_mobile_enable=&#8220;&#8220; dfd_enable_overlay=&#8220;&#8220; dfd_row_parallax=&#8220;dfd-row-parallax&#8220; dfd_row_responsive_enable=&#8220;dfd-row-responsive-enable&#8220; css=&#8220;.vc_custom_1550412542798{padding-top: 100px !important;padding-bottom: 180px !important;}&#8220; responsive_styles=&#8220;padding_top_desktop:40|padding_bottom_desktop:80&#8243;][vc_column][\/vc_column][\/vc_row][\/vc_section][vc_row anchor=&#8220;bluevalley&#8220; dfd_row_responsive_enable=&#8220;dfd-row-responsive-enable&#8220; responsive_styles=&#8220;margin_top_desktop:0|margin_bottom_desktop:0|margin_left_desktop:70|margin_right_desktop:70|padding_top_desktop:0|padding_bottom_desktop:0|padding_left_desktop:5|padding_right_desktop:5|margin_top_tablet:0|margin_bottom_tablet:0|margin_left_tablet:30|margin_right_tablet:30|padding_top_tablet:0|padding_bottom_tablet:0|padding_left_tablet:5|padding_right_tablet:5|margin_top_mobile:0|margin_bottom_mobile:0|margin_left_mobile:5|margin_right_mobile:5|padding_top_mobile:0|padding_bottom_mobile:0|padding_left_mobile:5|padding_right_mobile:5&#8243;][vc_column][\/vc_column][\/vc_row][vc_section el_id=&#8220;bluevalley&#8220; el_class=&#8220;accordion&#8220;][vc_row][vc_column][vc_column_text] Levico Acque ist ein Unternehmen mit Null Auswirkungen, auch<\/p>\n","protected":false},"author":2,"featured_media":4118,"parent":5349,"menu_order":0,"comment_status":"closed","ping_status":"closed","template":"page-custom-with-header.php","meta":{"_acf_changed":false,"footnotes":""},"class_list":["post-4938","page","type-page","status-publish","has-post-thumbnail","hentry"],"acf":[],"yoast_head":"<!-- This site is optimized with the Yoast SEO plugin v27.6 - https:\/\/yoast.com\/product\/yoast-seo-wordpress\/ -->\n<title>Nachhaltigkeit | Levico Acque<\/title>\n<meta name=\"description\" content=\"Levico Acque ist ein Unternehmen mit Null Auswirkungen, auch dank Blue Valley.\" \/>\n<meta name=\"robots\" content=\"index, follow, max-snippet:-1, max-image-preview:large, max-video-preview:-1\" \/>\n<link rel=\"canonical\" href=\"https:\/\/www.levicoacque.it\/de\/climate-positive-water\/blue-valley\/\" \/>\n<meta property=\"og:locale\" content=\"de_DE\" \/>\n<meta property=\"og:type\" content=\"article\" \/>\n<meta property=\"og:title\" content=\"Nachhaltigkeit | Levico Acque\" \/>\n<meta property=\"og:description\" content=\"Levico Acque ist ein Unternehmen mit Null Auswirkungen, auch dank Blue Valley.\" \/>\n<meta property=\"og:url\" content=\"https:\/\/www.levicoacque.it\/de\/climate-positive-water\/blue-valley\/\" \/>\n<meta property=\"og:site_name\" content=\"Levico\" \/>\n<meta property=\"article:modified_time\" content=\"2022-07-11T14:55:16+00:00\" \/>\n<meta property=\"og:image\" content=\"https:\/\/www.levicoacque.it\/wp-content\/uploads\/2019\/02\/Blue-Valley.jpg\" \/>\n\t<meta property=\"og:image:width\" content=\"1700\" \/>\n\t<meta property=\"og:image:height\" content=\"1071\" \/>\n\t<meta property=\"og:image:type\" content=\"image\/jpeg\" \/>\n<meta name=\"twitter:card\" content=\"summary_large_image\" \/>\n<meta name=\"twitter:label1\" content=\"Gesch\u00e4tzte Lesezeit\" \/>\n\t<meta name=\"twitter:data1\" content=\"2\u00a0Minuten\" \/>\n<script type=\"application\/ld+json\" class=\"yoast-schema-graph\">{\"@context\":\"https:\\\/\\\/schema.org\",\"@graph\":[{\"@type\":\"WebPage\",\"@id\":\"https:\\\/\\\/www.levicoacque.it\\\/de\\\/climate-positive-water\\\/blue-valley\\\/\",\"url\":\"https:\\\/\\\/www.levicoacque.it\\\/de\\\/climate-positive-water\\\/blue-valley\\\/\",\"name\":\"Nachhaltigkeit | Levico Acque\",\"isPartOf\":{\"@id\":\"https:\\\/\\\/www.levicoacque.it\\\/de\\\/#website\"},\"primaryImageOfPage\":{\"@id\":\"https:\\\/\\\/www.levicoacque.it\\\/de\\\/climate-positive-water\\\/blue-valley\\\/#primaryimage\"},\"image\":{\"@id\":\"https:\\\/\\\/www.levicoacque.it\\\/de\\\/climate-positive-water\\\/blue-valley\\\/#primaryimage\"},\"thumbnailUrl\":\"https:\\\/\\\/www.levicoacque.it\\\/wp-content\\\/uploads\\\/2019\\\/02\\\/Blue-Valley.jpg\",\"datePublished\":\"2020-02-11T17:25:36+00:00\",\"dateModified\":\"2022-07-11T14:55:16+00:00\",\"description\":\"Levico Acque ist ein Unternehmen mit Null Auswirkungen, auch dank Blue Valley.\",\"breadcrumb\":{\"@id\":\"https:\\\/\\\/www.levicoacque.it\\\/de\\\/climate-positive-water\\\/blue-valley\\\/#breadcrumb\"},\"inLanguage\":\"de\",\"potentialAction\":[{\"@type\":\"ReadAction\",\"target\":[\"https:\\\/\\\/www.levicoacque.it\\\/de\\\/climate-positive-water\\\/blue-valley\\\/\"]}]},{\"@type\":\"ImageObject\",\"inLanguage\":\"de\",\"@id\":\"https:\\\/\\\/www.levicoacque.it\\\/de\\\/climate-positive-water\\\/blue-valley\\\/#primaryimage\",\"url\":\"https:\\\/\\\/www.levicoacque.it\\\/wp-content\\\/uploads\\\/2019\\\/02\\\/Blue-Valley.jpg\",\"contentUrl\":\"https:\\\/\\\/www.levicoacque.it\\\/wp-content\\\/uploads\\\/2019\\\/02\\\/Blue-Valley.jpg\",\"width\":1700,\"height\":1071,\"caption\":\"\"},{\"@type\":\"BreadcrumbList\",\"@id\":\"https:\\\/\\\/www.levicoacque.it\\\/de\\\/climate-positive-water\\\/blue-valley\\\/#breadcrumb\",\"itemListElement\":[{\"@type\":\"ListItem\",\"position\":1,\"name\":\"Home\",\"item\":\"https:\\\/\\\/www.levicoacque.it\\\/de\\\/home\\\/\"},{\"@type\":\"ListItem\",\"position\":2,\"name\":\"Climate positive water\",\"item\":\"https:\\\/\\\/www.levicoacque.it\\\/de\\\/climate-positive-water\\\/\"},{\"@type\":\"ListItem\",\"position\":3,\"name\":\"Blue Valley\"}]},{\"@type\":\"WebSite\",\"@id\":\"https:\\\/\\\/www.levicoacque.it\\\/de\\\/#website\",\"url\":\"https:\\\/\\\/www.levicoacque.it\\\/de\\\/\",\"name\":\"Levico\",\"description\":\"Acqua Levico, acqua minerale pura e leggerissima\",\"potentialAction\":[{\"@type\":\"SearchAction\",\"target\":{\"@type\":\"EntryPoint\",\"urlTemplate\":\"https:\\\/\\\/www.levicoacque.it\\\/de\\\/?s={search_term_string}\"},\"query-input\":{\"@type\":\"PropertyValueSpecification\",\"valueRequired\":true,\"valueName\":\"search_term_string\"}}],\"inLanguage\":\"de\"}]}<\/script>\n<!-- \/ Yoast SEO plugin. -->","yoast_head_json":{"title":"Nachhaltigkeit | Levico Acque","description":"Levico Acque ist ein Unternehmen mit Null Auswirkungen, auch dank Blue Valley.","robots":{"index":"index","follow":"follow","max-snippet":"max-snippet:-1","max-image-preview":"max-image-preview:large","max-video-preview":"max-video-preview:-1"},"canonical":"https:\/\/www.levicoacque.it\/de\/climate-positive-water\/blue-valley\/","og_locale":"de_DE","og_type":"article","og_title":"Nachhaltigkeit | Levico Acque","og_description":"Levico Acque ist ein Unternehmen mit Null Auswirkungen, auch dank Blue Valley.","og_url":"https:\/\/www.levicoacque.it\/de\/climate-positive-water\/blue-valley\/","og_site_name":"Levico","article_modified_time":"2022-07-11T14:55:16+00:00","og_image":[{"width":1700,"height":1071,"url":"https:\/\/www.levicoacque.it\/wp-content\/uploads\/2019\/02\/Blue-Valley.jpg","type":"image\/jpeg"}],"twitter_card":"summary_large_image","twitter_misc":{"Gesch\u00e4tzte Lesezeit":"2\u00a0Minuten"},"schema":{"@context":"https:\/\/schema.org","@graph":[{"@type":"WebPage","@id":"https:\/\/www.levicoacque.it\/de\/climate-positive-water\/blue-valley\/","url":"https:\/\/www.levicoacque.it\/de\/climate-positive-water\/blue-valley\/","name":"Nachhaltigkeit | Levico Acque","isPartOf":{"@id":"https:\/\/www.levicoacque.it\/de\/#website"},"primaryImageOfPage":{"@id":"https:\/\/www.levicoacque.it\/de\/climate-positive-water\/blue-valley\/#primaryimage"},"image":{"@id":"https:\/\/www.levicoacque.it\/de\/climate-positive-water\/blue-valley\/#primaryimage"},"thumbnailUrl":"https:\/\/www.levicoacque.it\/wp-content\/uploads\/2019\/02\/Blue-Valley.jpg","datePublished":"2020-02-11T17:25:36+00:00","dateModified":"2022-07-11T14:55:16+00:00","description":"Levico Acque ist ein Unternehmen mit Null Auswirkungen, auch dank Blue Valley.","breadcrumb":{"@id":"https:\/\/www.levicoacque.it\/de\/climate-positive-water\/blue-valley\/#breadcrumb"},"inLanguage":"de","potentialAction":[{"@type":"ReadAction","target":["https:\/\/www.levicoacque.it\/de\/climate-positive-water\/blue-valley\/"]}]},{"@type":"ImageObject","inLanguage":"de","@id":"https:\/\/www.levicoacque.it\/de\/climate-positive-water\/blue-valley\/#primaryimage","url":"https:\/\/www.levicoacque.it\/wp-content\/uploads\/2019\/02\/Blue-Valley.jpg","contentUrl":"https:\/\/www.levicoacque.it\/wp-content\/uploads\/2019\/02\/Blue-Valley.jpg","width":1700,"height":1071,"caption":""},{"@type":"BreadcrumbList","@id":"https:\/\/www.levicoacque.it\/de\/climate-positive-water\/blue-valley\/#breadcrumb","itemListElement":[{"@type":"ListItem","position":1,"name":"Home","item":"https:\/\/www.levicoacque.it\/de\/home\/"},{"@type":"ListItem","position":2,"name":"Climate positive water","item":"https:\/\/www.levicoacque.it\/de\/climate-positive-water\/"},{"@type":"ListItem","position":3,"name":"Blue Valley"}]},{"@type":"WebSite","@id":"https:\/\/www.levicoacque.it\/de\/#website","url":"https:\/\/www.levicoacque.it\/de\/","name":"Levico","description":"Acqua Levico, acqua minerale pura e leggerissima","potentialAction":[{"@type":"SearchAction","target":{"@type":"EntryPoint","urlTemplate":"https:\/\/www.levicoacque.it\/de\/?s={search_term_string}"},"query-input":{"@type":"PropertyValueSpecification","valueRequired":true,"valueName":"search_term_string"}}],"inLanguage":"de"}]}},"_links":{"self":[{"href":"https:\/\/www.levicoacque.it\/de\/wp-json\/wp\/v2\/pages\/4938","targetHints":{"allow":["GET"]}}],"collection":[{"href":"https:\/\/www.levicoacque.it\/de\/wp-json\/wp\/v2\/pages"}],"about":[{"href":"https:\/\/www.levicoacque.it\/de\/wp-json\/wp\/v2\/types\/page"}],"author":[{"embeddable":true,"href":"https:\/\/www.levicoacque.it\/de\/wp-json\/wp\/v2\/users\/2"}],"replies":[{"embeddable":true,"href":"https:\/\/www.levicoacque.it\/de\/wp-json\/wp\/v2\/comments?post=4938"}],"version-history":[{"count":26,"href":"https:\/\/www.levicoacque.it\/de\/wp-json\/wp\/v2\/pages\/4938\/revisions"}],"predecessor-version":[{"id":16003,"href":"https:\/\/www.levicoacque.it\/de\/wp-json\/wp\/v2\/pages\/4938\/revisions\/16003"}],"up":[{"embeddable":true,"href":"https:\/\/www.levicoacque.it\/de\/wp-json\/wp\/v2\/pages\/5349"}],"wp:featuredmedia":[{"embeddable":true,"href":"https:\/\/www.levicoacque.it\/de\/wp-json\/wp\/v2\/media\/4118"}],"wp:attachment":[{"href":"https:\/\/www.levicoacque.it\/de\/wp-json\/wp\/v2\/media?parent=4938"}],"curies":[{"name":"wp","href":"https:\/\/api.w.org\/{rel}","templated":true}]}}