{"id":6146,"date":"2024-12-02T09:25:05","date_gmt":"2024-12-02T08:25:05","guid":{"rendered":"https:\/\/www.levicoacque.it\/?page_id=6146"},"modified":"2024-12-02T09:25:05","modified_gmt":"2024-12-02T08:25:05","slug":"cookie-richtlinie","status":"publish","type":"page","link":"https:\/\/www.levicoacque.it\/de\/cookie-richtlinie\/","title":{"rendered":"COOKIE-RICHTLINIE"},"content":{"rendered":"<div class=\"wpb-content-wrapper\"><p>[vc_row][vc_column][vc_column_text css=&#8220;&#8220;]<strong>COOKIE-RICHTLINIE <\/strong><\/p>\n<p>Erg\u00e4nzend zur Datenschutzrichtlinie der Website von LEVICO ACQUE S.B. S.R.L., in ihrer Funktion als Datenverantwortlicher, informiert das Unternehmen gem\u00e4\u00df Artikel 13 der Verordnung (EU) 2016\/679 und der Verf\u00fcgung der italienischen Datenschutzbeh\u00f6rde Nr. 229\/2014 \u00fcber die auf der Website <a href=\"https:\/\/www.levicoacque.it\/de\/\">www.levicoacque.it<\/a> verwendeten Cookie-Typen.<\/p>\n<p>&nbsp;<\/p>\n<p><strong>VERANTWORTLICHER F\u00dcR DIE DATENVERARBEITUNG <\/strong><\/p>\n<p>Verantwortlicher f\u00fcr die Datenverarbeitung ist LEVICO ACQUE S.B. S.R.L., mit Sitz in Piazzale Stazione, 6 \u2013 38056 Levico Terme (TN), E-Mail: info@levicoacque.it, PEC: <a href=\"mailto:levicoacque@pec.tn.it\">levicoacque@pec.tn.it<\/a>, Telefon: +39 0461\/702311.<\/p>\n<p>&nbsp;<\/p>\n<p><strong>INFORMATIONEN \u00dcBER COOKIES<\/strong><\/p>\n<p>Cookies sind kleine Textdateien, die von den vom Nutzer besuchten Websites an den Computer oder das mobile Ger\u00e4t des Nutzers gesendet und dort gespeichert werden, um bei einem sp\u00e4teren Besuch wieder an dieselben Websites zur\u00fcck\u00fcbermittelt zu werden. Dank der Cookies kann sich die Website die Aktionen und Einstellungen des Nutzers merken (z. B. Anmeldedaten, bevorzugte Sprache, Schriftgr\u00f6\u00dfe, andere Anzeigeeinstellungen usw.), sodass diese nicht erneut eingegeben werden m\u00fcssen, wenn der Nutzer dieselbe Website besucht oder von einer Seite zur anderen navigiert. Einige Vorg\u00e4nge w\u00e4ren ohne Cookies nicht m\u00f6glich, da sie in bestimmten F\u00e4llen technisch erforderlich f\u00fcr das Funktionieren der Website sind.<br \/>\nEs gibt verschiedene Arten von Cookies, die sich in ihren Merkmalen, Funktionen und der Dauer ihrer Speicherung auf dem Computer oder mobilen Ger\u00e4t des Nutzers unterscheiden.<br \/>\nGem\u00e4\u00df den geltenden Vorschriften ist f\u00fcr die Verwendung von Cookies nicht immer die ausdr\u00fcckliche Zustimmung des Nutzers erforderlich. Insbesondere ben\u00f6tigen sogenannte \u201e<strong>technische<\/strong>\u201c Cookies keine Zustimmung, d. h. solche, die ausschlie\u00dflich dazu dienen, eine Kommunikation \u00fcber ein elektronisches Kommunikationsnetz zu \u00fcbertragen oder in dem Umfang, der unbedingt erforderlich ist, um einen vom Nutzer ausdr\u00fccklich angeforderten Dienst bereitzustellen. Mit anderen Worten handelt es sich um Cookies, die unverzichtbar f\u00fcr das Funktionieren der Website oder erforderlich f\u00fcr die Ausf\u00fchrung von Aktivit\u00e4ten sind, die der Nutzer angefordert hat.<br \/>\nZu den technischen cookies, die keine ausdr\u00fcckliche Zustimmung f\u00fcr ihre Verwendung erfordern, z\u00e4hlt die Datenschutzbeh\u00f6rde (<a href=\"http:\/\/www.garanteprivacy.it\/web\/guest\/home\/docweb\/-\/docweb-display\/docweb\/3118884\">vgl. Allgemeinverf\u00fcgung \u201cIndividuazione delle modalit\u00e0 semplificate per l\u2019informativa e l\u2019acquisizione del consenso per l\u2019uso dei cookie \u2013 8 maggio 2014\u201d<\/a>) auch:<\/p>\n<ul>\n<li>&#8222;<strong>Analytics-Cookies<\/strong>&#8222;, die zur Erhebung aggregierter Informationen \u00fcber die Anzahl der Nutzer und deren Verhalten auf der Website verwendet werden. Diese k\u00f6nnen als technische Cookies genutzt werden, wenn die Daten anonymisiert werden. Werden sie hingegen zur Erstellung von Profilen verwendet, ben\u00f6tigen sie die Zustimmung des Nutzers.<\/li>\n<li>Navigations- oder Sitzungscookies (z. B. f\u00fcr die Authentifizierung oder den Abschluss eines Kaufs).<\/li>\n<li>Funktions-Cookies, die es dem Nutzer erm\u00f6glichen, anhand bestimmter Kriterien zu navigieren (z. B. Sprache, ausgew\u00e4hlte Produkte f\u00fcr den Kauf), um den angebotenen Service zu verbessern.<\/li>\n<\/ul>\n<p><strong>Profiling-Cookies<\/strong>, die dazu dienen, Nutzerprofile zu erstellen und Werbebotschaften zu versenden, die den w\u00e4hrend der Internetnutzung ge\u00e4u\u00dferten Pr\u00e4ferenzen des Nutzers entsprechen, m\u00fcssen vom Website-Betreiber vorab \u00fcber ein Banner angezeigt werden und dem Nutzer die M\u00f6glichkeit geben, sie zu deaktivieren.<br \/>\nCookies werden auch nach dem verantwortlichen der datenverarbeitung kategorisiert, die durch den Cookie erhoben werden, und zwar in Erstanbieter-Cookies und Drittanbieter-Cookies:<\/p>\n<ul>\n<li><strong>Erstanbieter-Cookies<\/strong>: Diese Cookies werden vom Betreiber der Website verwaltet. F\u00fcr diese Cookies liegt die Informationspflicht beim Betreiber der Website, der auch verpflichtet ist, die Modalit\u00e4ten zur m\u00f6glichen Deaktivierung des Cookies anzugeben.<\/li>\n<li><strong>Drittanbieter-Cookies<\/strong>: Diese Cookies werden von einer dritten Partei verwaltet, die nicht der Betreiber der Website ist. In diesem Fall obliegt die Informationspflicht sowie die Angabe der Modalit\u00e4ten zur m\u00f6glichen Deaktivierung des Cookies der dritten Partei. Der Betreiber der Website ist jedoch verpflichtet, auf seiner Website einen Link zur Website der dritten Partei bereitzustellen, auf der diese Informationen verf\u00fcgbar sind.<\/li>\n<\/ul>\n<p>Bei beiden Arten von Cookies (Erstanbieter- oder Drittanbieter-Cookies) erfolgt die Einholung der Zustimmung, falls es sich um Profiling-Cookies handelt, \u00fcber ein spezielles Banner auf der Startseite der Website.<\/p>\n<p>Im Folgenden sind die auf dieser Website verwendeten Cookies aufgef\u00fchrt.<br \/>\n<strong>T<\/strong><strong>echnische Cookies,<\/strong> also solche, die f\u00fcr eine korrekte und benutzerfreundliche Nutzung der Website erforderlich sind.<\/p>\n<table width=\"656\">\n<thead>\n<tr>\n<td width=\"164\">Name des Cookies<\/td>\n<td width=\"148\">Tiyp<\/td>\n<td width=\"104\">Dauer<\/td>\n<td width=\"241\">Weitere informazioni<\/td>\n<\/tr>\n<\/thead>\n<tbody>\n<tr>\n<td width=\"164\">_____Art des einzuf\u00fcgenden Cookies___<\/td>\n<td width=\"148\"><\/td>\n<td width=\"104\"><\/td>\n<td width=\"241\"><\/td>\n<\/tr>\n<\/tbody>\n<\/table>\n<p>&nbsp;<\/p>\n<p><strong>Drittanbieter-<\/strong><strong>Analytics-Cookies<\/strong>, die verwendet werden, um Informationen \u00fcber die Nutzung der Website zu sammeln, analysieren die Zugriffe oder Besuche der Website. Sie verfolgen ausschlie\u00dflich statistische Zwecke und erfassen Informationen in aggregierter und anonymer Form, ohne die M\u00f6glichkeit, auf Ihre Identit\u00e4t zur\u00fcckzuschlie\u00dfen.<\/p>\n<p>&nbsp;<\/p>\n<p>&nbsp;<\/p>\n<table width=\"656\">\n<thead>\n<tr>\n<td width=\"179\"><strong>Name<\/strong><\/td>\n<td width=\"198\"><strong>Beschreibung<\/strong><\/td>\n<td width=\"142\"><strong>Dauer<\/strong><\/td>\n<td width=\"137\"><strong>Script-URL-Muster<\/strong><\/td>\n<\/tr>\n<\/thead>\n<tbody>\n<tr>\n<td width=\"179\">CLID<br \/>\nwww.clarity.ms<\/td>\n<td width=\"198\">Microsoft Clarity setzt dieses Cookie, um Informationen dar\u00fcber zu speichern, wie Besucher mit der Website interagieren. Das Cookie tr\u00e4gt zur Erstellung eines Analyseberichts bei. Die Datenerhebung umfasst die Anzahl der Besucher, deren Standort und die besuchten Seiten.<\/td>\n<td width=\"142\">1 Jahr<\/td>\n<td width=\"137\">clarity.ms<\/td>\n<\/tr>\n<\/tbody>\n<tbody>\n<tr>\n<td width=\"179\">_ga<br \/>\n.levicoacque.it<\/td>\n<td width=\"198\">Das von Google Analytics installierte _ga-Cookie berechnet Besucherdaten, Sitzungen und Kampagnen und verfolgt auch die Nutzung der Website f\u00fcr den analytischen Bericht der Website. Das Cookie speichert Informationen anonym und weist eine zuf\u00e4llige ID zu.<\/td>\n<td width=\"142\">1 Yahr 1 Monat 4 Tage<\/td>\n<td width=\"137\">google-analytics.com|googletagmanager.com\/gtag\/js<\/td>\n<\/tr>\n<\/tbody>\n<tbody>\n<tr>\n<td width=\"179\">_clck<br \/>\n.levicoacque.it<\/td>\n<td width=\"198\">Microsoft Clarity setzt dieses Cookie, um die Clarity-Benutzer-ID des Browsers und die spezifischen Einstellungen f\u00fcr diese Website zu speichern. Dies stellt sicher, dass die w\u00e4hrend sp\u00e4terer Besuche derselben Website vorgenommenen Aktionen derselben Benutzer-ID zugeordnet werden.<\/td>\n<td width=\"142\">1 Jahr<\/td>\n<td width=\"137\">clarity.ms<\/td>\n<\/tr>\n<\/tbody>\n<tbody>\n<tr>\n<td width=\"179\">_clsk<br \/>\n.levicoacque.it<\/td>\n<td width=\"198\">Microsoft Clarity setzt dieses Cookie, um die vom Benutzer angesehenen Seiten in einer einzigen Sitzungsaufzeichnung zu speichern und zusammenzufassen.<\/td>\n<td width=\"142\">1 Tage<\/td>\n<td width=\"137\">clarity.ms<\/td>\n<\/tr>\n<\/tbody>\n<tbody>\n<tr>\n<td width=\"179\">_ga_*<br \/>\n.levicoacque.it<\/td>\n<td width=\"198\">Google Analytics setzt dieses Cookie, um Seitenaufrufe zu speichern und zu z\u00e4hlen.<\/td>\n<td width=\"142\">1 Jahr 1 Monat 4 Tage<\/td>\n<td width=\"137\">google-analytics.com|googletagmanager.com\/gtag\/js<\/td>\n<\/tr>\n<\/tbody>\n<tbody>\n<tr>\n<td width=\"179\">MR<br \/>\n.c.bing.com<\/td>\n<td width=\"198\">Dieses von Bing gesetzte Cookie wird verwendet, um Informationen \u00fcber Benutzer zu Analysezwecken zu sammeln.<\/td>\n<td width=\"142\">7 Tage<\/td>\n<td width=\"137\">bing.com<\/td>\n<\/tr>\n<\/tbody>\n<\/table>\n<p>&nbsp;<\/p>\n<p>Drittanbieter-Analytics-Cookies, die verwendet werden, um Informationen \u00fcber die Nutzung der Website zu sammeln, analysieren die Zugriffe oder Besuche der Website. Sie verfolgen ausschlie\u00dflich statistische Zwecke und erfassen Informationen in aggregierter und anonymer Form, ohne die M\u00f6glichkeit, auf Ihre Identit\u00e4t zur\u00fcckzuschlie\u00dfen.<\/p>\n<table width=\"656\">\n<thead>\n<tr>\n<td width=\"101\"><strong>Name<\/strong><\/td>\n<td width=\"182\"><strong>Beschreibung<\/strong><\/td>\n<td width=\"373\"><strong>Cookie-Verwaltung<\/strong><\/td>\n<\/tr>\n<\/thead>\n<tbody>\n<tr>\n<td width=\"101\"><strong>Google<\/strong> <a href=\"https:\/\/academy.studiosamo.it\/corsi\/google-adwords\/\">AdWords<\/a><\/td>\n<td width=\"182\">Remarketing erm\u00f6glicht es, Nutzer zu erreichen, die diese Website bereits besucht haben. Fr\u00fchere Besucher oder Nutzer k\u00f6nnen unsere Anzeigen sehen, wenn sie Websites besuchen, die zum Google Display-Netzwerk geh\u00f6ren, oder wenn sie Begriffe suchen, die mit unseren Dienstleistungen in Verbindung stehen.<\/td>\n<td width=\"373\">\n<p>Den Browser so einstellen, dass er Cookies akzeptiert oder ablehnt,<\/p>\n<p>oder auf Link Klicken<\/p>\n<p>&nbsp;<\/td>\n<\/tr>\n<tr>\n<td width=\"101\">Facebook Pixel<\/td>\n<td width=\"182\">Die Cookies von Facebook (Pixel) erm\u00f6glichen es, die Effektivit\u00e4t von Facebook-Anzeigen zu messen, zu analysieren und zu optimieren, zu statistischen und Marktforschungszwecken.<\/td>\n<td width=\"373\">\n<p>Den Browser so einstellen, dass er Cookies akzeptiert oder ablehnt,<\/p>\n<p>oder Klicken auf: <a href=\"https:\/\/developers.facebook.com\/docs\/plugins\">https:\/\/developers.facebook.com\/docs\/plugins<\/a><\/td>\n<\/tr>\n<tr>\n<td width=\"101\"><\/td>\n<td width=\"182\"><\/td>\n<td width=\"373\"><\/td>\n<\/tr>\n<\/tbody>\n<\/table>\n<p>&nbsp;<\/p>\n<p><strong>SCHALTFL\u00c4CHEN UND WIDGETS F\u00dcR SOZIALE NETZWERKE<\/strong><\/p>\n<p>Die auf der Website verwendeten Social-Buttons sind Links, die zu den Social-Media-Konten des Verantwortlichen weiterleiten. Durch die Nutzung dieser Schaltfl\u00e4chen werden keine Drittanbieter-Cookies installiert. Nachfolgend finden Sie jedoch die Links, \u00fcber die der Nutzer die Datenschutzerkl\u00e4rungen der sozialen Netzwerke einsehen kann, auf die die Schaltfl\u00e4chen verweisen.<\/p>\n<p>&nbsp;<\/p>\n<table width=\"659\">\n<thead>\n<tr>\n<td width=\"508\"><strong>NAME<\/strong><\/td>\n<td width=\"151\"><strong>POLICY LINK<\/strong><\/td>\n<\/tr>\n<\/thead>\n<tbody>\n<tr>\n<td width=\"508\">\n<p><strong>Google Fonts (Google Inc.)<\/strong><\/p>\n<p>Google Fonts ist ein Dienst zur Anzeige von Schriftarten, der von Google Inc. bereitgestellt wird. Dieser Dienst erm\u00f6glicht es dieser Anwendung, solche Inhalte auf ihren Seiten zu integrieren.<br \/>\nErhobene personenbezogene Daten: Cookies und Nutzungsdaten.<br \/>\nOrt der Verarbeitung: USA<\/td>\n<td width=\"151\"><a href=\"http:\/\/www.google.com\/intl\/it\/policies\/privacy\/\">Privacy Policy<\/a><\/td>\n<\/tr>\n<tr>\n<td width=\"508\">\n<p><strong>+1 Schaltfl\u00e4che und soziale-Widgets von Google+ (Google Inc.)<\/strong><\/p>\n<p>Die +1-Schaltfl\u00e4che und die sozialen Widgets von Google+ sind Dienste zur Interaktion mit dem sozialen Netzwerk Google+, die von Google Inc. bereitgestellt werden.<\/p>\n<p>Erhobene personenbezogene Daten: Cookies und Nutzungsdaten.<\/td>\n<td width=\"151\"><a href=\"http:\/\/www.google.com\/intl\/it\/policies\/privacy\/\">Privacy Policy<\/a><\/td>\n<\/tr>\n<tr>\n<td width=\"508\">\n<p><strong>Google Maps-Widget (Google Inc.)<\/strong><\/p>\n<p>Google Maps ist ein Kartendarstellungsdienst, der von Google Inc. bereitgestellt wird und es dieser Anwendung erm\u00f6glicht, solche Inhalte auf ihren Seiten zu integrieren.<br \/>\nErhobene personenbezogene Daten: Cookies und Nutzungsdaten.<\/td>\n<td width=\"151\"><a href=\"http:\/\/www.google.com\/intl\/it\/policies\/privacy\/\">Privacy Policy<\/a><\/td>\n<\/tr>\n<tr>\n<td width=\"508\">\n<p><strong>Youtube-Video-Widget (Google Inc.)<\/strong><\/p>\n<p>Youtube ist ein Dienst zur Anzeige von Videoinhalten, der von Google Inc. bereitgestellt wird und es dieser Anwendung erm\u00f6glicht, solche Inhalte auf ihren Seiten zu integrieren.<br \/>\nErhobene personenbezogene Daten: Cookies und Nutzungsdaten.<\/td>\n<td width=\"151\"><a href=\"https:\/\/www.youtube.com\/static?template=privacy_guidelines\">Privacy Policy<\/a><\/td>\n<\/tr>\n<tr>\n<td width=\"508\">\n<p><strong>&#8222;Gef\u00e4llt mir&#8220;-Schaltfl\u00e4che und soziale Widgets von Facebook (Facebook, Inc.)<\/strong><\/p>\n<p>Die &#8222;Gef\u00e4llt mir&#8220;-Schaltfl\u00e4che und die sozialen Widgets von Facebook sind Dienste zur Interaktion mit dem sozialen Netzwerk Facebook, die von Facebook, Inc. bereitgestellt werden.<\/p>\n<p>Erhobene personenbezogene Daten: Cookies und Nutzungsdaten.<\/td>\n<td width=\"151\"><a href=\"https:\/\/it-it.facebook.com\/policy.php\">Privacy Policy<\/a><\/td>\n<\/tr>\n<tr>\n<td width=\"508\">\n<p><strong>Tweet-Schaltfl\u00e4che und soziale Widgets von Twitter (Twitter, Inc.)<\/strong><\/p>\n<p>Die Tweet-Schaltfl\u00e4che und die sozialen Widgets von Twitter sind Dienste zur Interaktion mit dem sozialen Netzwerk Twitter, die von Twitter, Inc. bereitgestellt werden.<\/p>\n<p>Erhobene personenbezogene Daten: Cookies und Nutzungsdaten.<\/td>\n<td width=\"151\"><a href=\"https:\/\/twitter.com\/privacy?lang=it\">Privacy Policy<\/a><\/td>\n<\/tr>\n<tr>\n<td width=\"508\">\n<p><strong>Schaltfl\u00e4che und soziale Widgets von Linkedin (LinkedIn Corporation)<\/strong><\/p>\n<p>Die Schaltfl\u00e4che und die sozialen Widgets von LinkedIn sind Dienste zur Interaktion mit dem sozialen Netzwerk LinkedIn, die von LinkedIn Corporation bereitgestellt werden.<\/p>\n<p>Erhobene personenbezogene Daten: Cookies und Nutzungsdaten.<\/td>\n<td width=\"151\"><a href=\"https:\/\/www.linkedin.com\/legal\/privacy-policy\">Privacy Policy<\/a><\/td>\n<\/tr>\n<tr>\n<td width=\"508\">\n<p><strong>\u201ePin it\u201c-Schaltfl\u00e4che und soziale Widgets von Pinterest (Pinterest)<\/strong><\/p>\n<p>Die \u201ePin it\u201c-Schaltfl\u00e4che und die sozialen Widgets von Pinterest sind Dienste zur Interaktion mit der Plattform Pinterest, die von Pinterest Inc. bereitgestellt werden<\/p>\n<p>Erhobene personenbezogene Daten: Cookies und Nutzungsdaten.<\/td>\n<td width=\"151\"><a href=\"https:\/\/about.pinterest.com\/it\/privacy-policy\">Privacy Policy<\/a><\/td>\n<\/tr>\n<\/tbody>\n<\/table>\n<p>&nbsp;<\/p>\n<p><strong>WIE KANN MAN COOKIES DEAKTIVIEREN?<\/strong><\/p>\n<p>Die g\u00e4ngigen Browser (z. B. Internet Explorer, Firefox, Chrome, Safari) akzeptieren Cookies standardm\u00e4\u00dfig, jedoch kann der Nutzer diese Einstellung jederzeit \u00e4ndern. Dies gilt sowohl f\u00fcr PCs als auch f\u00fcr mobile Ger\u00e4te wie Tablets und Smartphones, da diese Funktion in der Regel weit verbreitet unterst\u00fctzt wird. Cookies k\u00f6nnen daher leicht deaktiviert oder abgeschaltet werden, indem man die Optionen oder Einstellungen des verwendeten Browsers aufruft. Es ist in der Regel auch m\u00f6glich, nur Cookies von Drittanbietern zu blockieren. Diese Einstellungen wirken sich in der Regel nur auf den jeweiligen Browser und das jeweilige Ger\u00e4t aus, es sei denn, es sind Optionen aktiviert, um Pr\u00e4ferenzen ger\u00e4te\u00fcbergreifend zu vereinheitlichen. Detaillierte Anweisungen finden sich in den Optionen oder der Hilfeseite (Help) des jeweiligen Browsers.<br \/>\nDie Deaktivierung technischer Cookies kann jedoch die vollst\u00e4ndige und\/oder korrekte Funktionalit\u00e4t verschiedener Websites, einschlie\u00dflich dieser Website, beeintr\u00e4chtigen.<br \/>\nIn der Regel bieten die heute verwendeten Browser:<\/p>\n<ul>\n<li>Eine &#8222;<strong>Do Not Track<\/strong>&#8222;-Option, die von einigen Websites unterst\u00fctzt wird (jedoch nicht von allen). Dadurch k\u00f6nnen bestimmte Websites aufh\u00f6ren, einige Navigationsdaten zu sammeln.<\/li>\n<li>Eine anonyme oder private Browsing-Option: In diesem Modus werden keine Daten im Browser gespeichert, einschlie\u00dflich der Navigationshistorie. Dennoch k\u00f6nnen die Navigationsdaten vom Betreiber der besuchten Website erfasst werden.<\/li>\n<li>Die M\u00f6glichkeit, gespeicherte Cookies teilweise oder vollst\u00e4ndig zu l\u00f6schen. Bei einem erneuten Besuch einer Website k\u00f6nnen jedoch, sofern diese Option nicht blockiert wird, erneut Cookies installiert werden.<\/li>\n<\/ul>\n<p>Nachfolgend finden Sie die Links zu den Support-Seiten der am h\u00e4ufigsten verwendeten Browser (mit Anweisungen zur Deaktivierung von Cookies in diesen Browsern):<\/p>\n<ul>\n<li><a href=\"https:\/\/support.google.com\/chrome\/answer\/95647?hl=en\">Google Chrome<\/a><\/li>\n<li><a href=\"https:\/\/support.microsoft.com\/en-us\/kb\/260971\">Internet Explorer<\/a><\/li>\n<li><a href=\"https:\/\/support.mozilla.org\/en-US\/kb\/cookies-information-websites-store-on-your-computer\">Mozilla Firefox<\/a><\/li>\n<li><a href=\"https:\/\/support.apple.com\/kb\/PH5042?locale=en_US\">Safari (Desktop)<\/a><\/li>\n<li><a href=\"https:\/\/support.apple.com\/en-us\/HT201265\">Safari (Mobile)<\/a><\/li>\n<li><a href=\"http:\/\/support.google.com\/ics\/nexus\/bin\/answer.py?hl=en&amp;answer=2425067\">Browser Android<\/a><\/li>\n<li><a href=\"http:\/\/www.opera.com\/help\">Opera<\/a><\/li>\n<li><a href=\"http:\/\/www.opera.com\/help\/mobile\/android#privacy\">Opera Mobile<\/a><\/li>\n<\/ul>\n<p>F\u00fcr andere Browser konsultieren Sie bitte die vom Hersteller bereitgestellte Dokumentation.<\/p>\n<p>&nbsp;<\/p>\n<p><strong>EMPF\u00c4NGER DER PERSONENBEZOGENEN DATEN<\/strong><\/p>\n<p>Die durch Cookies erhobenen Daten k\u00f6nnen verarbeitet werden:<\/p>\n<ul>\n<li>Von den Mitarbeitern und Mitarbeitern des Unternehmens als benannte und autorisierte Personen f\u00fcr die Datenverarbeitung;<\/li>\n<li>Von Dritten, denen die Durchf\u00fchrung technischer Vorg\u00e4nge auf unserer Website \u00fcbertragen wurde.<\/li>\n<\/ul>\n<p>Diese Datenschutzerkl\u00e4rung wurde zuletzt am 09.10.2020 aktualisiert. Dieses Update erfolgt im Rahmen einer Politik der kontinuierlichen \u00dcberarbeitung der Datenschutzrichtlinien.[\/vc_column_text][\/vc_column][\/vc_row]<\/p>\n<\/div>","protected":false},"excerpt":{"rendered":"<p>[vc_row][vc_column][vc_column_text css=&#8220;&#8220;]COOKIE-RICHTLINIE Erg\u00e4nzend zur Datenschutzrichtlinie der Website von LEVICO ACQUE S.B. S.R.L., in ihrer Funktion als Datenverantwortlicher, informiert das Unternehmen gem\u00e4\u00df Artikel 13 der Verordnung (EU) 2016\/679 und der Verf\u00fcgung<\/p>\n","protected":false},"author":2,"featured_media":0,"parent":0,"menu_order":0,"comment_status":"closed","ping_status":"open","template":"","meta":{"_acf_changed":false,"footnotes":""},"class_list":["post-6146","page","type-page","status-publish","hentry"],"acf":[],"yoast_head":"<!-- This site is optimized with the Yoast SEO plugin v27.4 - https:\/\/yoast.com\/product\/yoast-seo-wordpress\/ -->\n<title>COOKIE-RICHTLINIE - Levico<\/title>\n<meta name=\"description\" content=\"Cookie-Richtlinie der Levico Acque-Website\" \/>\n<meta name=\"robots\" content=\"index, follow, max-snippet:-1, max-image-preview:large, max-video-preview:-1\" \/>\n<link rel=\"canonical\" href=\"https:\/\/www.levicoacque.it\/de\/cookie-richtlinie\/\" \/>\n<meta property=\"og:locale\" content=\"de_DE\" \/>\n<meta property=\"og:type\" content=\"article\" \/>\n<meta property=\"og:title\" content=\"COOKIE-RICHTLINIE - Levico\" \/>\n<meta property=\"og:description\" content=\"Cookie-Richtlinie der Levico Acque-Website\" \/>\n<meta property=\"og:url\" content=\"https:\/\/www.levicoacque.it\/de\/cookie-richtlinie\/\" \/>\n<meta property=\"og:site_name\" content=\"Levico\" \/>\n<meta name=\"twitter:card\" content=\"summary_large_image\" \/>\n<meta name=\"twitter:label1\" content=\"Gesch\u00e4tzte Lesezeit\" \/>\n\t<meta name=\"twitter:data1\" content=\"10\u00a0Minuten\" \/>\n<script type=\"application\/ld+json\" class=\"yoast-schema-graph\">{\"@context\":\"https:\\\/\\\/schema.org\",\"@graph\":[{\"@type\":\"WebPage\",\"@id\":\"https:\\\/\\\/www.levicoacque.it\\\/de\\\/cookie-richtlinie\\\/\",\"url\":\"https:\\\/\\\/www.levicoacque.it\\\/de\\\/cookie-richtlinie\\\/\",\"name\":\"COOKIE-RICHTLINIE - Levico\",\"isPartOf\":{\"@id\":\"https:\\\/\\\/www.levicoacque.it\\\/de\\\/#website\"},\"datePublished\":\"2024-12-02T08:25:05+00:00\",\"description\":\"Cookie-Richtlinie der Levico Acque-Website\",\"breadcrumb\":{\"@id\":\"https:\\\/\\\/www.levicoacque.it\\\/de\\\/cookie-richtlinie\\\/#breadcrumb\"},\"inLanguage\":\"de\",\"potentialAction\":[{\"@type\":\"ReadAction\",\"target\":[\"https:\\\/\\\/www.levicoacque.it\\\/de\\\/cookie-richtlinie\\\/\"]}]},{\"@type\":\"BreadcrumbList\",\"@id\":\"https:\\\/\\\/www.levicoacque.it\\\/de\\\/cookie-richtlinie\\\/#breadcrumb\",\"itemListElement\":[{\"@type\":\"ListItem\",\"position\":1,\"name\":\"Home\",\"item\":\"https:\\\/\\\/www.levicoacque.it\\\/de\\\/home\\\/\"},{\"@type\":\"ListItem\",\"position\":2,\"name\":\"COOKIE-RICHTLINIE\"}]},{\"@type\":\"WebSite\",\"@id\":\"https:\\\/\\\/www.levicoacque.it\\\/de\\\/#website\",\"url\":\"https:\\\/\\\/www.levicoacque.it\\\/de\\\/\",\"name\":\"Levico\",\"description\":\"Acqua Levico, acqua minerale pura e leggerissima\",\"potentialAction\":[{\"@type\":\"SearchAction\",\"target\":{\"@type\":\"EntryPoint\",\"urlTemplate\":\"https:\\\/\\\/www.levicoacque.it\\\/de\\\/?s={search_term_string}\"},\"query-input\":{\"@type\":\"PropertyValueSpecification\",\"valueRequired\":true,\"valueName\":\"search_term_string\"}}],\"inLanguage\":\"de\"}]}<\/script>\n<!-- \/ Yoast SEO plugin. -->","yoast_head_json":{"title":"COOKIE-RICHTLINIE - Levico","description":"Cookie-Richtlinie der Levico Acque-Website","robots":{"index":"index","follow":"follow","max-snippet":"max-snippet:-1","max-image-preview":"max-image-preview:large","max-video-preview":"max-video-preview:-1"},"canonical":"https:\/\/www.levicoacque.it\/de\/cookie-richtlinie\/","og_locale":"de_DE","og_type":"article","og_title":"COOKIE-RICHTLINIE - Levico","og_description":"Cookie-Richtlinie der Levico Acque-Website","og_url":"https:\/\/www.levicoacque.it\/de\/cookie-richtlinie\/","og_site_name":"Levico","twitter_card":"summary_large_image","twitter_misc":{"Gesch\u00e4tzte Lesezeit":"10\u00a0Minuten"},"schema":{"@context":"https:\/\/schema.org","@graph":[{"@type":"WebPage","@id":"https:\/\/www.levicoacque.it\/de\/cookie-richtlinie\/","url":"https:\/\/www.levicoacque.it\/de\/cookie-richtlinie\/","name":"COOKIE-RICHTLINIE - Levico","isPartOf":{"@id":"https:\/\/www.levicoacque.it\/de\/#website"},"datePublished":"2024-12-02T08:25:05+00:00","description":"Cookie-Richtlinie der Levico Acque-Website","breadcrumb":{"@id":"https:\/\/www.levicoacque.it\/de\/cookie-richtlinie\/#breadcrumb"},"inLanguage":"de","potentialAction":[{"@type":"ReadAction","target":["https:\/\/www.levicoacque.it\/de\/cookie-richtlinie\/"]}]},{"@type":"BreadcrumbList","@id":"https:\/\/www.levicoacque.it\/de\/cookie-richtlinie\/#breadcrumb","itemListElement":[{"@type":"ListItem","position":1,"name":"Home","item":"https:\/\/www.levicoacque.it\/de\/home\/"},{"@type":"ListItem","position":2,"name":"COOKIE-RICHTLINIE"}]},{"@type":"WebSite","@id":"https:\/\/www.levicoacque.it\/de\/#website","url":"https:\/\/www.levicoacque.it\/de\/","name":"Levico","description":"Acqua Levico, acqua minerale pura e leggerissima","potentialAction":[{"@type":"SearchAction","target":{"@type":"EntryPoint","urlTemplate":"https:\/\/www.levicoacque.it\/de\/?s={search_term_string}"},"query-input":{"@type":"PropertyValueSpecification","valueRequired":true,"valueName":"search_term_string"}}],"inLanguage":"de"}]}},"_links":{"self":[{"href":"https:\/\/www.levicoacque.it\/de\/wp-json\/wp\/v2\/pages\/6146","targetHints":{"allow":["GET"]}}],"collection":[{"href":"https:\/\/www.levicoacque.it\/de\/wp-json\/wp\/v2\/pages"}],"about":[{"href":"https:\/\/www.levicoacque.it\/de\/wp-json\/wp\/v2\/types\/page"}],"author":[{"embeddable":true,"href":"https:\/\/www.levicoacque.it\/de\/wp-json\/wp\/v2\/users\/2"}],"replies":[{"embeddable":true,"href":"https:\/\/www.levicoacque.it\/de\/wp-json\/wp\/v2\/comments?post=6146"}],"version-history":[{"count":7,"href":"https:\/\/www.levicoacque.it\/de\/wp-json\/wp\/v2\/pages\/6146\/revisions"}],"predecessor-version":[{"id":25637,"href":"https:\/\/www.levicoacque.it\/de\/wp-json\/wp\/v2\/pages\/6146\/revisions\/25637"}],"wp:attachment":[{"href":"https:\/\/www.levicoacque.it\/de\/wp-json\/wp\/v2\/media?parent=6146"}],"curies":[{"name":"wp","href":"https:\/\/api.w.org\/{rel}","templated":true}]}}